{"id":99,"date":"2025-09-03T09:15:21","date_gmt":"2025-09-03T09:15:21","guid":{"rendered":"https:\/\/www.neustartfinanz.com\/?page_id=99"},"modified":"2025-09-30T13:19:56","modified_gmt":"2025-09-30T13:19:56","slug":"datenschutzerklarung","status":"publish","type":"page","link":"https:\/\/www.neustartfinanz.com\/index.php\/datenschutzerklarung\/","title":{"rendered":"Datenschutzerkl\u00e4rung"},"content":{"rendered":"<p style=\"text-align: left;\"><span style=\"color: #000000;\">Der Schutz Ihrer Daten ist uns sehr wichtig. Daher verarbeiten wir Ihre Daten nur im Rahmen der geltenden Datenschutzgesetze und sch\u00fctzen sie nach dem Stand der Technik. Nachfolgend m\u00f6chten wir Sie \u00fcber die Verarbeitung Ihrer personenbezogenen Daten auf unseren Webseiten und \u00fcber Ihre Rechte aus dem Datenschutz informieren. Hinweise zur Verarbeitung Ihrer Daten als Kunden finden Sie dar\u00fcber hinaus auf www.datenschutz.dvag<\/span><\/p>\n<ol>\n<li><span style=\"color: #000000;\">Verantwortlicher<\/span><br \/>\n<span style=\"color: #000000;\">&#8211; [Ihr Firmenname]<\/span><br \/>\n<span style=\"color: #000000;\">&#8211; [Adresse]<\/span><br \/>\n<span style=\"color: #000000;\">&#8211; [Telefonnummer]<\/span><br \/>\n<span style=\"color: #000000;\">&#8211; [E-Mail-Adresse]<br \/>\nVerantwortlich im Sinne der DSGVO: [Name, ggf. Gesch\u00e4ftsf\u00fchrer] <\/span><\/li>\n<li><span style=\"color: #000000;\">Erhebung und Speicherung personenbezogener Daten sowie Art und Zweck der Verwendung <\/span><br \/>\n<span style=\"color: #000000;\">Wir verarbeiten personenbezogene Daten, wenn Sie:<\/span><\/li>\n<\/ol>\n<p style=\"padding-left: 40px;\"><span style=\"color: #000000;\">&#8211; unsere website becuchen<\/span><br \/>\n<span style=\"color: #000000;\">&#8211; unser Kontakformular nutzen,<\/span><br \/>\n<span style=\"color: #000000;\">&#8211; sich f\u00fcr unsere Finanzdienstleistungen registrieren<\/span><br \/>\n<span style=\"color: #000000;\">&#8211; uns per E-Mail kontaktieren<\/span><\/p>\n<p>unsere Website besuchen,<\/p>\n<ul>\n<li style=\"list-style-type: none;\">\n<ul>\n<li><span style=\"color: #000000;\">unser Kontaktformular nutzen,<\/span><\/li>\n<li><span style=\"color: #000000;\">sich f\u00fcr unsere Finanzdienstleistungen registrieren oder<\/span><\/li>\n<li><span style=\"color: #000000;\">uns per E-Mail kontaktieren.<\/span><\/li>\n<\/ul>\n<\/li>\n<\/ul>\n<p>Folgende Daten k\u00f6nnen dabei erhoben werden:<\/p>\n<ul>\n<li style=\"list-style-type: none;\">\n<ul>\n<li><span style=\"color: #000000;\">Name, Vorname<\/span><\/li>\n<li><span style=\"color: #000000;\">Adresse<\/span><\/li>\n<li><span style=\"color: #000000;\">Telefonnummer<\/span><\/li>\n<li><span style=\"color: #000000;\">E-Mail-Adresse<\/span><\/li>\n<li><span style=\"color: #000000;\">Bankdaten (falls erforderlich zur Vertragserf\u00fcllung)<\/span><\/li>\n<\/ul>\n<\/li>\n<\/ul>\n<p><span style=\"color: #000000;\">Die Verarbeitung erfolgt zu folgenden Zwecken:<\/span><\/p>\n<ul>\n<li style=\"list-style-type: none;\">\n<ul>\n<li><span style=\"color: #000000;\">Bearbeitung Ihrer Anfrage<\/span><\/li>\n<li><span style=\"color: #000000;\">Vertragserf\u00fcllung<\/span><\/li>\n<li><span style=\"color: #000000;\">Erf\u00fcllung gesetzlicher Pflichten (z. B. nach dem Geldw\u00e4schegesetz)<\/span><\/li>\n<li><span style=\"color: #000000;\">Marketing und Kundenbetreuung (nur mit Ihrer Einwilligung)<\/span><\/li>\n<\/ul>\n<\/li>\n<\/ul>\n<p><span style=\"color: #000000;\">3. Rechtsgrundlagen<br \/>\n<\/span><span style=\"color: #000000;\">Die Datenverarbeitung erfolgt auf Grundlage von:<\/span><br \/>\n<span style=\"color: #000000;\">&#8211; Art. 6 Abs. 1 lit. b DSGVO (Vertragserf\u00fcllung)<\/span><br \/>\n<span style=\"color: #000000;\">&#8211; Art. 6 Abs. 1 lit. c DSGVO (gesetzliche Verpflichtung)<\/span><br \/>\n<span style=\"color: #000000;\">&#8211; Art. 6 Abs. 1 lit. f DSGVO (berechtigtes Interesse)<\/span><br \/>\n<span style=\"color: #000000;\">&#8211; Art. 6 Abs. 1 lit. a DSGVO (Einwilligung)<\/span><\/p>\n<p><span style=\"color: #000000;\">4. Weitergabe von Daten<\/span><br \/>\n<span style=\"color: #000000;\">Ihre personenbezogenen Daten werden nicht an Dritte weitergegeben, au\u00dfer:<\/span><br \/>\n<span style=\"color: #000000;\">&#8211; zur Vertragserf\u00fcllung (z. B. Banken, Versicherungen)<\/span><br \/>\n<span style=\"color: #000000;\">&#8211; wenn wir gesetzlich dazu verpflichtet sind<\/span><br \/>\n<span style=\"color: #000000;\">&#8211; wenn Sie ausdr\u00fccklich eingewilligt haben<\/span><\/p>\n<p><span style=\"color: #000000;\">5. Speicherdauer<\/span><br \/>\n<span style=\"color: #000000;\">Wir speichern personenbezogene Daten nur so lange, wie dies f\u00fcr die genannten Zwecke erforderlich ist oder wir gesetzlich dazu verpflichtet sind.<\/span><\/p>\n<p><span style=\"color: #000000;\">6. Ihre Rechte<\/span><br \/>\n<span style=\"color: #000000;\">Sie haben das Recht auf:<\/span><br \/>\n<span style=\"color: #000000;\">&#8211; Auskunft (Art. 15 DSGVO)<\/span><br \/>\n<span style=\"color: #000000;\">&#8211; Berichtigung (Art. 16 DSGVO)<\/span><br \/>\n<span style=\"color: #000000;\">&#8211; L\u00f6schung (Art. 17 DSGVO)<\/span><br \/>\n<span style=\"color: #000000;\">&#8211; Einschr\u00e4nkung der Verarbeitung (Art. 18 DSGVO)<\/span><br \/>\n<span style=\"color: #000000;\">&#8211; Daten\u00fcbertragbarkeit (Art. 20 DSGVO)<\/span><br \/>\n<span style=\"color: #000000;\">&#8211; Widerspruch (Art. 21 DSGVO)<\/span><br \/>\n<span style=\"color: #000000;\">Bitte wenden Sie sich hierzu an: [Ihre Kontaktadresse]<\/span><\/p>\n<p><span style=\"color: #000000;\">7. Datensicherheit<\/span><br \/>\n<span style=\"color: #000000;\">Wir verwenden technische und organisatorische Sicherheitsma\u00dfnahmen, um Ihre Daten gegen Manipulation, Verlust, Zerst\u00f6rung oder unbefugten Zugriff zu sch\u00fctzen.<\/span><\/p>\n<p><span style=\"color: #000000;\">8. Cookies &amp; Tracking<\/span><br \/>\n<span style=\"color: #000000;\">Unsere Website verwendet Cookies, um die Nutzerfreundlichkeit zu verbessern. Sie k\u00f6nnen die Speicherung von Cookies in Ihrem Browser deaktivieren.<\/span><\/p>\n<p><span style=\"color: #000000;\">9. \u00c4nderungen der Datenschutzerkl\u00e4rung<\/span><br \/>\n<span style=\"color: #000000;\">Wir behalten uns vor, diese Datenschutzerkl\u00e4rung jederzeit anzupassen, damit sie stets den aktuellen rechtlichen Anforderungen entspricht.<\/span><\/p>\n","protected":false},"excerpt":{"rendered":"<p>Der Schutz Ihrer Daten ist uns sehr wichtig. Daher verarbeiten wir Ihre Daten nur im Rahmen der geltenden Datenschutzgesetze und sch\u00fctzen sie nach dem Stand der Technik. Nachfolgend m\u00f6chten wir Sie \u00fcber die Verarbeitung Ihrer personenbezogenen Daten auf unseren Webseiten und \u00fcber Ihre Rechte aus dem Datenschutz informieren. Hinweise zur Verarbeitung Ihrer Daten als Kunden&nbsp;&hellip;<\/p>\n","protected":false},"author":1,"featured_media":0,"parent":0,"menu_order":0,"comment_status":"closed","ping_status":"closed","template":"","meta":{"footnotes":""},"class_list":["post-99","page","type-page","status-publish","hentry"],"_links":{"self":[{"href":"https:\/\/www.neustartfinanz.com\/index.php\/wp-json\/wp\/v2\/pages\/99","targetHints":{"allow":["GET"]}}],"collection":[{"href":"https:\/\/www.neustartfinanz.com\/index.php\/wp-json\/wp\/v2\/pages"}],"about":[{"href":"https:\/\/www.neustartfinanz.com\/index.php\/wp-json\/wp\/v2\/types\/page"}],"author":[{"embeddable":true,"href":"https:\/\/www.neustartfinanz.com\/index.php\/wp-json\/wp\/v2\/users\/1"}],"replies":[{"embeddable":true,"href":"https:\/\/www.neustartfinanz.com\/index.php\/wp-json\/wp\/v2\/comments?post=99"}],"version-history":[{"count":8,"href":"https:\/\/www.neustartfinanz.com\/index.php\/wp-json\/wp\/v2\/pages\/99\/revisions"}],"predecessor-version":[{"id":514,"href":"https:\/\/www.neustartfinanz.com\/index.php\/wp-json\/wp\/v2\/pages\/99\/revisions\/514"}],"wp:attachment":[{"href":"https:\/\/www.neustartfinanz.com\/index.php\/wp-json\/wp\/v2\/media?parent=99"}],"curies":[{"name":"wp","href":"https:\/\/api.w.org\/{rel}","templated":true}]}}