{"id":520,"date":"2025-10-08T17:43:07","date_gmt":"2025-10-08T17:43:07","guid":{"rendered":"https:\/\/www.neustartfinanz.com\/?page_id=520"},"modified":"2025-10-08T18:07:23","modified_gmt":"2025-10-08T18:07:23","slug":"varlik-guvence-policesi-vsp","status":"publish","type":"page","link":"https:\/\/www.neustartfinanz.com\/index.php\/varlik-guvence-policesi-vsp\/","title":{"rendered":"Varl\u0131k G\u00fcvence Poli\u00e7esi (VSP)"},"content":{"rendered":"<div class=\"page\" title=\"Page 1\">\n<div class=\"layoutArea\">\n<div class=\"column\">\n<p style=\"text-align: justify;\"><span style=\"color: #000000;\">Varl\u0131k G\u00fcvence Poli\u00e7esi (VSP), kapsaml\u0131 bir sigorta paketidir. <\/span><span style=\"color: #000000;\">Tek bir poli\u00e7e icinde s\u0327u teminatlar yer al\u0131r:<\/span><\/p>\n<ol style=\"text-align: justify;\">\n<li><span style=\"color: #000000;\">\u00d6zel Sorumluluk (Privathaftpflicht)<\/span><\/li>\n<li><span style=\"color: #000000;\">Kaza (Unfallversicherung)<\/span><\/li>\n<li><span style=\"color: #000000;\">Ev Es\u0327yas\u0131 (Hausratversicherung)<\/span><\/li>\n<li><span style=\"color: #000000;\">Ev Cam\u0131 (Haushalt-Glasversicherung)<\/span><\/li>\n<li><span style=\"color: #000000;\">Ek olarak Konut, Fotovoltaik, Seyahat ve Sag\u0306l\u0131k teminatlar\u0131 secilebilir. Hukuk Koruma Sigortas\u0131 da paketi tamamlar.<\/span><\/li>\n<\/ol>\n<p style=\"text-align: justify;\"><span style=\"color: #000000;\"><strong>\u00d6zel Sorumluluk Sigortas\u0131 (Privathaftpflicht)<\/strong><\/span><br \/>\n<span style=\"color: #000000;\">K\u00fc\u00e7\u00fck bir hata b\u00fcy\u00fck zarara yol a\u00e7abilir. Sigorta s\u0327irketiniz bu t\u00fcr zararlar\u0131n mali sorumlulug\u0306unu \u00fcstlenir.<\/span><br \/>\n<span style=\"color: #000000;\">\u00d6rneg\u0306in anahtar kayb\u0131, arkadas\u0327\u0131n arabas\u0131nda kaza, cocug\u0306un top oynamas\u0131 sonucu cam k\u0131r\u0131lmas\u0131 vb.<\/span><\/p>\n<p style=\"text-align: justify;\"><span style=\"color: #000000;\">Avantajlar:<\/span><\/p>\n<ul style=\"text-align: justify;\">\n<li><span style=\"color: #000000;\">50 milyon \u20ac teminat<\/span><\/li>\n<li><span style=\"color: #000000;\">Hanedeki herkes dahil<\/span><\/li>\n<li><span style=\"color: #000000;\">7 yas\u0327 alt\u0131 cocuk zararlar\u0131 bile teminatl\u0131<\/span><\/li>\n<li><span style=\"color: #000000;\">Anahtar kayb\u0131 ve iyilik amacl\u0131 yard\u0131mlar da kapsan\u0131r. KAZA SI\u0307GORTASI (Unfallversicherung)<\/span><\/li>\n<\/ul>\n<p style=\"text-align: justify;\"><span style=\"color: #000000;\">Evde, is\u0327te veya tatilde fark etmez kaza sonras\u0131 maddi g\u00fcvence sag\u0306lar.<\/span><br \/>\n<span style=\"color: #000000;\">\u00d6ne \u00e7\u0131kanlar: 1000% progresyon, kozmetik operasyon masraflar\u0131, rehabilitasyon desteg\u0306i, alkol kaynakl\u0131 kazalar teminatl\u0131.<\/span><\/p>\n<p style=\"text-align: justify;\"><span style=\"color: #000000;\"><strong>Ev E\u015fyas\u0131 Sigortas\u0131 (Hausrat)<\/strong><\/span><br \/>\n<span style=\"color: #000000;\">Yang\u0131n, su bask\u0131n\u0131, h\u0131rs\u0131zl\u0131k veya f\u0131rt\u0131na sonras\u0131 t\u00fcm es\u0327yalar yeni deg\u0306eriyle kars\u0327\u0131lan\u0131r. <span style=\"font-size: revert; font-family: -apple-system, BlinkMacSystemFont, 'Segoe UI', Roboto, Oxygen-Sans, Ubuntu, Cantarell, 'Helvetica Neue', sans-serif;\">Metrekareye g\u00f6re hesaplan\u0131r, s\u0131n\u0131rs\u0131z teminat sunar. D\u00fcnya genelinde bisiklet h\u0131rs\u0131zl\u0131g\u0306\u0131 da kapsan\u0131r.<\/span><\/span><\/p>\n<div class=\"page\" title=\"Page 2\">\n<div class=\"layoutArea\">\n<div class=\"column\">\n<p style=\"text-align: justify;\"><span style=\"color: #000000;\"><strong>Cam Sigortas\u0131 (Haushalt-Glas)<\/strong><\/span><br \/>\n<span style=\"color: #000000;\">Cam, ocak, pencere veya ekran k\u0131r\u0131lmas\u0131 durumunda masraflar\u0131 sigortan\u0131z kars\u0327\u0131lar.<\/span><\/p>\n<p style=\"text-align: justify;\"><span style=\"color: #000000;\"><strong>Seyahat Sigortas\u0131 (Reiseversicherung)<\/strong><\/span><br \/>\n<span style=\"color: #000000;\">Seyahat iptali, bagaj kayb\u0131, hastal\u0131k gibi durumlarda d\u00fcnya \u00e7ap\u0131nda koruma sag\u0306lar.<\/span><\/p>\n<p style=\"text-align: justify;\"><span style=\"color: #000000;\"><strong>Konut Sigortas\u0131 (Wohngebaude)<\/strong><\/span><br \/>\n<span style=\"color: #000000;\">Yang\u0131n, sel, f\u0131rt\u0131na gibi felaketlerde evinizi yeniden ins\u0327a etmenizi sag\u0306lar. I\u0307steg\u0306e bag\u0306l\u0131 XXL modulu vandalizm ve kus\u0327 zararlar\u0131n\u0131 da kapsar.<\/span><\/p>\n<p style=\"text-align: justify;\"><span style=\"color: #000000;\"><strong>Fotovoltaik (G\u00fcne\u015f Paneli) Sigortas\u0131<\/strong><\/span><br \/>\n<span style=\"color: #000000;\">Panel, inverter, kablo, batarya dahil tum biles\u0327enler sigortal\u0131d\u0131r. Ayr\u0131ca 6 aya kadar uretim kayb\u0131 tazminat\u0131 \u00f6denir.<\/span><\/p>\n<p style=\"text-align: justify;\"><span style=\"color: #000000;\"><strong>Hukuk Koruma<\/strong><\/span><br \/>\n<span style=\"color: #000000;\">I\u0307s\u0327, kira, trafik veya s\u00f6zles\u0327me uyus\u0327mazl\u0131klar\u0131nda 7\/24 avukat desteg\u0306i sunar.<\/span><\/p>\n<p style=\"text-align: justify;\"><span style=\"color: #000000;\"><strong>Sa\u011fl\u0131k (Mein Plan)<\/strong><\/span><br \/>\n<span style=\"color: #000000;\">Dis\u0327, g\u00f6zl\u00fck, yurtd\u0131s\u0327\u0131 tedavi gibi ek korumalar i\u00e7erir. Plan 1V, 2V, 3V se\u00e7enekleriyle %90\u2019a kadar geri odeme sunar.<\/span><\/p>\n<p style=\"text-align: justify;\"><span style=\"color: #ff0000;\"><em><strong>Ek \u00d6zellikler<\/strong><\/em><\/span><br \/>\n<span style=\"color: #000000;\">Fark kapatma teminat\u0131 \u2013 mevcut poli\u00e7enizde olmayan teminatlar\u0131 hemen ekler. En iyi performans garantisi dig\u0306er sigortadan daha iyi kos\u0327ullar\u0131 sag\u0306lar.<\/span><br \/>\n<span style=\"color: #000000;\">Bonuslar \u2013 %10\u2019a varan VSP, mus\u0327teri ve kaza bonusu.<\/span><\/p>\n<p style=\"text-align: justify;\"><span style=\"color: #ff0000;\"><em><strong>Sonu\u00e7<\/strong><\/em><\/span><br \/>\n<span style=\"color: #000000;\">Varl\u0131k G\u00fcvence Poli\u00e7esi (VSP), bireylerin ve ailelerin tum maddi deg\u0306erlerini tek bir police alt\u0131nda korur. Yas\u0327am kos\u0327ullar\u0131na gore kolayca g\u00fcncellenebilir. Tum sigortalar tek elden y\u00f6netilir. Bu sayede hem zaman hem maliyet avantaj\u0131 sag\u0306lar.<\/span><\/p>\n<\/div>\n<\/div>\n<\/div>\n<\/div>\n<\/div>\n<\/div>\n","protected":false},"excerpt":{"rendered":"<p>Varl\u0131k G\u00fcvence Poli\u00e7esi (VSP), kapsaml\u0131 bir sigorta paketidir. Tek bir poli\u00e7e icinde s\u0327u teminatlar yer al\u0131r: \u00d6zel Sorumluluk (Privathaftpflicht) Kaza (Unfallversicherung) Ev Es\u0327yas\u0131 (Hausratversicherung) Ev Cam\u0131 (Haushalt-Glasversicherung) Ek olarak Konut, Fotovoltaik, Seyahat ve Sag\u0306l\u0131k teminatlar\u0131 secilebilir. Hukuk Koruma Sigortas\u0131 da paketi tamamlar. \u00d6zel Sorumluluk Sigortas\u0131 (Privathaftpflicht) K\u00fc\u00e7\u00fck bir hata b\u00fcy\u00fck zarara yol a\u00e7abilir. Sigorta s\u0327irketiniz&nbsp;&hellip;<\/p>\n","protected":false},"author":1,"featured_media":527,"parent":0,"menu_order":0,"comment_status":"closed","ping_status":"closed","template":"","meta":{"footnotes":""},"class_list":["post-520","page","type-page","status-publish","has-post-thumbnail","hentry"],"_links":{"self":[{"href":"https:\/\/www.neustartfinanz.com\/index.php\/wp-json\/wp\/v2\/pages\/520","targetHints":{"allow":["GET"]}}],"collection":[{"href":"https:\/\/www.neustartfinanz.com\/index.php\/wp-json\/wp\/v2\/pages"}],"about":[{"href":"https:\/\/www.neustartfinanz.com\/index.php\/wp-json\/wp\/v2\/types\/page"}],"author":[{"embeddable":true,"href":"https:\/\/www.neustartfinanz.com\/index.php\/wp-json\/wp\/v2\/users\/1"}],"replies":[{"embeddable":true,"href":"https:\/\/www.neustartfinanz.com\/index.php\/wp-json\/wp\/v2\/comments?post=520"}],"version-history":[{"count":6,"href":"https:\/\/www.neustartfinanz.com\/index.php\/wp-json\/wp\/v2\/pages\/520\/revisions"}],"predecessor-version":[{"id":530,"href":"https:\/\/www.neustartfinanz.com\/index.php\/wp-json\/wp\/v2\/pages\/520\/revisions\/530"}],"wp:featuredmedia":[{"embeddable":true,"href":"https:\/\/www.neustartfinanz.com\/index.php\/wp-json\/wp\/v2\/media\/527"}],"wp:attachment":[{"href":"https:\/\/www.neustartfinanz.com\/index.php\/wp-json\/wp\/v2\/media?parent=520"}],"curies":[{"name":"wp","href":"https:\/\/api.w.org\/{rel}","templated":true}]}}