{"id":439,"date":"2025-09-15T10:27:07","date_gmt":"2025-09-15T10:27:07","guid":{"rendered":"https:\/\/www.neustartfinanz.com\/?page_id=439"},"modified":"2025-09-15T12:05:28","modified_gmt":"2025-09-15T12:05:28","slug":"kredi-urunleri","status":"publish","type":"page","link":"https:\/\/www.neustartfinanz.com\/index.php\/kredi-urunleri\/","title":{"rendered":"Kredi \u00dcr\u00fcnleri"},"content":{"rendered":"\n<div class=\"wp-block-group\"><div class=\"wp-block-group__inner-container is-layout-constrained wp-block-group-is-layout-constrained\">\n<div class=\"wp-block-columns is-layout-flex wp-container-core-columns-is-layout-9d6595d7 wp-block-columns-is-layout-flex\">\n<div class=\"wp-block-column is-layout-flow wp-block-column-is-layout-flow\" style=\"flex-basis:100%\">\n<section id=\"section-5f04596a-1dd0-47cf-8c90-8825c48c74f7\" class=\"wp-block-gutentor-image-box gutentor-section gutentor-image-wrapper imagebox-template1 has-color-bg has-custom-bg\"><div class=\"grid-container\"><div class=\"grid-row gutentor-grid-item-wrap\"><div class=\"gutentor-grid-column grid-lg-4 grid-md-4 grid-12\"><div class=\"gutentor-single-item gutentor-image gutentor-single-item-0\"><div class=\"gutentor-single-item-wrap\"><div class=\"gutentor-single-item-image-box\"><div class=\"gutentor-image-thumb\"><img loading=\"lazy\" decoding=\"async\" class=\"normal-image\" src=\"http:\/\/www.neustartfinanz.com\/wp-content\/uploads\/2025\/09\/cropped-Privatkredit-HD.jpg\" alt=\"\" height=\"704\" width=\"1199\" \/><\/div><\/div><div class=\"gutentor-single-item-content\"><h3 class=\"gutentor-single-item-title\"> Ki\u015fisel Kredi<\/h3><p class=\"gutentor-single-item-desc\">Almanya&#8217;da yeni bir hayat kurmak, heyecan verici oldu\u011fu kadar bazen de beklenmedik mali durumlar\u0131 beraberinde getirebilir.<\/p><\/div><\/div><\/div><\/div><div class=\"gutentor-grid-column grid-lg-4 grid-md-4 grid-12\"><div class=\"gutentor-single-item gutentor-image gutentor-single-item-1\"><div class=\"gutentor-single-item-wrap\"><div class=\"gutentor-single-item-image-box\"><div class=\"gutentor-image-thumb\"><img loading=\"lazy\" decoding=\"async\" class=\"normal-image\" src=\"http:\/\/www.neustartfinanz.com\/wp-content\/uploads\/2025\/09\/cropped-Arac-Kredisi-HD.jpg\" alt=\"\" height=\"813\" width=\"1384\" \/><\/div><\/div><div class=\"gutentor-single-item-content\"><h3 class=\"gutentor-single-item-title\">Ara\u00e7 Kredisi<\/h3><p class=\"gutentor-single-item-desc\">Almanya&#8217;n\u0131n sonsuz otobanlar\u0131nda r\u00fczgar\u0131 hissetmeyi, \u015fehrin ke\u015fmeke\u015finden ka\u00e7\u0131p do\u011fan\u0131n ye\u015filine dalmay\u0131, ailenizle pazar gezintilerinin&#8230;<\/p><\/div><\/div><\/div><\/div><div class=\"gutentor-grid-column grid-lg-4 grid-md-4 grid-12\"><div class=\"gutentor-single-item gutentor-image gutentor-single-item-2\"><div class=\"gutentor-single-item-wrap\"><div class=\"gutentor-single-item-image-box\"><div class=\"gutentor-image-thumb\"><img loading=\"lazy\" decoding=\"async\" class=\"normal-image\" src=\"http:\/\/www.neustartfinanz.com\/wp-content\/uploads\/2025\/09\/cropped-Tadilat-Kredisi-HD.jpg\" alt=\"\" height=\"764\" width=\"1299\" \/><\/div><\/div><div class=\"gutentor-single-item-content\"><h3 class=\"gutentor-single-item-title\">Tadilat Kredisi<\/h3><p class=\"gutentor-single-item-desc\">Almanya\u2019da kiralad\u0131\u011f\u0131n\u0131z ya da sat\u0131n ald\u0131\u011f\u0131n\u0131z o ev, sadece d\u00f6rt duvardan ibaret de\u011fil. O, g\u00fcn\u00fcn yorgunlu\u011funu att\u0131\u011f\u0131n\u0131z, sevdiklerinizle kahkahalar\u0131n&#8230;<\/p><\/div><\/div><\/div><\/div><div class=\"gutentor-grid-column grid-lg-4 grid-md-4 grid-12\"><div class=\"gutentor-single-item gutentor-image gutentor-single-item-3\"><div class=\"gutentor-single-item-wrap\"><div class=\"gutentor-single-item-image-box\"><div class=\"gutentor-image-thumb\"><img loading=\"lazy\" decoding=\"async\" class=\"normal-image\" src=\"http:\/\/www.neustartfinanz.com\/wp-content\/uploads\/2025\/09\/cropped-Konut-Kredisi-HD.jpg\" alt=\"\" height=\"762\" width=\"1299\" \/><\/div><\/div><div class=\"gutentor-single-item-content\"><h3 class=\"gutentor-single-item-title\">Konut Kredisi<\/h3><p class=\"gutentor-single-item-desc\">Hayat\u0131n\u0131z\u0131 buraya, Almanya\u2019ya ta\u015f\u0131d\u0131n\u0131z. Emek verdiniz, uyum sa\u011flad\u0131n\u0131z ve kendinize yeni bir hayat kurdunuz. Peki ya bu hayat\u0131n en \u00f6nemli par\u00e7as\u0131 neden hala bir ba\u015fkas\u0131n\u0131n evinde ya\u015fas\u0131n?\u00a0<\/p><\/div><\/div><\/div><\/div><div class=\"gutentor-grid-column grid-lg-4 grid-md-4 grid-12\"><div class=\"gutentor-single-item gutentor-image gutentor-single-item-4\"><div class=\"gutentor-single-item-wrap\"><div class=\"gutentor-single-item-image-box\"><div class=\"gutentor-image-thumb\"><img loading=\"lazy\" decoding=\"async\" class=\"normal-image\" src=\"http:\/\/www.neustartfinanz.com\/wp-content\/uploads\/2025\/09\/cropped-Isletme-Kredisi-HD.jpg\" alt=\"\" height=\"743\" width=\"1267\" \/><\/div><\/div><div class=\"gutentor-single-item-content\"><h3 class=\"gutentor-single-item-title\">\u0130\u015fletme Kredisi<\/h3><p class=\"gutentor-single-item-desc\">Buraya, Almanya\u2019ya, s\u0131f\u0131rdan ba\u015flamak i\u00e7in geldiniz. Sadece bir i\u015f kurmak i\u00e7in de\u011fil, bir hayal kurmak i\u00e7in. Belki bir restoran, bir kuaf\u00f6r, bir nakliye firmas\u0131\u2026\u00a0<\/p><\/div><\/div><\/div><\/div><div class=\"gutentor-grid-column grid-lg-4 grid-md-4 grid-12\"><div class=\"gutentor-single-item gutentor-image gutentor-single-item-5 g-single-column-link-enabled\"><div class=\"gutentor-single-item-wrap\"><div class=\"gutentor-single-item-image-box\"><div class=\"gutentor-image-thumb\"><img loading=\"lazy\" decoding=\"async\" class=\"normal-image\" src=\"http:\/\/www.neustartfinanz.com\/wp-content\/uploads\/2025\/09\/cropped-Sipsak-Kredi-HD.jpg\" alt=\"\" height=\"763\" width=\"1298\" \/><\/div><\/div><div class=\"gutentor-single-item-content\"><h3 class=\"gutentor-single-item-title\">\u015eip\u015fak Kredi<\/h3><p class=\"gutentor-single-item-desc\">Almanya\u2019da yeni bir hayat kurmak, b\u00fcy\u00fck umutlar ve ayn\u0131 zamanda beklenmedik ihtiya\u00e7lar getirebilir. Belki aniden bozulan bir laptop, \u00e7ocu\u011funuzun okul i\u00e7in ihtiya\u00e7 duydu\u011fu pahal\u0131&#8230;<\/p><\/div><\/div><a class=\"gutentor-single-item-box-link gutentor-link\" href=\"https:\/\/www.neustartfinanz.com\/index.php\/ratenkredit-sipsak-kredi\/\"><\/a><\/div><\/div><\/div><\/div><\/section>\n<\/div>\n<\/div>\n<\/div><\/div>\n","protected":false},"excerpt":{"rendered":"","protected":false},"author":1,"featured_media":0,"parent":0,"menu_order":0,"comment_status":"closed","ping_status":"closed","template":"","meta":{"footnotes":""},"class_list":["post-439","page","type-page","status-publish","hentry"],"_links":{"self":[{"href":"https:\/\/www.neustartfinanz.com\/index.php\/wp-json\/wp\/v2\/pages\/439","targetHints":{"allow":["GET"]}}],"collection":[{"href":"https:\/\/www.neustartfinanz.com\/index.php\/wp-json\/wp\/v2\/pages"}],"about":[{"href":"https:\/\/www.neustartfinanz.com\/index.php\/wp-json\/wp\/v2\/types\/page"}],"author":[{"embeddable":true,"href":"https:\/\/www.neustartfinanz.com\/index.php\/wp-json\/wp\/v2\/users\/1"}],"replies":[{"embeddable":true,"href":"https:\/\/www.neustartfinanz.com\/index.php\/wp-json\/wp\/v2\/comments?post=439"}],"version-history":[{"count":14,"href":"https:\/\/www.neustartfinanz.com\/index.php\/wp-json\/wp\/v2\/pages\/439\/revisions"}],"predecessor-version":[{"id":454,"href":"https:\/\/www.neustartfinanz.com\/index.php\/wp-json\/wp\/v2\/pages\/439\/revisions\/454"}],"wp:attachment":[{"href":"https:\/\/www.neustartfinanz.com\/index.php\/wp-json\/wp\/v2\/media?parent=439"}],"curies":[{"name":"wp","href":"https:\/\/api.w.org\/{rel}","templated":true}]}}