{"id":433,"date":"2025-09-15T07:00:43","date_gmt":"2025-09-15T07:00:43","guid":{"rendered":"https:\/\/www.neustartfinanz.com\/?page_id=433"},"modified":"2025-09-15T07:00:43","modified_gmt":"2025-09-15T07:00:43","slug":"tasarruf-hesaplari-sparkonto","status":"publish","type":"page","link":"https:\/\/www.neustartfinanz.com\/index.php\/tasarruf-hesaplari-sparkonto\/","title":{"rendered":"Tasarruf Hesaplar\u0131 (Sparkonto)"},"content":{"rendered":"<h3 style=\"text-align: justify;\"><span style=\"color: #000000;\"><strong>Hayalleriniz \u0130\u00e7in G\u00fcvenli Bir Liman: Tasarruf Hesaplar\u0131 (Sparkonto)<\/strong><\/span><\/h3>\n<p class=\"ds-markdown-paragraph\" style=\"text-align: justify;\"><span style=\"color: #000000;\">Almanya&#8217;da yeni bir hayata ba\u015flarken, kazanc\u0131n\u0131z\u0131 g\u00fcvende tutmak ve gelece\u011finizi birlikte in\u015fa etmek en b\u00fcy\u00fck \u00f6nceli\u011finiz.\u00a0<strong>Tasarruf hesaplar\u0131 (Sparkonto)<\/strong>, paran\u0131z\u0131n sadece bekledi\u011fi de\u011fil, sizin i\u00e7in \u00e7al\u0131\u015ft\u0131\u011f\u0131 bir limand\u0131r. Burada her birikim, \u00e7ocu\u011funuzun e\u011fitimi, ailenizle ge\u00e7irece\u011finiz unutulmaz bir tatil ya da hayalinizdeki ev i\u00e7in at\u0131lm\u0131\u015f bir ad\u0131md\u0131r.<\/span><\/p>\n<h4 style=\"text-align: justify;\"><span style=\"color: #000000;\"><strong>Neden Tasarruf Hesab\u0131 Sizin \u0130\u00e7in M\u00fckemmel Bir Se\u00e7im?<\/strong><\/span><\/h4>\n<ul style=\"text-align: justify;\">\n<li>\n<p class=\"ds-markdown-paragraph\"><span style=\"color: #000000;\"><strong>G\u00fcvenli Birikim:<\/strong>\u00a0Paran\u0131z\u0131 koruma alt\u0131na al\u0131rken, d\u00fc\u015f\u00fck riskle istikrarl\u0131 bir \u015fekilde b\u00fcy\u00fcmesini sa\u011flars\u0131n\u0131z.<\/span><\/p>\n<\/li>\n<li>\n<p class=\"ds-markdown-paragraph\"><span style=\"color: #000000;\"><strong>Esnek Eri\u015fim:<\/strong>\u00a0Acil ihtiya\u00e7lar\u0131n\u0131zda ya da f\u0131rsatlar \u00e7\u0131kt\u0131\u011f\u0131nda, birikimlerinize kolayca ula\u015fabilirsiniz.<\/span><\/p>\n<\/li>\n<li>\n<p class=\"ds-markdown-paragraph\"><span style=\"color: #000000;\"><strong>Hedef Odakl\u0131 B\u00fcy\u00fcme:<\/strong>\u00a0K\u00fc\u00e7\u00fck tutarlarla ba\u015flayabilir, d\u00fczenli katk\u0131larla hayallerinize ad\u0131m ad\u0131m yakla\u015fabilirsiniz.<\/span><\/p>\n<\/li>\n<\/ul>\n<h4 style=\"text-align: justify;\"><span style=\"color: #000000;\"><strong>Size \u00d6zel Avantajlar:<\/strong><\/span><\/h4>\n<ul style=\"text-align: justify;\">\n<li>\n<p class=\"ds-markdown-paragraph\"><span style=\"color: #000000;\"><strong>Faiz Getirisi:<\/strong>\u00a0Paran\u0131z\u0131n de\u011fer kaybetmesini \u00f6nlerken, faizle b\u00fcy\u00fcmesine tan\u0131k olun.<\/span><\/p>\n<\/li>\n<li>\n<p class=\"ds-markdown-paragraph\"><span style=\"color: #000000;\"><strong>Otomatik Birikim:<\/strong>\u00a0D\u00fczenli para yat\u0131rma se\u00e7enekleriyle tasarrufu al\u0131\u015fkanl\u0131k haline getirin.<\/span><\/p>\n<\/li>\n<li>\n<p class=\"ds-markdown-paragraph\"><span style=\"color: #000000;\"><strong>\u015eeffaf Yap\u0131:<\/strong>\u00a0Hesap hareketlerinizi anl\u0131k takip edin, kontrol her zaman sizde olsun.<\/span><\/p>\n<\/li>\n<\/ul>\n<p class=\"ds-markdown-paragraph\" style=\"text-align: justify;\"><span style=\"color: #000000;\"><strong>Unutmay\u0131n, her b\u00fcy\u00fck hedef k\u00fc\u00e7\u00fck birikimlerle ba\u015flar.<\/strong>\u00a0Tasarruf hesab\u0131n\u0131z, Almanya&#8217;daki finansal yolculu\u011funuzda size e\u015flik eden g\u00fcvenilir bir dosttur. Siz hayallerinize odaklan\u0131n, paran\u0131z\u0131n g\u00fcvende olmas\u0131n\u0131 ve b\u00fcy\u00fcmesini biz sa\u011flayal\u0131m.<\/span><\/p>\n<p class=\"ds-markdown-paragraph\" style=\"text-align: justify;\"><span style=\"color: #000000;\"><strong>Hayalleriniz i\u00e7in bug\u00fcn bir ad\u0131m at\u0131n!<\/strong>\u00a0Uzman dan\u0131\u015fmanlar\u0131m\u0131z, ihtiya\u00e7lar\u0131n\u0131za en uygun tasarruf hesab\u0131n\u0131 se\u00e7menizde size rehberlik etmek i\u00e7in haz\u0131r.<\/span><\/p>\n<p class=\"ds-markdown-paragraph\" style=\"text-align: justify;\"><span style=\"color: #000000;\"><strong>Gelece\u011finizi birlikte \u015fekillendirelim. Hemen ileti\u015fime ge\u00e7in ve tasarruf hesab\u0131n\u0131z\u0131 a\u00e7man\u0131n tad\u0131n\u0131 \u00e7\u0131kar\u0131n!<\/strong><\/span><\/p>\n","protected":false},"excerpt":{"rendered":"<p>Hayalleriniz \u0130\u00e7in G\u00fcvenli Bir Liman: Tasarruf Hesaplar\u0131 (Sparkonto) Almanya&#8217;da yeni bir hayata ba\u015flarken, kazanc\u0131n\u0131z\u0131 g\u00fcvende tutmak ve gelece\u011finizi birlikte in\u015fa etmek en b\u00fcy\u00fck \u00f6nceli\u011finiz.\u00a0Tasarruf hesaplar\u0131 (Sparkonto), paran\u0131z\u0131n sadece bekledi\u011fi de\u011fil, sizin i\u00e7in \u00e7al\u0131\u015ft\u0131\u011f\u0131 bir limand\u0131r. Burada her birikim, \u00e7ocu\u011funuzun e\u011fitimi, ailenizle ge\u00e7irece\u011finiz unutulmaz bir tatil ya da hayalinizdeki ev i\u00e7in at\u0131lm\u0131\u015f bir ad\u0131md\u0131r. Neden Tasarruf&nbsp;&hellip;<\/p>\n","protected":false},"author":1,"featured_media":0,"parent":0,"menu_order":0,"comment_status":"closed","ping_status":"closed","template":"","meta":{"footnotes":""},"class_list":["post-433","page","type-page","status-publish","hentry"],"_links":{"self":[{"href":"https:\/\/www.neustartfinanz.com\/index.php\/wp-json\/wp\/v2\/pages\/433","targetHints":{"allow":["GET"]}}],"collection":[{"href":"https:\/\/www.neustartfinanz.com\/index.php\/wp-json\/wp\/v2\/pages"}],"about":[{"href":"https:\/\/www.neustartfinanz.com\/index.php\/wp-json\/wp\/v2\/types\/page"}],"author":[{"embeddable":true,"href":"https:\/\/www.neustartfinanz.com\/index.php\/wp-json\/wp\/v2\/users\/1"}],"replies":[{"embeddable":true,"href":"https:\/\/www.neustartfinanz.com\/index.php\/wp-json\/wp\/v2\/comments?post=433"}],"version-history":[{"count":1,"href":"https:\/\/www.neustartfinanz.com\/index.php\/wp-json\/wp\/v2\/pages\/433\/revisions"}],"predecessor-version":[{"id":434,"href":"https:\/\/www.neustartfinanz.com\/index.php\/wp-json\/wp\/v2\/pages\/433\/revisions\/434"}],"wp:attachment":[{"href":"https:\/\/www.neustartfinanz.com\/index.php\/wp-json\/wp\/v2\/media?parent=433"}],"curies":[{"name":"wp","href":"https:\/\/api.w.org\/{rel}","templated":true}]}}