{"id":430,"date":"2025-09-15T06:56:37","date_gmt":"2025-09-15T06:56:37","guid":{"rendered":"https:\/\/www.neustartfinanz.com\/?page_id=430"},"modified":"2025-09-15T06:56:37","modified_gmt":"2025-09-15T06:56:37","slug":"vadesiz-hesap-girokonto","status":"publish","type":"page","link":"https:\/\/www.neustartfinanz.com\/index.php\/vadesiz-hesap-girokonto\/","title":{"rendered":"Vadesiz Hesap (Girokonto)"},"content":{"rendered":"<h3 style=\"text-align: justify;\"><span style=\"color: #000000;\"><strong>Almanya&#8217;da Finansal \u00d6zg\u00fcrl\u00fc\u011f\u00fcn\u00fcz\u00fcn \u0130lk Ad\u0131m\u0131: Vadesiz Hesap (Girokonto)<\/strong><\/span><\/h3>\n<p class=\"ds-markdown-paragraph\" style=\"text-align: justify;\"><span style=\"color: #000000;\">Almanya&#8217;da yeni bir hayata ba\u015flarken, paran\u0131z\u0131 g\u00fcvende tutmak ve g\u00fcnl\u00fck ihtiya\u00e7lar\u0131n\u0131z\u0131 sorunsuz bir \u015fekilde y\u00f6netmek en b\u00fcy\u00fck \u00f6nceli\u011finizdir. Bir vadesiz hesap (Girokonto), bu yolculukta size finansal \u00f6zg\u00fcrl\u00fck ve huzur sunar. Bu hesap, sadece paran\u0131z\u0131 saklaman\u0131n \u00f6tesinde, g\u00fcnl\u00fck ya\u015fam\u0131n\u0131z\u0131 kolayla\u015ft\u0131ran bir dost gibidir.<\/span><\/p>\n<h4 style=\"text-align: justify;\"><span style=\"color: #000000;\"><strong>Neden Vadesiz Hesap (Girokonto)?<\/strong><\/span><\/h4>\n<ul style=\"text-align: justify;\">\n<li>\n<p class=\"ds-markdown-paragraph\"><span style=\"color: #000000;\"><strong>G\u00fcnl\u00fck \u0130\u015flemlerinizde Sorunsuzluk:<\/strong>\u00a0Maa\u015f\u0131n\u0131z\u0131n yatmas\u0131, faturalar\u0131n\u0131z\u0131n \u00f6denmesi, al\u0131\u015fveri\u015flerinizde banka kart\u0131 kullan\u0131m\u0131 gibi g\u00fcnl\u00fck i\u015flemlerinizi rahatl\u0131kla yapabilirsiniz.<\/span><\/p>\n<\/li>\n<li>\n<p class=\"ds-markdown-paragraph\"><span style=\"color: #000000;\"><strong>7\/24 Eri\u015fim \u0130mkan\u0131:<\/strong>\u00a0\u0130nternet ve mobil bankac\u0131l\u0131k sayesinde, paran\u0131za istedi\u011finiz zaman, istedi\u011finiz yerden ula\u015fabilirsiniz.<\/span><\/p>\n<\/li>\n<li>\n<p class=\"ds-markdown-paragraph\"><span style=\"color: #000000;\"><strong>G\u00fcvenli ve Esnek:<\/strong>\u00a0Paran\u0131z g\u00fcvende, ihtiya\u00e7 duydu\u011funuzda ise esnek bir \u015fekilde kullan\u0131m\u0131n\u0131za haz\u0131rd\u0131r.<\/span><\/p>\n<\/li>\n<\/ul>\n<h4 style=\"text-align: justify;\"><span style=\"color: #000000;\"><strong>Size \u00d6zel Avantajlar:<\/strong><\/span><\/h4>\n<ul style=\"text-align: justify;\">\n<li>\n<p class=\"ds-markdown-paragraph\"><span style=\"color: #000000;\"><strong>\u00dccretsiz Hesap A\u00e7\u0131l\u0131\u015f\u0131:<\/strong>\u00a0Bir\u00e7ok banka, \u00f6\u011frenciler ve \u00e7al\u0131\u015fanlar i\u00e7in \u00fccretsiz vadesiz hesap imkan\u0131 sunar.<\/span><\/p>\n<\/li>\n<li>\n<p class=\"ds-markdown-paragraph\"><span style=\"color: #000000;\"><strong>Otomatik \u00d6deme Talimatlar\u0131:<\/strong>\u00a0Tekrarlanan faturalar\u0131n\u0131z\u0131 otomatik olarak \u00f6deyerek, zaman kazan\u0131n ve \u00f6demeleri ka\u00e7\u0131rma endi\u015fesinden kurtulun.<\/span><\/p>\n<\/li>\n<li>\n<p class=\"ds-markdown-paragraph\"><span style=\"color: #000000;\"><strong>Mobil Uygulama Deste\u011fi:<\/strong>\u00a0Hesab\u0131n\u0131z\u0131 mobil cihaz\u0131n\u0131zdan y\u00f6neterek, finansal i\u015flemlerinizi kolayca takip edin.<\/span><\/p>\n<\/li>\n<\/ul>\n<p class=\"ds-markdown-paragraph\" style=\"text-align: justify;\"><span style=\"color: #000000;\"><strong>Unutmay\u0131n, vadesiz hesap Almanya&#8217;da finansal ya\u015fam\u0131n\u0131z\u0131n temelidir.<\/strong>\u00a0Do\u011fru hesab\u0131 se\u00e7mek, g\u00fcnl\u00fck i\u015flemlerinizi kolayla\u015ft\u0131r\u0131r ve size zaman kazand\u0131r\u0131r. Siz hayat\u0131n\u0131z\u0131 ya\u015fay\u0131n, paran\u0131z\u0131n y\u00f6netimini bize b\u0131rak\u0131n!<\/span><\/p>\n<p class=\"ds-markdown-paragraph\" style=\"text-align: justify;\"><span style=\"color: #000000;\"><strong>Hemen bir vadesiz hesap a\u00e7\u0131n ve Almanya&#8217;daki finansal \u00f6zg\u00fcrl\u00fc\u011f\u00fcn\u00fcz\u00fcn tad\u0131n\u0131 \u00e7\u0131kar\u0131n!<\/strong>\u00a0Uzman dan\u0131\u015fmanlar\u0131m\u0131z, sizin i\u00e7in en uygun vadesiz hesap se\u00e7eneklerini sunmaya ve finansal ihtiya\u00e7lar\u0131n\u0131za \u00e7\u00f6z\u00fcm bulmaya haz\u0131r.<\/span><\/p>\n<p class=\"ds-markdown-paragraph\" style=\"text-align: justify;\"><span style=\"color: #000000;\"><strong>Finansal huzur ve \u00f6zg\u00fcrl\u00fck i\u00e7in ilk ad\u0131m\u0131 at\u0131n, hemen bizimle ileti\u015fime ge\u00e7in!<\/strong><\/span><\/p>\n","protected":false},"excerpt":{"rendered":"<p>Almanya&#8217;da Finansal \u00d6zg\u00fcrl\u00fc\u011f\u00fcn\u00fcz\u00fcn \u0130lk Ad\u0131m\u0131: Vadesiz Hesap (Girokonto) Almanya&#8217;da yeni bir hayata ba\u015flarken, paran\u0131z\u0131 g\u00fcvende tutmak ve g\u00fcnl\u00fck ihtiya\u00e7lar\u0131n\u0131z\u0131 sorunsuz bir \u015fekilde y\u00f6netmek en b\u00fcy\u00fck \u00f6nceli\u011finizdir. Bir vadesiz hesap (Girokonto), bu yolculukta size finansal \u00f6zg\u00fcrl\u00fck ve huzur sunar. Bu hesap, sadece paran\u0131z\u0131 saklaman\u0131n \u00f6tesinde, g\u00fcnl\u00fck ya\u015fam\u0131n\u0131z\u0131 kolayla\u015ft\u0131ran bir dost gibidir. Neden Vadesiz Hesap (Girokonto)? G\u00fcnl\u00fck&nbsp;&hellip;<\/p>\n","protected":false},"author":1,"featured_media":0,"parent":0,"menu_order":0,"comment_status":"closed","ping_status":"closed","template":"","meta":{"footnotes":""},"class_list":["post-430","page","type-page","status-publish","hentry"],"_links":{"self":[{"href":"https:\/\/www.neustartfinanz.com\/index.php\/wp-json\/wp\/v2\/pages\/430","targetHints":{"allow":["GET"]}}],"collection":[{"href":"https:\/\/www.neustartfinanz.com\/index.php\/wp-json\/wp\/v2\/pages"}],"about":[{"href":"https:\/\/www.neustartfinanz.com\/index.php\/wp-json\/wp\/v2\/types\/page"}],"author":[{"embeddable":true,"href":"https:\/\/www.neustartfinanz.com\/index.php\/wp-json\/wp\/v2\/users\/1"}],"replies":[{"embeddable":true,"href":"https:\/\/www.neustartfinanz.com\/index.php\/wp-json\/wp\/v2\/comments?post=430"}],"version-history":[{"count":1,"href":"https:\/\/www.neustartfinanz.com\/index.php\/wp-json\/wp\/v2\/pages\/430\/revisions"}],"predecessor-version":[{"id":431,"href":"https:\/\/www.neustartfinanz.com\/index.php\/wp-json\/wp\/v2\/pages\/430\/revisions\/431"}],"wp:attachment":[{"href":"https:\/\/www.neustartfinanz.com\/index.php\/wp-json\/wp\/v2\/media?parent=430"}],"curies":[{"name":"wp","href":"https:\/\/api.w.org\/{rel}","templated":true}]}}