{"id":427,"date":"2025-09-15T06:52:10","date_gmt":"2025-09-15T06:52:10","guid":{"rendered":"https:\/\/www.neustartfinanz.com\/?page_id=427"},"modified":"2025-09-15T06:52:10","modified_gmt":"2025-09-15T06:52:10","slug":"hisse-senetleri-ve-yatirim-fonlari","status":"publish","type":"page","link":"https:\/\/www.neustartfinanz.com\/index.php\/hisse-senetleri-ve-yatirim-fonlari\/","title":{"rendered":"Hisse Senetleri ve Yat\u0131r\u0131m Fonlar\u0131"},"content":{"rendered":"<h3 style=\"text-align: justify;\"><span style=\"color: #000000;\"><strong>Gelece\u011finizi Birlikte \u015eekillendirelim: Hisse Senetleri ve Yat\u0131r\u0131m Fonlar\u0131<\/strong><\/span><\/h3>\n<p class=\"ds-markdown-paragraph\" style=\"text-align: justify;\"><span style=\"color: #000000;\">Almanya&#8217;da yeni bir hayata ba\u015flarken, kazanc\u0131n\u0131z\u0131 do\u011fru de\u011ferlendirmek ve gelece\u011finizi g\u00fcvence alt\u0131na almak en b\u00fcy\u00fck \u00f6nceli\u011finiz. Paran\u0131z\u0131n sadece banka hesab\u0131nda durmas\u0131 yerine, sizin i\u00e7in \u00e7al\u0131\u015fmas\u0131n\u0131 istemez misiniz?\u00a0<strong>Hisse senetleri ve yat\u0131r\u0131m fonlar\u0131<\/strong>, birikimlerinizi b\u00fcy\u00fctmenin ve finansal \u00f6zg\u00fcrl\u00fc\u011f\u00fcn\u00fcz\u00fc kazanman\u0131n en etkili yollar\u0131ndan biridir!<\/span><\/p>\n<p class=\"ds-markdown-paragraph\" style=\"text-align: justify;\"><span style=\"color: #000000;\">Hayallerinize giden yolda, sadece \u00e7al\u0131\u015farak de\u011fil, ak\u0131ll\u0131 yat\u0131r\u0131mlarla da gelece\u011finizi in\u015fa edebilirsiniz. \u0130ster emeklilik i\u00e7in birikim yap\u0131n, ister \u00e7ocuklar\u0131n\u0131z\u0131n e\u011fitimi i\u00e7in yat\u0131r\u0131m yap\u0131n, ister sadece finansal g\u00fcvenceye sahip olmak isteyin; hisse senetleri ve yat\u0131r\u0131m fonlar\u0131 size istedi\u011finiz esnekli\u011fi ve getiriyi sunar.<\/span><\/p>\n<h4 style=\"text-align: justify;\"><span style=\"color: #000000;\"><strong>Neden Hisse Senetleri ve Yat\u0131r\u0131m Fonlar\u0131?<\/strong><\/span><\/h4>\n<ul style=\"text-align: justify;\">\n<li>\n<p class=\"ds-markdown-paragraph\"><span style=\"color: #000000;\"><strong>Y\u00fcksek Getiri Potansiyeli:<\/strong>\u00a0Do\u011fru stratejiyle, birikimlerinizi de\u011ferlendirerek uzun vadede y\u00fcksek getiriler elde edebilirsiniz.<\/span><\/p>\n<\/li>\n<li>\n<p class=\"ds-markdown-paragraph\"><span style=\"color: #000000;\"><strong>\u00c7e\u015fitlendirme ve Risk Y\u00f6netimi:<\/strong>\u00a0Yat\u0131r\u0131m fonlar\u0131, tek bir \u00fcr\u00fcn yerine bir\u00e7ok farkl\u0131 varl\u0131\u011fa yat\u0131r\u0131m yaparak riskinizi da\u011f\u0131tman\u0131za olanak tan\u0131r.<\/span><\/p>\n<\/li>\n<li>\n<p class=\"ds-markdown-paragraph\"><span style=\"color: #000000;\"><strong>Esnek ve Eri\u015filebilir:<\/strong>\u00a0D\u00fc\u015f\u00fck miktarlarla ba\u015flayabilir, d\u00fczenli yat\u0131r\u0131m yaparak zamanla portf\u00f6y\u00fcn\u00fcz\u00fc b\u00fcy\u00fctebilirsiniz.<\/span><\/p>\n<\/li>\n<\/ul>\n<h4 style=\"text-align: justify;\"><span style=\"color: #000000;\"><strong>Size \u00d6zel \u00c7\u00f6z\u00fcmlerimiz:<\/strong><\/span><\/h4>\n<ul style=\"text-align: justify;\">\n<li>\n<p class=\"ds-markdown-paragraph\"><span style=\"color: #000000;\"><strong>Bireysel Hisse Senetleri:<\/strong>\u00a0\u015eirketlere do\u011frudan yat\u0131r\u0131m yaparak b\u00fcy\u00fcmelerine ortak olun ve k\u00e2r paylar\u0131ndan faydalan\u0131n.<\/span><\/p>\n<\/li>\n<li>\n<p class=\"ds-markdown-paragraph\"><span style=\"color: #000000;\"><strong>Yat\u0131r\u0131m Fonlar\u0131 (ETF&#8217;ler ve Di\u011fer Fonlar):<\/strong>\u00a0Profesyonel y\u00f6netilen fonlarla, \u00e7e\u015fitlendirilmi\u015f portf\u00f6ylere d\u00fc\u015f\u00fck maliyetle yat\u0131r\u0131m yap\u0131n.<\/span><\/p>\n<\/li>\n<li>\n<p class=\"ds-markdown-paragraph\"><span style=\"color: #000000;\"><strong>Dan\u0131\u015fmanl\u0131k Hizmeti:<\/strong>\u00a0Deneyimli uzmanlar\u0131m\u0131z, sizin risk tolerans\u0131n\u0131za ve hedeflerinize uygun yat\u0131r\u0131m stratejileri belirlemenize yard\u0131mc\u0131 olur.<\/span><\/p>\n<\/li>\n<\/ul>\n<p class=\"ds-markdown-paragraph\" style=\"text-align: justify;\"><span style=\"color: #000000;\"><strong>Unutmay\u0131n, yat\u0131r\u0131m yapmak sadece b\u00fcy\u00fck paralarla ba\u015flamak zorunda de\u011fil.<\/strong>\u00a0K\u00fc\u00e7\u00fck ad\u0131mlarla ba\u015flayarak, disiplinli bir \u015fekilde ilerleyebilir ve gelece\u011finizi garanti alt\u0131na alabilirsiniz. Siz \u00e7al\u0131\u015fmaya ve hayallerinize odaklan\u0131n, yat\u0131r\u0131mlar\u0131n\u0131z\u0131 b\u00fcy\u00fctmeyi bize b\u0131rak\u0131n!<\/span><\/p>\n<p class=\"ds-markdown-paragraph\" style=\"text-align: justify;\"><span style=\"color: #000000;\"><strong>Hayallerinize yat\u0131r\u0131m yapmaya haz\u0131r m\u0131s\u0131n\u0131z?<\/strong>\u00a0Uzman dan\u0131\u015fmanlar\u0131m\u0131z, sizin i\u00e7in en uygun hisse senedi ve yat\u0131r\u0131m fonu se\u00e7eneklerini belirlemenize ve finansal gelece\u011finizi \u015fekillendirmenize yard\u0131mc\u0131 olacakt\u0131r.<\/span><\/p>\n<p class=\"ds-markdown-paragraph\" style=\"text-align: justify;\"><span style=\"color: #000000;\"><strong>Gelece\u011finiz, bug\u00fcn verece\u011finiz kararla \u015fekillenecek. Hemen bizimle ileti\u015fime ge\u00e7in ve yat\u0131r\u0131m ser\u00fcveninize ba\u015flay\u0131n!<\/strong><\/span><\/p>\n","protected":false},"excerpt":{"rendered":"<p>Gelece\u011finizi Birlikte \u015eekillendirelim: Hisse Senetleri ve Yat\u0131r\u0131m Fonlar\u0131 Almanya&#8217;da yeni bir hayata ba\u015flarken, kazanc\u0131n\u0131z\u0131 do\u011fru de\u011ferlendirmek ve gelece\u011finizi g\u00fcvence alt\u0131na almak en b\u00fcy\u00fck \u00f6nceli\u011finiz. Paran\u0131z\u0131n sadece banka hesab\u0131nda durmas\u0131 yerine, sizin i\u00e7in \u00e7al\u0131\u015fmas\u0131n\u0131 istemez misiniz?\u00a0Hisse senetleri ve yat\u0131r\u0131m fonlar\u0131, birikimlerinizi b\u00fcy\u00fctmenin ve finansal \u00f6zg\u00fcrl\u00fc\u011f\u00fcn\u00fcz\u00fc kazanman\u0131n en etkili yollar\u0131ndan biridir! Hayallerinize giden yolda, sadece \u00e7al\u0131\u015farak de\u011fil,&nbsp;&hellip;<\/p>\n","protected":false},"author":1,"featured_media":0,"parent":0,"menu_order":0,"comment_status":"closed","ping_status":"closed","template":"","meta":{"footnotes":""},"class_list":["post-427","page","type-page","status-publish","hentry"],"_links":{"self":[{"href":"https:\/\/www.neustartfinanz.com\/index.php\/wp-json\/wp\/v2\/pages\/427","targetHints":{"allow":["GET"]}}],"collection":[{"href":"https:\/\/www.neustartfinanz.com\/index.php\/wp-json\/wp\/v2\/pages"}],"about":[{"href":"https:\/\/www.neustartfinanz.com\/index.php\/wp-json\/wp\/v2\/types\/page"}],"author":[{"embeddable":true,"href":"https:\/\/www.neustartfinanz.com\/index.php\/wp-json\/wp\/v2\/users\/1"}],"replies":[{"embeddable":true,"href":"https:\/\/www.neustartfinanz.com\/index.php\/wp-json\/wp\/v2\/comments?post=427"}],"version-history":[{"count":1,"href":"https:\/\/www.neustartfinanz.com\/index.php\/wp-json\/wp\/v2\/pages\/427\/revisions"}],"predecessor-version":[{"id":428,"href":"https:\/\/www.neustartfinanz.com\/index.php\/wp-json\/wp\/v2\/pages\/427\/revisions\/428"}],"wp:attachment":[{"href":"https:\/\/www.neustartfinanz.com\/index.php\/wp-json\/wp\/v2\/media?parent=427"}],"curies":[{"name":"wp","href":"https:\/\/api.w.org\/{rel}","templated":true}]}}