{"id":424,"date":"2025-09-15T06:48:58","date_gmt":"2025-09-15T06:48:58","guid":{"rendered":"https:\/\/www.neustartfinanz.com\/?page_id=424"},"modified":"2025-09-15T06:48:58","modified_gmt":"2025-09-15T06:48:58","slug":"vergi-avantajli-yatirim-araclari","status":"publish","type":"page","link":"https:\/\/www.neustartfinanz.com\/index.php\/vergi-avantajli-yatirim-araclari\/","title":{"rendered":"Vergi Avantajl\u0131 Yat\u0131r\u0131m Ara\u00e7lar\u0131"},"content":{"rendered":"<h3 style=\"text-align: justify;\"><span style=\"color: #000000;\"><strong>Verginiz Azals\u0131n, Gelece\u011finiz Parlas\u0131n: Vergi Avantajl\u0131 Yat\u0131r\u0131m Ara\u00e7lar\u0131<\/strong><\/span><\/h3>\n<p class=\"ds-markdown-paragraph\" style=\"text-align: justify;\"><span style=\"color: #000000;\">Almanya&#8217;da yeni bir hayat kurarken, kazanc\u0131n\u0131z\u0131n size maksimum fayda sa\u011flamas\u0131n\u0131 istersiniz. Vergiler hayat\u0131n bir ger\u00e7e\u011fi olsa da, devlet sizlere vergi y\u00fck\u00fcn\u00fcz\u00fc hafifletecek ve ayn\u0131 zamanda gelece\u011finizi garanti alt\u0131na alacak \u00f6zel yat\u0131r\u0131m f\u0131rsatlar\u0131 sunuyor.\u00a0<strong>Vergi avantajl\u0131 yat\u0131r\u0131m ara\u00e7lar\u0131<\/strong>, paran\u0131z\u0131 b\u00fcy\u00fct\u00fcrken vergiden tasarruf etmenin en ak\u0131ll\u0131 yoludur!<\/span><\/p>\n<p class=\"ds-markdown-paragraph\" style=\"text-align: justify;\"><span style=\"color: #000000;\">Hayalinizdeki emeklili\u011fi ya\u015famak, \u00e7ocuklar\u0131n\u0131za daha iyi bir gelecek b\u0131rakmak ya da sadece kazanc\u0131n\u0131z\u0131 en verimli \u015fekilde de\u011ferlendirmek istiyorsan\u0131z, do\u011fru yerdesiniz. \u0130\u015fte size \u00f6zel sundu\u011fumuz vergi avantajl\u0131 yat\u0131r\u0131m se\u00e7enekleri:<\/span><\/p>\n<h4 style=\"text-align: justify;\"><span style=\"color: #000000;\"><strong>Neden Vergi Avantajl\u0131 Yat\u0131r\u0131m Ara\u00e7lar\u0131?<\/strong><\/span><\/h4>\n<ul style=\"text-align: justify;\">\n<li>\n<p class=\"ds-markdown-paragraph\"><span style=\"color: #000000;\"><strong>Vergi Y\u00fck\u00fcn\u00fcz\u00fc Hafifletin:<\/strong>\u00a0Yat\u0131r\u0131mlar\u0131n\u0131zdan elde etti\u011finiz kazan\u00e7lar \u00fczerindeki vergi y\u00fck\u00fcn\u00fc \u00f6nemli \u00f6l\u00e7\u00fcde azalt\u0131n. Devlet, uzun vadeli yat\u0131r\u0131mlar\u0131 te\u015fvik etmek i\u00e7in cazip vergi avantajlar\u0131 sunar.<\/span><\/p>\n<\/li>\n<li>\n<p class=\"ds-markdown-paragraph\"><span style=\"color: #000000;\"><strong>Gelece\u011finizi Garanti Alt\u0131na Al\u0131n:<\/strong>\u00a0Yat\u0131r\u0131mlar\u0131n\u0131z\u0131 b\u00fcy\u00fct\u00fcrken ayn\u0131 zamanda emeklilik veya \u00e7ocuklar\u0131n\u0131z\u0131n e\u011fitimi i\u00e7in birikim yap\u0131n.<\/span><\/p>\n<\/li>\n<li>\n<p class=\"ds-markdown-paragraph\"><span style=\"color: #000000;\"><strong>Esnek ve G\u00fcvenli Yat\u0131r\u0131m:<\/strong>\u00a0\u00d6zel emeklilik fonlar\u0131, ETF tasarruf planlar\u0131 veya hayat sigortas\u0131 gibi se\u00e7eneklerle yat\u0131r\u0131mlar\u0131n\u0131z\u0131 g\u00fcvenle b\u00fcy\u00fct\u00fcn.<\/span><\/p>\n<\/li>\n<\/ul>\n<h4 style=\"text-align: justify;\"><span style=\"color: #000000;\"><strong>Size \u00d6zel \u00c7\u00f6z\u00fcmlerimiz:<\/strong><\/span><\/h4>\n<ul style=\"text-align: justify;\">\n<li>\n<p class=\"ds-markdown-paragraph\"><span style=\"color: #000000;\"><strong>\u00d6zel Emeklilik Fonlar\u0131:<\/strong>\u00a0Uzun vadeli yat\u0131r\u0131m yaparak vergi avantajlar\u0131ndan yararlan\u0131n ve emeklili\u011finiz i\u00e7in ek gelir elde edin.<\/span><\/p>\n<\/li>\n<li>\n<p class=\"ds-markdown-paragraph\"><span style=\"color: #000000;\"><strong>ETF Tasarruf Planlar\u0131:<\/strong>\u00a0D\u00fc\u015f\u00fck maliyetli ve esnek yat\u0131r\u0131m se\u00e7enekleriyle d\u00fczenli birikim yap\u0131n ve vergi avantajlar\u0131ndan faydalan\u0131n.<\/span><\/p>\n<\/li>\n<li>\n<p class=\"ds-markdown-paragraph\"><span style=\"color: #000000;\"><strong>Hayat Sigortas\u0131:<\/strong>\u00a0Hem sevdiklerinizin gelece\u011fini garanti alt\u0131na al\u0131n hem de yat\u0131r\u0131mlar\u0131n\u0131zdan vergi avantaj\u0131 elde edin.<\/span><\/p>\n<\/li>\n<\/ul>\n<p class=\"ds-markdown-paragraph\" style=\"text-align: justify;\"><span style=\"color: #000000;\"><strong>Unutmay\u0131n, do\u011fru yat\u0131r\u0131m ara\u00e7lar\u0131yla vergi y\u00fck\u00fcn\u00fcz\u00fc azaltmak ve gelece\u011finizi garanti alt\u0131na almak sizin elinizde.<\/strong>\u00a0K\u00fc\u00e7\u00fck ama d\u00fczenli ad\u0131mlarla bug\u00fcnden yat\u0131r\u0131m yapmaya ba\u015flay\u0131n ve yar\u0131nlar\u0131n\u0131z\u0131 \u015fekillendirin.<\/span><\/p>\n<p class=\"ds-markdown-paragraph\" style=\"text-align: justify;\"><span style=\"color: #000000;\"><strong>Hayallerinize giden yolda vergi avantajlar\u0131n\u0131 ke\u015ffedin!<\/strong>\u00a0Uzman dan\u0131\u015fmanlar\u0131m\u0131z, sizin i\u00e7in en uygun vergi avantajl\u0131 yat\u0131r\u0131m arac\u0131n\u0131 se\u00e7menize ve gelece\u011finizi en verimli \u015fekilde planlaman\u0131za yard\u0131mc\u0131 olacakt\u0131r.<\/span><\/p>\n<p class=\"ds-markdown-paragraph\" style=\"text-align: justify;\"><span style=\"color: #000000;\"><strong>Gelece\u011finiz, bug\u00fcn verece\u011finiz kararla \u015fekillenecek. Hemen bizimle ileti\u015fime ge\u00e7in ve vergi avantajl\u0131 yat\u0131r\u0131m f\u0131rsatlar\u0131n\u0131 ke\u015ffedin!<\/strong><\/span><\/p>\n","protected":false},"excerpt":{"rendered":"<p>Verginiz Azals\u0131n, Gelece\u011finiz Parlas\u0131n: Vergi Avantajl\u0131 Yat\u0131r\u0131m Ara\u00e7lar\u0131 Almanya&#8217;da yeni bir hayat kurarken, kazanc\u0131n\u0131z\u0131n size maksimum fayda sa\u011flamas\u0131n\u0131 istersiniz. Vergiler hayat\u0131n bir ger\u00e7e\u011fi olsa da, devlet sizlere vergi y\u00fck\u00fcn\u00fcz\u00fc hafifletecek ve ayn\u0131 zamanda gelece\u011finizi garanti alt\u0131na alacak \u00f6zel yat\u0131r\u0131m f\u0131rsatlar\u0131 sunuyor.\u00a0Vergi avantajl\u0131 yat\u0131r\u0131m ara\u00e7lar\u0131, paran\u0131z\u0131 b\u00fcy\u00fct\u00fcrken vergiden tasarruf etmenin en ak\u0131ll\u0131 yoludur! Hayalinizdeki emeklili\u011fi ya\u015famak,&nbsp;&hellip;<\/p>\n","protected":false},"author":1,"featured_media":0,"parent":0,"menu_order":0,"comment_status":"closed","ping_status":"closed","template":"","meta":{"footnotes":""},"class_list":["post-424","page","type-page","status-publish","hentry"],"_links":{"self":[{"href":"https:\/\/www.neustartfinanz.com\/index.php\/wp-json\/wp\/v2\/pages\/424","targetHints":{"allow":["GET"]}}],"collection":[{"href":"https:\/\/www.neustartfinanz.com\/index.php\/wp-json\/wp\/v2\/pages"}],"about":[{"href":"https:\/\/www.neustartfinanz.com\/index.php\/wp-json\/wp\/v2\/types\/page"}],"author":[{"embeddable":true,"href":"https:\/\/www.neustartfinanz.com\/index.php\/wp-json\/wp\/v2\/users\/1"}],"replies":[{"embeddable":true,"href":"https:\/\/www.neustartfinanz.com\/index.php\/wp-json\/wp\/v2\/comments?post=424"}],"version-history":[{"count":1,"href":"https:\/\/www.neustartfinanz.com\/index.php\/wp-json\/wp\/v2\/pages\/424\/revisions"}],"predecessor-version":[{"id":425,"href":"https:\/\/www.neustartfinanz.com\/index.php\/wp-json\/wp\/v2\/pages\/424\/revisions\/425"}],"wp:attachment":[{"href":"https:\/\/www.neustartfinanz.com\/index.php\/wp-json\/wp\/v2\/media?parent=424"}],"curies":[{"name":"wp","href":"https:\/\/api.w.org\/{rel}","templated":true}]}}