{"id":420,"date":"2025-09-15T06:43:11","date_gmt":"2025-09-15T06:43:11","guid":{"rendered":"https:\/\/www.neustartfinanz.com\/?page_id=420"},"modified":"2025-09-15T06:46:09","modified_gmt":"2025-09-15T06:46:09","slug":"varlik-olusturma-vermogensaufbau","status":"publish","type":"page","link":"https:\/\/www.neustartfinanz.com\/index.php\/varlik-olusturma-vermogensaufbau\/","title":{"rendered":"Varl\u0131k Olu\u015fturma (Verm\u00f6gensaufbau)"},"content":{"rendered":"<h3 style=\"text-align: justify;\"><span style=\"color: #000000;\"><strong>Almanya&#8217;da Gelece\u011finizi \u0130n\u015fa Edin: Varl\u0131k Olu\u015fturma (Verm\u00f6gensaufbau) Programlar\u0131<\/strong><\/span><\/h3>\n<p class=\"ds-markdown-paragraph\" style=\"text-align: justify;\"><span style=\"color: #000000;\">Almanya&#8217;da yeni bir hayata ba\u015flarken, sadece bug\u00fcn\u00fcn\u00fcz\u00fc de\u011fil, yar\u0131nlar\u0131n\u0131z\u0131 da g\u00fcvence alt\u0131na almak istersiniz. Bu \u00fclke, size sadece \u00e7al\u0131\u015fma f\u0131rsat\u0131 sunmakla kalmaz, ayn\u0131 zamanda\u00a0<strong>devlet destekli tasarruf programlar\u0131yla<\/strong>\u00a0gelece\u011finizi in\u015fa etmeniz i\u00e7in e\u015fsiz f\u0131rsatlar sunar. Hayallerinizdeki evi almak, \u00e7ocuklar\u0131n\u0131z\u0131n e\u011fitimi i\u00e7in birikim yapmak veya emeklili\u011finizde rahat bir ya\u015fam s\u00fcrmek istiyorsan\u0131z, do\u011fru yerdesiniz!<\/span><\/p>\n<p class=\"ds-markdown-paragraph\" style=\"text-align: justify;\"><span style=\"color: #000000;\"><strong>Verm\u00f6gensaufbau (Varl\u0131k Olu\u015fturma)<\/strong>, Almanya&#8217;da uzun vadeli servet biriktirmenin en ak\u0131ll\u0131 yoludur. Devlet, size bu yolculukta vergi avantajlar\u0131 ve primlerle destek olur. \u0130\u015fte size \u00f6zel sundu\u011fumuz programlar:<\/span><\/p>\n<h4 style=\"text-align: justify;\"><span style=\"color: #000000;\"><strong>1. Verm\u00f6genswirksame Leistungen (VL) \u2013 \u0130\u015fveren Destekli Tasarruf Plan\u0131<\/strong><\/span><\/h4>\n<ul style=\"text-align: justify;\">\n<li>\n<p class=\"ds-markdown-paragraph\"><span style=\"color: #000000;\">\u0130\u015fvereniniz, maa\u015f\u0131n\u0131za ek olarak size ayl\u0131k\u00a0<strong>6-40 \u20ac<\/strong>\u00a0aras\u0131nda bir katk\u0131 sa\u011flar. Bu paray\u0131, siz\u00a0<strong>Bausparvertrag (Konut Tasarruf S\u00f6zle\u015fmesi)<\/strong>, fon yat\u0131r\u0131mlar\u0131 veya tasarruf hesaplar\u0131 gibi enstr\u00fcmanlara y\u00f6nlendirebilirsiniz.<\/span><\/p>\n<\/li>\n<li>\n<p class=\"ds-markdown-paragraph\"><span style=\"color: #000000;\">D\u00fc\u015f\u00fck gelirli \u00e7al\u0131\u015fanlar i\u00e7in devlet ek destek verir:\u00a0<strong>Wohnungsbaupr\u00e4mie (Konut Yap\u0131m Primi)<\/strong>\u00a0veya\u00a0<strong>Arbeitnehmer-Sparzulage (\u00c7al\u0131\u015fan Tasarruf Te\u015fvivi)<\/strong>.<\/span><\/p>\n<\/li>\n<li>\n<p class=\"ds-markdown-paragraph\"><span style=\"color: #000000;\"><strong>K\u00fc\u00e7\u00fck ad\u0131mlarla b\u00fcy\u00fck fark yarat\u0131n!<\/strong>\u00a0Her ay d\u00fczenli birikim yaparak, gelece\u011finize de\u011fer kat\u0131n.<\/span><\/p>\n<\/li>\n<\/ul>\n<h4 style=\"text-align: justify;\"><span style=\"color: #000000;\"><strong>2. Bausparvertrag \u2013 Konut Tasarruf S\u00f6zle\u015fmesi<\/strong><\/span><\/h4>\n<ul style=\"text-align: justify;\">\n<li>\n<p class=\"ds-markdown-paragraph\"><span style=\"color: #000000;\">Bu program,\u00a0<strong>tasarruf + d\u00fc\u015f\u00fck faizli kredi<\/strong>\u00a0kombinasyonudur. D\u00fczenli olarak birikim yapars\u0131n\u0131z ve belirli bir tutara ula\u015ft\u0131\u011f\u0131n\u0131zda, size d\u00fc\u015f\u00fck faizli bir kredi hakk\u0131 tan\u0131n\u0131r.<\/span><\/p>\n<\/li>\n<li>\n<p class=\"ds-markdown-paragraph\"><span style=\"color: #000000;\">\u00d6zellikle\u00a0<strong>ev almak isteyenler<\/strong>\u00a0i\u00e7in idealdir. Almanya&#8217;da konut edinme hayaliniz varsa, bu programla bu hayali ger\u00e7ekle\u015ftirmeniz \u00e7ok daha kolay!<\/span><\/p>\n<\/li>\n<li>\n<p class=\"ds-markdown-paragraph\"><span style=\"color: #000000;\"><strong>Hayalinizdeki eve bir ad\u0131m daha yakla\u015f\u0131n!<\/strong>\u00a0Bug\u00fcn ba\u015flayaca\u011f\u0131n\u0131z k\u00fc\u00e7\u00fck birikimler, yar\u0131n size kendi evinizin kap\u0131s\u0131n\u0131 a\u00e7abilir.<\/span><\/p>\n<\/li>\n<\/ul>\n<p class=\"ds-markdown-paragraph\" style=\"text-align: justify;\"><span style=\"color: #000000;\"><strong>Neden Varl\u0131k Olu\u015fturma Programlar\u0131?<\/strong><\/span><br \/>\n<span style=\"color: #000000;\">\u00c7\u00fcnk\u00fc gelece\u011finizi garanti alt\u0131na almak, bug\u00fcn verece\u011finiz do\u011fru kararlarla ba\u015flar. Devlet destekli bu programlar, size sadece birikim yapma f\u0131rsat\u0131 sunmaz; ayn\u0131 zamanda\u00a0<strong>vergiden tasarruf etmenizi<\/strong>\u00a0ve\u00a0<strong>devlet te\u015fviklerinden yararlanman\u0131z\u0131<\/strong>\u00a0sa\u011flar.<\/span><\/p>\n<p class=\"ds-markdown-paragraph\" style=\"text-align: justify;\"><span style=\"color: #000000;\"><strong>Unutmay\u0131n, servet biriktirmek sab\u0131r ve disiplin ister.<\/strong>\u00a0Ancak do\u011fru rehberlikle, bu s\u00fcreci en verimli \u015fekilde y\u00f6netebilirsiniz. Siz \u00e7al\u0131\u015fmaya ve hayallerinize odaklan\u0131n, gerisini biz hallederiz!<\/span><\/p>\n<p class=\"ds-markdown-paragraph\" style=\"text-align: justify;\"><span style=\"color: #000000;\"><strong>Hayallerinize giden yolu birlikte in\u015fa edelim!<\/strong>\u00a0Uzman dan\u0131\u015fmanlar\u0131m\u0131z, sizin i\u00e7in en uygun varl\u0131k olu\u015fturma program\u0131n\u0131 se\u00e7menize ve gelece\u011finizi garanti alt\u0131na alman\u0131za yard\u0131mc\u0131 olacakt\u0131r.<\/span><\/p>\n<p class=\"ds-markdown-paragraph\" style=\"text-align: justify;\"><span style=\"color: #000000;\"><strong>Gelece\u011finiz, bug\u00fcnk\u00fc tercihlerinizle \u015fekillenecek. Hemen bizimle ileti\u015fime ge\u00e7in ve varl\u0131k biriktirme ser\u00fcveninize ba\u015flay\u0131n!<\/strong><\/span><\/p>\n","protected":false},"excerpt":{"rendered":"<p>Almanya&#8217;da Gelece\u011finizi \u0130n\u015fa Edin: Varl\u0131k Olu\u015fturma (Verm\u00f6gensaufbau) Programlar\u0131 Almanya&#8217;da yeni bir hayata ba\u015flarken, sadece bug\u00fcn\u00fcn\u00fcz\u00fc de\u011fil, yar\u0131nlar\u0131n\u0131z\u0131 da g\u00fcvence alt\u0131na almak istersiniz. Bu \u00fclke, size sadece \u00e7al\u0131\u015fma f\u0131rsat\u0131 sunmakla kalmaz, ayn\u0131 zamanda\u00a0devlet destekli tasarruf programlar\u0131yla\u00a0gelece\u011finizi in\u015fa etmeniz i\u00e7in e\u015fsiz f\u0131rsatlar sunar. Hayallerinizdeki evi almak, \u00e7ocuklar\u0131n\u0131z\u0131n e\u011fitimi i\u00e7in birikim yapmak veya emeklili\u011finizde rahat bir ya\u015fam s\u00fcrmek&nbsp;&hellip;<\/p>\n","protected":false},"author":1,"featured_media":0,"parent":0,"menu_order":0,"comment_status":"closed","ping_status":"closed","template":"","meta":{"footnotes":""},"class_list":["post-420","page","type-page","status-publish","hentry"],"_links":{"self":[{"href":"https:\/\/www.neustartfinanz.com\/index.php\/wp-json\/wp\/v2\/pages\/420","targetHints":{"allow":["GET"]}}],"collection":[{"href":"https:\/\/www.neustartfinanz.com\/index.php\/wp-json\/wp\/v2\/pages"}],"about":[{"href":"https:\/\/www.neustartfinanz.com\/index.php\/wp-json\/wp\/v2\/types\/page"}],"author":[{"embeddable":true,"href":"https:\/\/www.neustartfinanz.com\/index.php\/wp-json\/wp\/v2\/users\/1"}],"replies":[{"embeddable":true,"href":"https:\/\/www.neustartfinanz.com\/index.php\/wp-json\/wp\/v2\/comments?post=420"}],"version-history":[{"count":2,"href":"https:\/\/www.neustartfinanz.com\/index.php\/wp-json\/wp\/v2\/pages\/420\/revisions"}],"predecessor-version":[{"id":423,"href":"https:\/\/www.neustartfinanz.com\/index.php\/wp-json\/wp\/v2\/pages\/420\/revisions\/423"}],"wp:attachment":[{"href":"https:\/\/www.neustartfinanz.com\/index.php\/wp-json\/wp\/v2\/media?parent=420"}],"curies":[{"name":"wp","href":"https:\/\/api.w.org\/{rel}","templated":true}]}}