{"id":417,"date":"2025-09-14T20:09:00","date_gmt":"2025-09-14T20:09:00","guid":{"rendered":"https:\/\/www.neustartfinanz.com\/?page_id=417"},"modified":"2025-09-14T20:09:00","modified_gmt":"2025-09-14T20:09:00","slug":"emeklilik-odakli-tasarruf-programlari","status":"publish","type":"page","link":"https:\/\/www.neustartfinanz.com\/index.php\/emeklilik-odakli-tasarruf-programlari\/","title":{"rendered":"Emeklilik Odakl\u0131 Tasarruf Programlar\u0131"},"content":{"rendered":"<h3 style=\"text-align: justify;\"><span style=\"color: #000000;\"><strong>Gelece\u011finize Yapaca\u011f\u0131n\u0131z En Ak\u0131ll\u0131 Yat\u0131r\u0131m: Emeklilik Odakl\u0131 Tasarruf Programlar\u0131<\/strong><\/span><\/h3>\n<p class=\"ds-markdown-paragraph\" style=\"text-align: justify;\"><span style=\"color: #000000;\">Almanya&#8217;da yeni bir hayata ba\u015flarken, sadece bug\u00fcn\u00fcn\u00fcz\u00fc de\u011fil, yar\u0131nlar\u0131n\u0131z\u0131 da g\u00fcvence alt\u0131na almak istersiniz. Emeklilik, hayat\u0131n\u0131z\u0131n tatilini \u00e7\u0131karma hayaliyle dolu bir d\u00f6nem olmal\u0131; maddi endi\u015felerle bo\u011fu\u015ftu\u011funuz bir zaman de\u011fil. Peki, emeklilik ya\u015fam\u0131n\u0131z\u0131n nas\u0131l olaca\u011f\u0131n\u0131 hi\u00e7 d\u00fc\u015f\u00fcnd\u00fcn\u00fcz m\u00fc?<\/span><\/p>\n<p class=\"ds-markdown-paragraph\" style=\"text-align: justify;\"><span style=\"color: #000000;\">Almanya&#8217;da devlet destekli emeklilik tasarruf programlar\u0131, size bu konuda e\u015fsiz f\u0131rsatlar sunuyor.\u00a0<strong>Riester-Rente ve R\u00fcrup-Rente<\/strong>\u00a0gibi programlar, sadece birikim yapman\u0131z\u0131 de\u011fil, ayn\u0131 zamanda devlet katk\u0131lar\u0131 ve vergi avantajlar\u0131ndan yararlanman\u0131z\u0131 sa\u011flayarak emeklili\u011finizi g\u00fcvence alt\u0131na alman\u0131za yard\u0131mc\u0131 olur.<\/span><\/p>\n<ul style=\"text-align: justify;\">\n<li>\n<p class=\"ds-markdown-paragraph\"><span style=\"color: #000000;\"><strong>Riester-Rente:<\/strong>\u00a0\u00d6zellikle \u00e7ocuklu aileler i\u00e7in ideal! Devlet, her y\u0131l d\u00fczenli katk\u0131 pay\u0131 \u00f6dedi\u011finiz bu programa ek olarak size te\u015fvik verir. \u00c7ocuklar\u0131n\u0131z varsa, onlar i\u00e7in de ek destek alabilirsiniz. Bu, hem kendi emeklili\u011finiz hem de ailenizin gelece\u011fi i\u00e7in m\u00fckemmel bir yat\u0131r\u0131m f\u0131rsat\u0131d\u0131r.<\/span><\/p>\n<\/li>\n<li>\n<p class=\"ds-markdown-paragraph\"><span style=\"color: #000000;\"><strong>R\u00fcrup-Rente:<\/strong>\u00a0Serbest meslek sahipleri ve y\u00fcksek gelirli bireyler i\u00e7in tasarlanm\u0131\u015ft\u0131r. Vergi avantajlar\u0131 sayesinde, her y\u0131l \u00f6dedi\u011finiz katk\u0131 paylar\u0131n\u0131 vergiden d\u00fc\u015febilirsiniz. Bu, emeklili\u011finize yapaca\u011f\u0131n\u0131z yat\u0131r\u0131m\u0131 daha da cazip hale getirir.<\/span><\/p>\n<\/li>\n<\/ul>\n<p class=\"ds-markdown-paragraph\" style=\"text-align: justify;\"><span style=\"color: #000000;\"><strong>Neden Emeklilik Tasarruf Programlar\u0131?<\/strong><\/span><br \/>\n<span style=\"color: #000000;\">\u00c7\u00fcnk\u00fc emeklilik, hayat\u0131n\u0131z\u0131n en keyifli d\u00f6nemi olmal\u0131. Kendi birikimlerinizle olu\u015fturaca\u011f\u0131n\u0131z ek gelir, size \u00f6zg\u00fcrl\u00fck ve huzur verir. Devlet destekli bu programlar sayesinde, d\u00fczenli birikim yaparken ayn\u0131 zamanda devletten ald\u0131\u011f\u0131n\u0131z katk\u0131larla tasarruflar\u0131n\u0131z\u0131 b\u00fcy\u00fctebilirsiniz.<\/span><\/p>\n<p class=\"ds-markdown-paragraph\" style=\"text-align: justify;\"><span style=\"color: #000000;\"><strong>Unutmay\u0131n, emeklilik planlamas\u0131na ne kadar erken ba\u015flarsan\u0131z, gelecekte o kadar rahat edersiniz.<\/strong>\u00a0K\u00fc\u00e7\u00fck ama d\u00fczenli ad\u0131mlarla bug\u00fcnden yat\u0131r\u0131m yapmaya ba\u015flay\u0131n ve yar\u0131nlar\u0131n\u0131z\u0131 garanti alt\u0131na al\u0131n.<\/span><\/p>\n<p class=\"ds-markdown-paragraph\" style=\"text-align: justify;\"><span style=\"color: #000000;\"><strong>Hayallerinizdeki emeklili\u011fi ya\u015famak i\u00e7in \u015fimdi harekete ge\u00e7in!<\/strong>\u00a0Uzman dan\u0131\u015fmanlar\u0131m\u0131z, sizin i\u00e7in en uygun emeklilik tasarruf program\u0131n\u0131 se\u00e7menize ve gelece\u011finizi en iyi \u015fekilde planlaman\u0131za yard\u0131mc\u0131 olacakt\u0131r.<\/span><\/p>\n<p class=\"ds-markdown-paragraph\" style=\"text-align: justify;\"><span style=\"color: #000000;\"><strong>Gelece\u011finiz, bug\u00fcn verece\u011finiz kararla \u015fekillenecek. Hemen bize ula\u015f\u0131n ve emeklili\u011finizi garantileyin!<\/strong><\/span><\/p>\n","protected":false},"excerpt":{"rendered":"<p>Gelece\u011finize Yapaca\u011f\u0131n\u0131z En Ak\u0131ll\u0131 Yat\u0131r\u0131m: Emeklilik Odakl\u0131 Tasarruf Programlar\u0131 Almanya&#8217;da yeni bir hayata ba\u015flarken, sadece bug\u00fcn\u00fcn\u00fcz\u00fc de\u011fil, yar\u0131nlar\u0131n\u0131z\u0131 da g\u00fcvence alt\u0131na almak istersiniz. Emeklilik, hayat\u0131n\u0131z\u0131n tatilini \u00e7\u0131karma hayaliyle dolu bir d\u00f6nem olmal\u0131; maddi endi\u015felerle bo\u011fu\u015ftu\u011funuz bir zaman de\u011fil. Peki, emeklilik ya\u015fam\u0131n\u0131z\u0131n nas\u0131l olaca\u011f\u0131n\u0131 hi\u00e7 d\u00fc\u015f\u00fcnd\u00fcn\u00fcz m\u00fc? Almanya&#8217;da devlet destekli emeklilik tasarruf programlar\u0131, size bu konuda&nbsp;&hellip;<\/p>\n","protected":false},"author":1,"featured_media":0,"parent":0,"menu_order":0,"comment_status":"closed","ping_status":"closed","template":"","meta":{"footnotes":""},"class_list":["post-417","page","type-page","status-publish","hentry"],"_links":{"self":[{"href":"https:\/\/www.neustartfinanz.com\/index.php\/wp-json\/wp\/v2\/pages\/417","targetHints":{"allow":["GET"]}}],"collection":[{"href":"https:\/\/www.neustartfinanz.com\/index.php\/wp-json\/wp\/v2\/pages"}],"about":[{"href":"https:\/\/www.neustartfinanz.com\/index.php\/wp-json\/wp\/v2\/types\/page"}],"author":[{"embeddable":true,"href":"https:\/\/www.neustartfinanz.com\/index.php\/wp-json\/wp\/v2\/users\/1"}],"replies":[{"embeddable":true,"href":"https:\/\/www.neustartfinanz.com\/index.php\/wp-json\/wp\/v2\/comments?post=417"}],"version-history":[{"count":1,"href":"https:\/\/www.neustartfinanz.com\/index.php\/wp-json\/wp\/v2\/pages\/417\/revisions"}],"predecessor-version":[{"id":418,"href":"https:\/\/www.neustartfinanz.com\/index.php\/wp-json\/wp\/v2\/pages\/417\/revisions\/418"}],"wp:attachment":[{"href":"https:\/\/www.neustartfinanz.com\/index.php\/wp-json\/wp\/v2\/media?parent=417"}],"curies":[{"name":"wp","href":"https:\/\/api.w.org\/{rel}","templated":true}]}}