{"id":411,"date":"2025-09-14T08:08:21","date_gmt":"2025-09-14T08:08:21","guid":{"rendered":"https:\/\/www.neustartfinanz.com\/?page_id=411"},"modified":"2025-09-26T18:35:11","modified_gmt":"2025-09-26T18:35:11","slug":"siber-guvenlik-sigortasi-cyber-service-versicherung","status":"publish","type":"page","link":"https:\/\/www.neustartfinanz.com\/index.php\/siber-guvenlik-sigortasi-cyber-service-versicherung\/","title":{"rendered":"Siber G\u00fcvenlik Sigortas\u0131 (Cyber Service Versicherung)"},"content":{"rendered":"<h3 style=\"text-align: justify;\"><span style=\"color: #000000;\"><strong>\u0130\u015fletmenizin Dijital Kaleci: Siber G\u00fcvenlik Sigortas\u0131 (Cyber-Service-Versicherung)<\/strong><\/span><\/h3>\n<p class=\"ds-markdown-paragraph\" style=\"text-align: justify;\"><span style=\"color: #000000;\">Almanya&#8217;da kurdu\u011funuz i\u015fletmeniz, sadece fiziksel d\u00fcnyada de\u011fil, dijital d\u00fcnyada da b\u00fcy\u00fcyor ve de\u011fer yarat\u0131yor. M\u00fc\u015fteri verileriniz, fikri m\u00fclkiyetiniz, online itibar\u0131n\u0131z&#8230; Bunlar art\u0131k en de\u011ferli varl\u0131klar\u0131n\u0131z. Peki ya bir siber sald\u0131r\u0131 an\u0131nda t\u00fcm bu emekleriniz bir anda risk alt\u0131nda kalsa? Hissece\u011finiz endi\u015fe ve stresi tahmin edebiliyoruz.<\/span><\/p>\n<p class=\"ds-markdown-paragraph\" style=\"text-align: justify;\"><span style=\"color: #000000;\"><strong>Siber tehditler sadece b\u00fcy\u00fck \u015firketlerin sorunu de\u011fil; dijitalle\u015fen d\u00fcnyada her i\u015fletmenin ba\u015f\u0131na gelebilir.<\/strong>\u00a0Ancak endi\u015felenmeyin, \u00e7\u00fcnk\u00fc art\u0131k yaln\u0131z de\u011filsiniz.<\/span><\/p>\n<p class=\"ds-markdown-paragraph\" style=\"text-align: justify;\"><span style=\"color: #000000;\"><strong>Siber G\u00fcvenlik Sigortam\u0131z<\/strong>, i\u015fletmenizi siber risklere kar\u015f\u0131 proaktif bir \u015fekilde korumak i\u00e7in tasarland\u0131. Sizin i\u00e7in sadece bir sigorta de\u011fil, <strong>dijital bir partner sunuyoruz:<\/strong><\/span><\/p>\n<ul style=\"text-align: justify;\">\n<li>\n<p class=\"ds-markdown-paragraph\"><span style=\"color: #000000;\"><strong>\u00d6nleyici Dan\u0131\u015fmanl\u0131k ve Check-Up Hizmeti:<\/strong>\u00a0Olay olmadan \u00f6nce \u00f6nleminizi al\u0131n! Uzman ekibimizle yapaca\u011f\u0131n\u0131z\u00a0<strong>telefonik check-up g\u00f6r\u00fc\u015fmeleri<\/strong>\u00a0sayesinde siber g\u00fcvenlik a\u00e7\u0131klar\u0131n\u0131z\u0131 tespit edip \u00f6nlem alman\u0131za yard\u0131mc\u0131 oluyoruz.<\/span><\/p>\n<\/li>\n<li>\n<p class=\"ds-markdown-paragraph\"><span style=\"color: #000000;\"><strong>Siber G\u00fcvenlik E\u011fitimleri:<\/strong>\u00a0\u00c7al\u0131\u015fanlar\u0131n\u0131z\u0131 siber tehditlere kar\u015f\u0131 bilin\u00e7lendiriyoruz.\u00a0<strong>\u00d6nleyici e\u011fitimlerimizle<\/strong>\u00a0insan kaynakl\u0131 hatalar\u0131 en aza indirgiyor, i\u015fletmenizin insan firewall&#8217;unu g\u00fc\u00e7lendiriyoruz.<\/span><\/p>\n<\/li>\n<li>\n<p class=\"ds-markdown-paragraph\"><span style=\"color: #000000;\"><strong>Hukuki Dan\u0131\u015fmanl\u0131k ve Destek:<\/strong>\u00a0Siber bir olay ya\u015fand\u0131\u011f\u0131nda hukuki s\u00fcre\u00e7ler karma\u015f\u0131k ve y\u0131prat\u0131c\u0131 olabilir. Sizin i\u00e7in\u00a0<strong>hukuki ilk dan\u0131\u015fmanl\u0131\u011f\u0131 organize ediyor ve masraflar\u0131n\u0131 kar\u015f\u0131l\u0131yoruz.<\/strong>\u00a0Haklar\u0131n\u0131z\u0131 korurken yan\u0131n\u0131zday\u0131z.<\/span><\/p>\n<\/li>\n<\/ul>\n<p class=\"ds-markdown-paragraph\" style=\"text-align: justify;\"><span style=\"color: #000000;\"><strong>Dijital d\u00fcnyada i\u015fletmenizin s\u00fcreklili\u011fini ve itibar\u0131n\u0131 korumak art\u0131k \u00e7ok daha kolay.<\/strong>\u00a0Siz i\u015finize odaklan\u0131n, siber riskleri bize b\u0131rak\u0131n. \u00c7\u00fcnk\u00fc biz, sadece poli\u00e7e satm\u0131yoruz; i\u015f ortakl\u0131\u011f\u0131 yap\u0131yor ve sizin ba\u015far\u0131n\u0131za ortak olmak istiyoruz.<\/span><\/p>\n<p class=\"ds-markdown-paragraph\" style=\"text-align: justify;\"><span style=\"color: #000000;\"><strong>Dijital g\u00fcvenli\u011finizi ertelemeyin, \u00e7\u00fcnk\u00fc siber tehditler beklemez.<\/strong>\u00a0Uzman ekibimizle tan\u0131\u015fmak ve i\u015fletmenize \u00f6zel \u00e7\u00f6z\u00fcmlerimizi \u00f6\u011frenmek i\u00e7in hemen ileti\u015fime ge\u00e7in.<\/span><\/p>\n<p class=\"ds-markdown-paragraph\" style=\"text-align: justify;\"><span style=\"color: #000000;\"><strong>G\u00fcvende kal\u0131n, b\u00fcy\u00fcmeye devam edin.<\/strong><\/span><\/p>\n","protected":false},"excerpt":{"rendered":"<p>\u0130\u015fletmenizin Dijital Kaleci: Siber G\u00fcvenlik Sigortas\u0131 (Cyber-Service-Versicherung) Almanya&#8217;da kurdu\u011funuz i\u015fletmeniz, sadece fiziksel d\u00fcnyada de\u011fil, dijital d\u00fcnyada da b\u00fcy\u00fcyor ve de\u011fer yarat\u0131yor. M\u00fc\u015fteri verileriniz, fikri m\u00fclkiyetiniz, online itibar\u0131n\u0131z&#8230; Bunlar art\u0131k en de\u011ferli varl\u0131klar\u0131n\u0131z. Peki ya bir siber sald\u0131r\u0131 an\u0131nda t\u00fcm bu emekleriniz bir anda risk alt\u0131nda kalsa? Hissece\u011finiz endi\u015fe ve stresi tahmin edebiliyoruz. Siber tehditler sadece&nbsp;&hellip;<\/p>\n","protected":false},"author":1,"featured_media":501,"parent":0,"menu_order":0,"comment_status":"closed","ping_status":"closed","template":"","meta":{"footnotes":""},"class_list":["post-411","page","type-page","status-publish","has-post-thumbnail","hentry"],"_links":{"self":[{"href":"https:\/\/www.neustartfinanz.com\/index.php\/wp-json\/wp\/v2\/pages\/411","targetHints":{"allow":["GET"]}}],"collection":[{"href":"https:\/\/www.neustartfinanz.com\/index.php\/wp-json\/wp\/v2\/pages"}],"about":[{"href":"https:\/\/www.neustartfinanz.com\/index.php\/wp-json\/wp\/v2\/types\/page"}],"author":[{"embeddable":true,"href":"https:\/\/www.neustartfinanz.com\/index.php\/wp-json\/wp\/v2\/users\/1"}],"replies":[{"embeddable":true,"href":"https:\/\/www.neustartfinanz.com\/index.php\/wp-json\/wp\/v2\/comments?post=411"}],"version-history":[{"count":2,"href":"https:\/\/www.neustartfinanz.com\/index.php\/wp-json\/wp\/v2\/pages\/411\/revisions"}],"predecessor-version":[{"id":509,"href":"https:\/\/www.neustartfinanz.com\/index.php\/wp-json\/wp\/v2\/pages\/411\/revisions\/509"}],"wp:featuredmedia":[{"embeddable":true,"href":"https:\/\/www.neustartfinanz.com\/index.php\/wp-json\/wp\/v2\/media\/501"}],"wp:attachment":[{"href":"https:\/\/www.neustartfinanz.com\/index.php\/wp-json\/wp\/v2\/media?parent=411"}],"curies":[{"name":"wp","href":"https:\/\/api.w.org\/{rel}","templated":true}]}}