{"id":408,"date":"2025-09-14T08:04:27","date_gmt":"2025-09-14T08:04:27","guid":{"rendered":"https:\/\/www.neustartfinanz.com\/?page_id=408"},"modified":"2025-09-18T12:58:41","modified_gmt":"2025-09-18T12:58:41","slug":"isyeri-tasima-sigortasi-werkverkehrversicherung","status":"publish","type":"page","link":"https:\/\/www.neustartfinanz.com\/index.php\/isyeri-tasima-sigortasi-werkverkehrversicherung\/","title":{"rendered":"\u0130\u015fyeri Ta\u015f\u0131ma Sigortas\u0131 (Werkverkehrversicherung)"},"content":{"rendered":"<h3 style=\"text-align: justify;\"><span style=\"color: #000000;\"><strong>\u0130\u015finizin Yoldaki G\u00fcvencesi: \u0130\u015fyeri Ta\u015f\u0131ma Sigortas\u0131 (Werkverkehrversicherung)<\/strong><\/span><\/h3>\n<p class=\"ds-markdown-paragraph\" style=\"text-align: justify;\"><span style=\"color: #000000;\">Almanya&#8217;da emekle kurdu\u011funuz i\u015finiz, b\u00fcy\u00fcrken sizinle birlikte yollara d\u00fc\u015febilir. M\u00fc\u015fterinize teslim edece\u011finiz bir \u00fcr\u00fcn, \u015fantiyenizde ihtiya\u00e7 duyulan de\u011ferli bir ekipman veya ticari bir belge&#8230;\u00a0<strong>Ta\u015f\u0131d\u0131\u011f\u0131n\u0131z her \u015fey, i\u015finizin bir par\u00e7as\u0131 ve ba\u015far\u0131n\u0131z\u0131n bir temsilcisidir.<\/strong><\/span><\/p>\n<p class=\"ds-markdown-paragraph\" style=\"text-align: justify;\"><span style=\"color: #000000;\">Peki ya yolda beklenmedik bir kaza, k\u00f6t\u00fc niyetli bir durum veya do\u011fa olaylar\u0131 nedeniyle ta\u015f\u0131d\u0131\u011f\u0131n\u0131z de\u011ferli y\u00fck\u00fcn\u00fcz zarar g\u00f6r\u00fcrse? Sadece maddi kay\u0131p de\u011fil, m\u00fc\u015fterinize verdi\u011finiz s\u00f6z\u00fcn aksamas\u0131, itibar\u0131n\u0131z\u0131n zedelenmesi ve i\u00e7inize d\u00fc\u015fen o derin endi\u015fe&#8230;<\/span><\/p>\n<p class=\"ds-markdown-paragraph\" style=\"text-align: justify;\"><span style=\"color: #000000;\"><strong>\u0130\u015fte tam da bu endi\u015feyi i\u00e7inizden silmek ve size yolda da g\u00fcvence hissi vermek i\u00e7in buraday\u0131z.<\/strong><\/span><\/p>\n<p class=\"ds-markdown-paragraph\" style=\"text-align: justify;\"><span style=\"color: #000000;\">Size \u00f6zel sundu\u011fumuz\u00a0<strong>\u0130\u015fyeri Ta\u015f\u0131ma Sigortas\u0131<\/strong>, y\u00fck\u00fcn\u00fcz\u00fc yola \u00e7\u0131kt\u0131\u011f\u0131 andan varaca\u011f\u0131 noktaya kadar titizlikle korur. Sizin i\u00e7in s\u0131radan bir teminat de\u011fil;\u00a0<strong>i\u00e7inizi rahatlatacak geni\u015f ve g\u00fc\u00e7l\u00fc bir kalkan<\/strong>\u00a0sunuyoruz:<\/span><\/p>\n<ul style=\"text-align: justify;\">\n<li>\n<p class=\"ds-markdown-paragraph\"><span style=\"color: #000000;\"><strong>B\u00fcy\u00fck Dikkatsizlikte Bile Tazminat (Verzicht auf die K\u00fcrzung bei grob fahrl\u00e4ssig herbeigef\u00fchrten Sch\u00e4den):<\/strong>\u00a0Yo\u011fun i\u015f temposunda ya\u015fanabilecek bir insan hatas\u0131 veya dalg\u0131nl\u0131k&#8230; \u0130stemeyerek sebep oldu\u011funuz hasarlarda bile tazminat\u0131n\u0131zda\u00a0<strong>kesinti yapm\u0131yoruz.<\/strong>\u00a0Amac\u0131m\u0131z, zor an\u0131n\u0131zda yan\u0131n\u0131zda olmak ve i\u015finizi garanti alt\u0131na almakt\u0131r.<\/span><\/p>\n<\/li>\n<li>\n<p class=\"ds-markdown-paragraph\"><span style=\"color: #000000;\"><strong>Ta\u015f\u0131ma S\u00fcrecindeki \u00c7ok Kapsaml\u0131 Riskler Dahil:<\/strong>\u00a0Y\u00fck\u00fcn\u00fcz; kaza, do\u011fal afet, arac\u0131n tamamen \u00e7al\u0131nmas\u0131, ara\u00e7 k\u0131r\u0131larak yap\u0131lan h\u0131rs\u0131zl\u0131k, gasp veya k\u00f6t\u00fcye kullan\u0131m gibi beklenmedik durumlara kar\u015f\u0131 bizim g\u00fcvencemiz alt\u0131ndad\u0131r.\u00a0<strong>Yolda kar\u015f\u0131la\u015fabilece\u011finiz neredeyse t\u00fcm risklere kar\u015f\u0131 yan\u0131n\u0131zday\u0131z.<\/strong><\/span><\/p>\n<\/li>\n<li>\n<p class=\"ds-markdown-paragraph\"><span style=\"color: #000000;\"><strong>Ek Kap\u0131dan Kap\u0131ya Teminat (Zus\u00e4tzliche Haus-zu-Haus-Deckung):<\/strong>\u00a0Y\u00fck\u00fcn\u00fcz, sadece ta\u015f\u0131ma arac\u0131ndayken de\u011fil;\u00a0<strong>al\u0131c\u0131n\u0131n deposuna ya da sizin i\u015fyerinize varana kadar<\/strong>\u00a0ge\u00e7en s\u00fcre\u00e7te de g\u00fcvencemiz alt\u0131ndad\u0131r. E\u015fyan\u0131z nerede olursa olsun, biz ona g\u00f6z kulak oluyoruz.<\/span><\/p>\n<\/li>\n<\/ul>\n<p class=\"ds-markdown-paragraph\" style=\"text-align: justify;\"><span style=\"color: #000000;\"><strong>\u0130\u015finiz b\u00fcy\u00fcs\u00fcn, y\u00fck\u00fcn\u00fcz hafiflesin diye&#8230;<\/strong>\u00a0Siz yola \u00e7\u0131karken i\u00e7iniz rahat olsun diye haz\u0131rlad\u0131\u011f\u0131m\u0131z bu sigorta ile art\u0131k ta\u015f\u0131ma stresi ya\u015famayacaks\u0131n\u0131z. M\u00fc\u015fterinize verdi\u011finiz s\u00f6z\u00fc tutman\u0131n, itibar\u0131n\u0131z\u0131 koruman\u0131n ve i\u015finizi g\u00fcvenceyle b\u00fcy\u00fctmenin huzurunu ya\u015fayacaks\u0131n\u0131z.<\/span><\/p>\n<p class=\"ds-markdown-paragraph\" style=\"text-align: justify;\"><span style=\"color: #000000;\"><strong>G\u00fcvenle yol alabilmeniz i\u00e7in ilk ad\u0131m\u0131 \u015fimdi at\u0131n.<\/strong>\u00a0Uzman dan\u0131\u015fmanlar\u0131m\u0131z, ta\u015f\u0131d\u0131\u011f\u0131n\u0131z y\u00fck\u00fcn \u00f6zelliklerine g\u00f6re en uygun koruma plan\u0131n\u0131 sizinle birlikte olu\u015ftursun.<\/span><\/p>\n<p class=\"ds-markdown-paragraph\" style=\"text-align: justify;\"><span style=\"color: #000000;\"><strong>Yar\u0131nlar\u0131n\u0131za ta\u015f\u0131yaca\u011f\u0131n\u0131z en de\u011ferli y\u00fck, bug\u00fcn ald\u0131\u011f\u0131n\u0131z bu g\u00fcvencedir.<\/strong><\/span><\/p>\n","protected":false},"excerpt":{"rendered":"<p>\u0130\u015finizin Yoldaki G\u00fcvencesi: \u0130\u015fyeri Ta\u015f\u0131ma Sigortas\u0131 (Werkverkehrversicherung) Almanya&#8217;da emekle kurdu\u011funuz i\u015finiz, b\u00fcy\u00fcrken sizinle birlikte yollara d\u00fc\u015febilir. M\u00fc\u015fterinize teslim edece\u011finiz bir \u00fcr\u00fcn, \u015fantiyenizde ihtiya\u00e7 duyulan de\u011ferli bir ekipman veya ticari bir belge&#8230;\u00a0Ta\u015f\u0131d\u0131\u011f\u0131n\u0131z her \u015fey, i\u015finizin bir par\u00e7as\u0131 ve ba\u015far\u0131n\u0131z\u0131n bir temsilcisidir. Peki ya yolda beklenmedik bir kaza, k\u00f6t\u00fc niyetli bir durum veya do\u011fa olaylar\u0131 nedeniyle ta\u015f\u0131d\u0131\u011f\u0131n\u0131z&nbsp;&hellip;<\/p>\n","protected":false},"author":1,"featured_media":497,"parent":0,"menu_order":0,"comment_status":"closed","ping_status":"closed","template":"","meta":{"footnotes":""},"class_list":["post-408","page","type-page","status-publish","has-post-thumbnail","hentry"],"_links":{"self":[{"href":"https:\/\/www.neustartfinanz.com\/index.php\/wp-json\/wp\/v2\/pages\/408","targetHints":{"allow":["GET"]}}],"collection":[{"href":"https:\/\/www.neustartfinanz.com\/index.php\/wp-json\/wp\/v2\/pages"}],"about":[{"href":"https:\/\/www.neustartfinanz.com\/index.php\/wp-json\/wp\/v2\/types\/page"}],"author":[{"embeddable":true,"href":"https:\/\/www.neustartfinanz.com\/index.php\/wp-json\/wp\/v2\/users\/1"}],"replies":[{"embeddable":true,"href":"https:\/\/www.neustartfinanz.com\/index.php\/wp-json\/wp\/v2\/comments?post=408"}],"version-history":[{"count":1,"href":"https:\/\/www.neustartfinanz.com\/index.php\/wp-json\/wp\/v2\/pages\/408\/revisions"}],"predecessor-version":[{"id":409,"href":"https:\/\/www.neustartfinanz.com\/index.php\/wp-json\/wp\/v2\/pages\/408\/revisions\/409"}],"wp:featuredmedia":[{"embeddable":true,"href":"https:\/\/www.neustartfinanz.com\/index.php\/wp-json\/wp\/v2\/media\/497"}],"wp:attachment":[{"href":"https:\/\/www.neustartfinanz.com\/index.php\/wp-json\/wp\/v2\/media?parent=408"}],"curies":[{"name":"wp","href":"https:\/\/api.w.org\/{rel}","templated":true}]}}