{"id":398,"date":"2025-09-13T13:37:33","date_gmt":"2025-09-13T13:37:33","guid":{"rendered":"https:\/\/www.neustartfinanz.com\/?page_id=398"},"modified":"2025-09-18T12:12:52","modified_gmt":"2025-09-18T12:12:52","slug":"emlak-esyasi-sigortasi","status":"publish","type":"page","link":"https:\/\/www.neustartfinanz.com\/index.php\/emlak-esyasi-sigortasi\/","title":{"rendered":"Emlak E\u015fyas\u0131 Sigortas\u0131"},"content":{"rendered":"<h3 style=\"text-align: justify;\"><span style=\"color: #000000;\"><strong>\u0130\u015fletmenizin Kalbi: Emlak E\u015fyas\u0131 Sigortas\u0131 (Sachinhaltsversicherung)<\/strong><\/span><\/h3>\n<p class=\"ds-markdown-paragraph\" style=\"text-align: justify;\"><span style=\"color: #000000;\">Almanya&#8217;da yeni bir hayata ve kendi i\u015finizi kurmaya ad\u0131m att\u0131\u011f\u0131n\u0131z bu \u00f6nemli yolculukta, her detay b\u00fcy\u00fck bir \u00f6zenle haz\u0131rland\u0131. O ofis masas\u0131, o misafir koltuklar\u0131, en son teknoloji cihazlar\u0131n\u0131z&#8230; Hepsi, i\u015fletmenizin y\u00fcz\u00fc ve sizin eme\u011finizin somut birer kan\u0131t\u0131.\u00a0<strong>Onlar sadece e\u015fya de\u011fil, ba\u015far\u0131 hikayenizin sessiz tan\u0131klar\u0131.<\/strong><\/span><\/p>\n<div class=\"dad65929\" style=\"text-align: justify;\">\n<div class=\"_4f9bf79 d7dc56a8 _43c05b5\">\n<div class=\"ds-message _656c965\">\n<div class=\"ds-markdown\">\n<p class=\"ds-markdown-paragraph\"><span style=\"color: #000000;\">Peki ya bir yang\u0131n, bir su bask\u0131n\u0131 veya beklenmedik bir h\u0131rs\u0131zl\u0131k&#8230; Bu de\u011ferli par\u00e7alar bir anda hasar g\u00f6rebilir. \u0130\u015fte b\u00f6yle bir anda, sadece maddi bir kayb\u0131n de\u011fil, emeklerinize ve hayallerinize vurulacak bir darbenin endi\u015fesini ya\u015fars\u0131n\u0131z.<\/span><\/p>\n<p class=\"ds-markdown-paragraph\"><span style=\"color: #000000;\"><strong>Bizim g\u00f6revimiz, bu endi\u015feyi i\u00e7inizden tamamen silmek ve size tam bir g\u00fcvenlik hissi sunmakt\u0131r.<\/strong><\/span><\/p>\n<p class=\"ds-markdown-paragraph\"><span style=\"color: #000000;\">Size \u00f6zel olarak sundu\u011fumuz\u00a0<strong>Emlak E\u015fyas\u0131 Sigortas\u0131<\/strong>, i\u015fletmenizin fiziksel varl\u0131\u011f\u0131n\u0131, Almanya&#8217;da kar\u015f\u0131la\u015fabilece\u011fi hemen hemen t\u00fcm risklere kar\u015f\u0131 adeta bir z\u0131rh gibi korur. Sizi ve i\u015finizi \u00f6nemsedi\u011fimiz i\u00e7in, standart poli\u00e7elerde bulunmayan bir\u00e7ok \u00fcst\u00fcn avantaj\u0131 sunuyoruz:<\/span><\/p>\n<ul>\n<li>\n<p class=\"ds-markdown-paragraph\"><span style=\"color: #000000;\"><strong>B\u00fcy\u00fck Dikkatsizlikte Bile Tazminat (Verzicht auf die K\u00fcrzung bei grob fahrl\u00e4ssig herbeigef\u00fchrten Sch\u00e4den):<\/strong>\u00a0Unuttu\u011funuz bir musluk veya bir anl\u0131k dalg\u0131nl\u0131k&#8230; \u0130stemeyerek ve b\u00fcy\u00fck dikkatsizlikle sebep oldu\u011funuz hasarlarda bile tazminat\u0131n\u0131zda\u00a0<strong>kesinti yapm\u0131yoruz.<\/strong>\u00a0Size g\u00fcveniyoruz, \u00e7\u00fcnk\u00fc amac\u0131m\u0131z cezaland\u0131rmak de\u011fil, yan\u0131n\u0131zda olmakt\u0131r.<\/span><\/p>\n<\/li>\n<li>\n<p class=\"ds-markdown-paragraph\"><span style=\"color: #000000;\"><strong>Eksik Sigorta Cezas\u0131 Yok (Unterversicherungsverzicht):<\/strong>\u00a0De\u011ferleri do\u011fru beyan etti\u011finiz s\u00fcrece, e\u015fyalar\u0131n\u0131z\u0131n de\u011ferini tam olarak sigortalayamad\u0131ysan\u0131z bile, hasar durumunda\u00a0<strong>tazminat\u0131n\u0131zda indirim yapm\u0131yoruz.<\/strong>\u00a0Huzurunuz i\u00e7in bu riski de \u00fcstleniyoruz.<\/span><\/p>\n<\/li>\n<li>\n<p class=\"ds-markdown-paragraph\"><span style=\"color: #000000;\"><strong>Yeni De\u011fer Garantisi (Neuwertentsch\u00e4digung):<\/strong>\u00a0Hasarl\u0131 e\u015fyan\u0131z\u0131, eskimi\u015f bir de\u011ferle de\u011fil,\u00a0<strong>yenisini alabilece\u011finiz bedelle<\/strong>\u00a0tazmin ediyoruz. &#8220;Eski mal\u0131n eski pahas\u0131&#8221; derdi sizin i\u00e7in ge\u00e7erli de\u011fil.<\/span><\/p>\n<\/li>\n<li>\n<p class=\"ds-markdown-paragraph\"><span style=\"color: #000000;\"><strong>Geni\u015fletilmi\u015f F\u0131rt\u0131na ve H\u0131rs\u0131zl\u0131k Kapsam\u0131:<\/strong>\u00a0Sadece binan\u0131n i\u00e7i de\u011fil; d\u0131\u015far\u0131daki\u00a0<strong>masalar\u0131n\u0131z, sandalyeleriniz, \u0131s\u0131t\u0131c\u0131lar\u0131n\u0131z, reklam tabelalar\u0131n\u0131z, \u0131\u015f\u0131klar\u0131n\u0131z ve posterleriniz<\/strong>\u00a0de f\u0131rt\u0131na ve h\u0131rs\u0131zl\u0131\u011fa kar\u015f\u0131 bizim g\u00fcvencemiz alt\u0131nda.<\/span><\/p>\n<\/li>\n<li>\n<p class=\"ds-markdown-paragraph\"><span style=\"color: #000000;\"><strong>Y\u0131ld\u0131r\u0131m Kaynakl\u0131 A\u015f\u0131r\u0131 Gerilim Hasarlar\u0131 (Fazlas\u0131z):<\/strong>\u00a0Bir f\u0131rt\u0131na s\u0131ras\u0131nda y\u0131ld\u0131r\u0131m d\u00fc\u015fmesi sonucu elektronik cihazlar\u0131n\u0131zda olu\u015fabilecek hasarlar,\u00a0<strong>ekstra bir \u00f6deme (kendi kat\u0131l\u0131m pay\u0131) olmaks\u0131z\u0131n<\/strong>\u00a0poli\u00e7emiz kapsam\u0131ndad\u0131r.<\/span><\/p>\n<\/li>\n<li>\n<p class=\"ds-markdown-paragraph\"><span style=\"color: #000000;\"><strong>\u0130\u015fletme Ta\u015f\u0131nmas\u0131nda 3 Aya Kadar Otomatik Koruma:<\/strong>\u00a0Almanya i\u00e7inde i\u015fletmenizi ta\u015f\u0131man\u0131z gerekti\u011finde, yeni yerinize ta\u015f\u0131nd\u0131ktan sonraki\u00a0<strong>3 ay boyunca<\/strong>\u00a0sigorta koruman\u0131z\u00a0<strong>otomatik olarak<\/strong>\u00a0devam eder. Bu s\u00fcre\u00e7teki ge\u00e7i\u015f d\u00f6neminde de yaln\u0131z de\u011filsiniz.<\/span><\/p>\n<\/li>\n<\/ul>\n<p class=\"ds-markdown-paragraph\"><span style=\"color: #000000;\"><strong>\u0130\u015fletmeniz, sizin ikinci evinizdir. \u0130\u00e7indeki her \u015fey ise o evin bir par\u00e7as\u0131.<\/strong>\u00a0Onlar\u0131 korumak, gelece\u011finize yapt\u0131\u011f\u0131n\u0131z en ak\u0131ll\u0131 yat\u0131r\u0131md\u0131r. Siz i\u015finizi b\u00fcy\u00fctmeye odaklan\u0131n, e\u015fyalar\u0131n\u0131z\u0131n ve eme\u011finizin g\u00fcvencesini bize b\u0131rak\u0131n.<\/span><\/p>\n<p class=\"ds-markdown-paragraph\"><span style=\"color: #000000;\"><strong>G\u00fcvenle ilerlemek i\u00e7in hemen bizimle ileti\u015fime ge\u00e7in.<\/strong>\u00a0Uzman dan\u0131\u015fmanlar\u0131m\u0131z, i\u015fletmenizin ihtiya\u00e7lar\u0131n\u0131 analiz ederek sizin i\u00e7in en uygun koruma plan\u0131n\u0131 birlikte olu\u015ftursun.<\/span><\/p>\n<p class=\"ds-markdown-paragraph\"><span style=\"color: #000000;\"><strong>Yar\u0131nlar\u0131n\u0131z, bug\u00fcnk\u00fc g\u00fcvencenizle daha ayd\u0131nl\u0131k olsun.<\/strong><\/span><\/p>\n<\/div>\n<\/div>\n<div class=\"ds-theme\"><\/div>\n<div class=\"ds-flex _0a3d93b\">\n<div class=\"ds-flex _965abe9 _54866f7\">\n<div class=\"_17e543b db183363\" tabindex=\"-1\" role=\"button\" aria-disabled=\"false\">\n<div class=\"ds-icon\"><\/div>\n<\/div>\n<div class=\"_17e543b db183363\" tabindex=\"-1\" role=\"button\" aria-disabled=\"false\">\n<div class=\"ds-icon\"><\/div>\n<\/div>\n<div class=\"_17e543b db183363\" tabindex=\"-1\" role=\"button\" aria-disabled=\"false\">\n<div class=\"ds-icon\"><\/div>\n<\/div>\n<div class=\"_17e543b db183363\" tabindex=\"-1\" role=\"button\" aria-disabled=\"false\">\n<div class=\"ds-icon\"><\/div>\n<\/div>\n<\/div>\n<div><\/div>\n<\/div>\n<\/div>\n<\/div>\n<div class=\"_88681e8\" style=\"text-align: justify;\">\n<div class=\"ds-icon\"><\/div>\n<p><span style=\"color: #000000;\"><button class=\"feec6a7a _217e214 _090c426 _6894dc3 _3b6959b\" role=\"button\" aria-disabled=\"false\"><span class=\"\">New chat<\/span><\/button><\/span><\/div>\n<div class=\"_871cbca\">\n<div class=\"d72636e2\" style=\"text-align: justify;\"><\/div>\n<div class=\"aaff8b8f\">\n<div class=\"_77cefa5 _3d616d3\">\n<div class=\"_020ab5b\">\n<div class=\"_24fad49\">\n<div class=\"ds-scroll-area__gutters\">\n<div class=\"ds-scroll-area__horizontal-gutter\" style=\"text-align: justify;\"><\/div>\n<div class=\"ds-scroll-area__vertical-gutter\" style=\"text-align: justify;\"><\/div>\n<\/div>\n<\/div>\n<\/div>\n<\/div>\n<\/div>\n<\/div>\n","protected":false},"excerpt":{"rendered":"<p>\u0130\u015fletmenizin Kalbi: Emlak E\u015fyas\u0131 Sigortas\u0131 (Sachinhaltsversicherung) Almanya&#8217;da yeni bir hayata ve kendi i\u015finizi kurmaya ad\u0131m att\u0131\u011f\u0131n\u0131z bu \u00f6nemli yolculukta, her detay b\u00fcy\u00fck bir \u00f6zenle haz\u0131rland\u0131. O ofis masas\u0131, o misafir koltuklar\u0131, en son teknoloji cihazlar\u0131n\u0131z&#8230; Hepsi, i\u015fletmenizin y\u00fcz\u00fc ve sizin eme\u011finizin somut birer kan\u0131t\u0131.\u00a0Onlar sadece e\u015fya de\u011fil, ba\u015far\u0131 hikayenizin sessiz tan\u0131klar\u0131. Peki ya bir yang\u0131n,&nbsp;&hellip;<\/p>\n","protected":false},"author":1,"featured_media":493,"parent":0,"menu_order":0,"comment_status":"closed","ping_status":"closed","template":"","meta":{"footnotes":""},"class_list":["post-398","page","type-page","status-publish","has-post-thumbnail","hentry"],"_links":{"self":[{"href":"https:\/\/www.neustartfinanz.com\/index.php\/wp-json\/wp\/v2\/pages\/398","targetHints":{"allow":["GET"]}}],"collection":[{"href":"https:\/\/www.neustartfinanz.com\/index.php\/wp-json\/wp\/v2\/pages"}],"about":[{"href":"https:\/\/www.neustartfinanz.com\/index.php\/wp-json\/wp\/v2\/types\/page"}],"author":[{"embeddable":true,"href":"https:\/\/www.neustartfinanz.com\/index.php\/wp-json\/wp\/v2\/users\/1"}],"replies":[{"embeddable":true,"href":"https:\/\/www.neustartfinanz.com\/index.php\/wp-json\/wp\/v2\/comments?post=398"}],"version-history":[{"count":1,"href":"https:\/\/www.neustartfinanz.com\/index.php\/wp-json\/wp\/v2\/pages\/398\/revisions"}],"predecessor-version":[{"id":399,"href":"https:\/\/www.neustartfinanz.com\/index.php\/wp-json\/wp\/v2\/pages\/398\/revisions\/399"}],"wp:featuredmedia":[{"embeddable":true,"href":"https:\/\/www.neustartfinanz.com\/index.php\/wp-json\/wp\/v2\/media\/493"}],"wp:attachment":[{"href":"https:\/\/www.neustartfinanz.com\/index.php\/wp-json\/wp\/v2\/media?parent=398"}],"curies":[{"name":"wp","href":"https:\/\/api.w.org\/{rel}","templated":true}]}}