{"id":391,"date":"2025-09-13T13:28:48","date_gmt":"2025-09-13T13:28:48","guid":{"rendered":"https:\/\/www.neustartfinanz.com\/?page_id=391"},"modified":"2025-09-18T12:05:19","modified_gmt":"2025-09-18T12:05:19","slug":"is-mesleki-sorumluluk-sigortasi","status":"publish","type":"page","link":"https:\/\/www.neustartfinanz.com\/index.php\/is-mesleki-sorumluluk-sigortasi\/","title":{"rendered":"\u0130\u015f-Mesleki Sorumluluk Sigortas\u0131"},"content":{"rendered":"<h3 style=\"text-align: justify;\"><span style=\"color: #000000;\"><strong>\u0130\u015fletmenizin Sars\u0131lmaz Temeli:<\/strong><\/span><\/h3>\n<h3><span style=\"color: #000000;\"><strong>\u0130\u015f \/ Mesleki Sorumluluk Sigortas\u0131 (Betriebs-\/Berufshaftpflichtversicherung)<\/strong><\/span><\/h3>\n<p class=\"ds-markdown-paragraph\" style=\"text-align: justify;\"><span style=\"color: #000000;\">Almanya&#8217;da yeni bir hayata ve kendi i\u015finizi kurmaya ad\u0131m att\u0131\u011f\u0131n\u0131z bu heyecanl\u0131 yolculukta, emeklerinizi ve hayallerinizi g\u00fcvence alt\u0131na almak en b\u00fcy\u00fck \u00f6nceli\u011finiz.\u00a0<strong>\u0130\u015fletmeniz, sizin en de\u011ferli varl\u0131\u011f\u0131n\u0131z.<\/strong>\u00a0Onu sadece f\u0131rsatlara kar\u015f\u0131 de\u011fil, beklenmedik risklere kar\u015f\u0131 da korumak sizin elinizde.<\/span><\/p>\n<p class=\"ds-markdown-paragraph\" style=\"text-align: justify;\"><span style=\"color: #000000;\">Bir anl\u0131k dikkatsizlik, k\u00fc\u00e7\u00fck bir hata veya \u00f6ng\u00f6remedi\u011finiz bir durum, y\u0131llar\u0131n eme\u011fiyle kurdu\u011funuz itibar\u0131 ve mali yap\u0131y\u0131 sarsabilir. M\u00fc\u015fterinize, bir \u00fc\u00e7\u00fcnc\u00fc \u015fah\u0131sa veya \u00e7evreye istemeden verebilece\u011finiz bir zarar, maddi ve manevi olarak y\u0131prat\u0131c\u0131 sonu\u00e7lar do\u011furabilir.<\/span><\/p>\n<p class=\"ds-markdown-paragraph\" style=\"text-align: justify;\"><span style=\"color: #000000;\"><strong>\u0130\u015fte tam da bu endi\u015feleri akl\u0131n\u0131zdan silmek ve sizi gelece\u011fe g\u00fcvenle bakman\u0131z\u0131 sa\u011flamak i\u00e7in buraday\u0131z.<\/strong><\/span><\/p>\n<p class=\"ds-markdown-paragraph\" style=\"text-align: justify;\"><span style=\"color: #000000;\">Size \u00f6zel olarak sundu\u011fumuz\u00a0<strong>\u0130\u015f Sorumluluk Sigortas\u0131<\/strong>, i\u015fletmenizi Almanya&#8217;n\u0131n titiz yasal ortam\u0131nda, i\u00e7iniz rahat bir \u015fekilde y\u00f6netebilmeniz i\u00e7in tasarland\u0131. Sadece ola\u011fan risklere kar\u015f\u0131 de\u011fil,\u00a0<strong>en beklenmedik senaryolara kar\u015f\u0131 dahi geni\u015f bir koruma kalkan\u0131<\/strong>\u00a0sunuyoruz:<\/span><\/p>\n<ul style=\"text-align: justify;\">\n<li>\n<p class=\"ds-markdown-paragraph\"><span style=\"color: #000000;\"><strong>Zaman \u0130\u00e7inde Yava\u015f Yava\u015f Olu\u015fan Hasarlar Dahil (Allm\u00e4hlichkeitssch\u00e4den):<\/strong>\u00a0Ani bir kaza de\u011fil, zamanla yava\u015f yava\u015f meydana gelen (\u00f6rne\u011fin, s\u0131zan bir kimyasal\u0131n uzun vadede yol a\u00e7t\u0131\u011f\u0131) hasarlar bile poli\u00e7emiz kapsam\u0131ndad\u0131r. Bu, bir\u00e7ok standart sigortada bulunmayan \u00e7ok kritik bir korumad\u0131r.<\/span><\/p>\n<\/li>\n<li>\n<p class=\"ds-markdown-paragraph\"><span style=\"color: #000000;\"><strong>\u00c7evresel Sorumluluk ve \u00c7evre Hasar Sigortas\u0131 Dahil (Umwelthaftpflicht &#8211; inklusive):<\/strong>\u00a0Do\u011faya verdi\u011finiz bir zarar, \u00e7ok y\u00fcksek tazminat bedellerine yol a\u00e7abilir. Biz sizi, \u00e7evre kirlili\u011fi ve bunun sonu\u00e7lar\u0131na kar\u015f\u0131 da koruyoruz. Hem itibar\u0131n\u0131z\u0131 hem de mali durumunuzu \u00e7evresel risklere kar\u015f\u0131 g\u00fcvence alt\u0131na al\u0131yoruz.<\/span><\/p>\n<\/li>\n<li>\n<p class=\"ds-markdown-paragraph\"><span style=\"color: #000000;\"><strong>Su Kirletici Maddeler \u0130\u00e7in Depolama Tanklar\u0131 Dahil (z.B. Mineral\u00f6l bis max. 50.000 Liter):<\/strong>\u00a0\u0130\u015fletmenizde suyu kirletebilecek maddeler (\u00f6rne\u011fin mazot, fuel oil) i\u00e7in depolama tank\u0131n\u0131z varsa endi\u015felenmeyin. Toplam 50.000 litre kapasiteye kadar bu tanklardan s\u0131z\u0131labilecek maddelerin yol a\u00e7aca\u011f\u0131 hasarlar da poli\u00e7emiz kapsam\u0131ndad\u0131r.<\/span><\/p>\n<\/li>\n<\/ul>\n<p class=\"ds-markdown-paragraph\" style=\"text-align: justify;\"><span style=\"color: #000000;\"><strong>Hayalinizdeki i\u015fi kurarken, i\u00e7inizdeki giri\u015fimci ruhu ve cesareti koruyun.<\/strong>\u00a0Biz, olas\u0131 riskleri ve yasal y\u00fck\u00fcml\u00fcl\u00fckleri sizin yerinize d\u00fc\u015f\u00fcnelim. Siz, yapmak i\u00e7in buraya geldi\u011finiz i\u015finize, b\u00fcy\u00fcme ve ba\u015far\u0131 hikayenize odaklan\u0131n.<\/span><\/p>\n<p class=\"ds-markdown-paragraph\" style=\"text-align: justify;\"><span style=\"color: #000000;\"><strong>G\u00fcvenle ilerleyebilmeniz i\u00e7in ilk ad\u0131m\u0131 \u015fimdi at\u0131n.<\/strong>\u00a0Uzman sigorta dan\u0131\u015fmanlar\u0131m\u0131z, sizin \u00f6zel ihtiya\u00e7lar\u0131n\u0131z\u0131 dinleyerek, i\u015fletmenize \u00f6zel en uygun koruma paketini birlikte olu\u015ftural\u0131m.<\/span><\/p>\n<p class=\"ds-markdown-paragraph\" style=\"text-align: justify;\"><span style=\"color: #000000;\"><strong>Yar\u0131nlar\u0131n\u0131z, bug\u00fcn alaca\u011f\u0131n\u0131z do\u011fru bir kararla \u015fekillenecek.<\/strong><\/span><\/p>\n","protected":false},"excerpt":{"rendered":"<p>\u0130\u015fletmenizin Sars\u0131lmaz Temeli: \u0130\u015f \/ Mesleki Sorumluluk Sigortas\u0131 (Betriebs-\/Berufshaftpflichtversicherung) Almanya&#8217;da yeni bir hayata ve kendi i\u015finizi kurmaya ad\u0131m att\u0131\u011f\u0131n\u0131z bu heyecanl\u0131 yolculukta, emeklerinizi ve hayallerinizi g\u00fcvence alt\u0131na almak en b\u00fcy\u00fck \u00f6nceli\u011finiz.\u00a0\u0130\u015fletmeniz, sizin en de\u011ferli varl\u0131\u011f\u0131n\u0131z.\u00a0Onu sadece f\u0131rsatlara kar\u015f\u0131 de\u011fil, beklenmedik risklere kar\u015f\u0131 da korumak sizin elinizde. Bir anl\u0131k dikkatsizlik, k\u00fc\u00e7\u00fck bir hata veya \u00f6ng\u00f6remedi\u011finiz bir&nbsp;&hellip;<\/p>\n","protected":false},"author":1,"featured_media":491,"parent":0,"menu_order":0,"comment_status":"closed","ping_status":"closed","template":"","meta":{"footnotes":""},"class_list":["post-391","page","type-page","status-publish","has-post-thumbnail","hentry"],"_links":{"self":[{"href":"https:\/\/www.neustartfinanz.com\/index.php\/wp-json\/wp\/v2\/pages\/391","targetHints":{"allow":["GET"]}}],"collection":[{"href":"https:\/\/www.neustartfinanz.com\/index.php\/wp-json\/wp\/v2\/pages"}],"about":[{"href":"https:\/\/www.neustartfinanz.com\/index.php\/wp-json\/wp\/v2\/types\/page"}],"author":[{"embeddable":true,"href":"https:\/\/www.neustartfinanz.com\/index.php\/wp-json\/wp\/v2\/users\/1"}],"replies":[{"embeddable":true,"href":"https:\/\/www.neustartfinanz.com\/index.php\/wp-json\/wp\/v2\/comments?post=391"}],"version-history":[{"count":4,"href":"https:\/\/www.neustartfinanz.com\/index.php\/wp-json\/wp\/v2\/pages\/391\/revisions"}],"predecessor-version":[{"id":397,"href":"https:\/\/www.neustartfinanz.com\/index.php\/wp-json\/wp\/v2\/pages\/391\/revisions\/397"}],"wp:featuredmedia":[{"embeddable":true,"href":"https:\/\/www.neustartfinanz.com\/index.php\/wp-json\/wp\/v2\/media\/491"}],"wp:attachment":[{"href":"https:\/\/www.neustartfinanz.com\/index.php\/wp-json\/wp\/v2\/media?parent=391"}],"curies":[{"name":"wp","href":"https:\/\/api.w.org\/{rel}","templated":true}]}}