{"id":379,"date":"2025-09-09T10:33:14","date_gmt":"2025-09-09T10:33:14","guid":{"rendered":"https:\/\/www.neustartfinanz.com\/?page_id=379"},"modified":"2025-09-09T10:33:14","modified_gmt":"2025-09-09T10:33:14","slug":"isletme-sigortalari","status":"publish","type":"page","link":"https:\/\/www.neustartfinanz.com\/index.php\/isletme-sigortalari\/","title":{"rendered":"\u0130\u015fletme Sigortalar\u0131"},"content":{"rendered":"<ol>\n<li><span style=\"color: #000000;\">\u0130\u015f\/Meslek Sorumluluk Sigortas\u0131 &#8211; Betriebs\/Berufshaftpflichtversicherung<\/span><\/li>\n<li><span style=\"color: #000000;\">Emlak E\u015fyas\u0131 Sigortas\u0131 &#8211; Sachinhaltsversicherung<\/span><\/li>\n<li><span style=\"color: #000000;\">Gelir Kayb\u0131 Sigortas\u0131 &#8211; Ertagsausfallversicherung<\/span><\/li>\n<li><span style=\"color: #000000;\">Cam K\u0131r\u0131lma Sigortas\u0131 &#8211; Glasbruchversicherung<\/span><\/li>\n<li><span style=\"color: #000000;\">\u0130\u015fyeri Ta\u015f\u0131ma Sigortas\u0131 &#8211; Werkverkehrversicherung<\/span><\/li>\n<\/ol>\n","protected":false},"excerpt":{"rendered":"<p>\u0130\u015f\/Meslek Sorumluluk Sigortas\u0131 &#8211; Betriebs\/Berufshaftpflichtversicherung Emlak E\u015fyas\u0131 Sigortas\u0131 &#8211; Sachinhaltsversicherung Gelir Kayb\u0131 Sigortas\u0131 &#8211; Ertagsausfallversicherung Cam K\u0131r\u0131lma Sigortas\u0131 &#8211; Glasbruchversicherung \u0130\u015fyeri Ta\u015f\u0131ma Sigortas\u0131 &#8211; Werkverkehrversicherung<\/p>\n","protected":false},"author":1,"featured_media":0,"parent":0,"menu_order":0,"comment_status":"closed","ping_status":"closed","template":"","meta":{"footnotes":""},"class_list":["post-379","page","type-page","status-publish","hentry"],"_links":{"self":[{"href":"https:\/\/www.neustartfinanz.com\/index.php\/wp-json\/wp\/v2\/pages\/379","targetHints":{"allow":["GET"]}}],"collection":[{"href":"https:\/\/www.neustartfinanz.com\/index.php\/wp-json\/wp\/v2\/pages"}],"about":[{"href":"https:\/\/www.neustartfinanz.com\/index.php\/wp-json\/wp\/v2\/types\/page"}],"author":[{"embeddable":true,"href":"https:\/\/www.neustartfinanz.com\/index.php\/wp-json\/wp\/v2\/users\/1"}],"replies":[{"embeddable":true,"href":"https:\/\/www.neustartfinanz.com\/index.php\/wp-json\/wp\/v2\/comments?post=379"}],"version-history":[{"count":1,"href":"https:\/\/www.neustartfinanz.com\/index.php\/wp-json\/wp\/v2\/pages\/379\/revisions"}],"predecessor-version":[{"id":380,"href":"https:\/\/www.neustartfinanz.com\/index.php\/wp-json\/wp\/v2\/pages\/379\/revisions\/380"}],"wp:attachment":[{"href":"https:\/\/www.neustartfinanz.com\/index.php\/wp-json\/wp\/v2\/media?parent=379"}],"curies":[{"name":"wp","href":"https:\/\/api.w.org\/{rel}","templated":true}]}}