{"id":356,"date":"2025-09-09T10:07:14","date_gmt":"2025-09-09T10:07:14","guid":{"rendered":"https:\/\/www.neustartfinanz.com\/?page_id=356"},"modified":"2025-09-18T11:52:49","modified_gmt":"2025-09-18T11:52:49","slug":"gelir-kaybi-sigortasi","status":"publish","type":"page","link":"https:\/\/www.neustartfinanz.com\/index.php\/gelir-kaybi-sigortasi\/","title":{"rendered":"Gelir Kayb\u0131 Sigortas\u0131"},"content":{"rendered":"<p class=\"ds-markdown-paragraph\" style=\"text-align: justify;\"><span style=\"color: #000000;\"><strong>Gelir Kayb\u0131 Sigortas\u0131 (Einkommensabsicherung): \u00c7al\u0131\u015fma G\u00fcc\u00fcn\u00fcz Sizi De\u011fil, Siz Onu Kaybetseniz Bile&#8230;<\/strong><\/span><\/p>\n<p class=\"ds-markdown-paragraph\" style=\"text-align: justify;\"><span style=\"color: #000000;\">Almanya&#8217;da eme\u011finizle, azminizle kurdu\u011funuz yeni hayat\u0131n\u0131z, en de\u011ferli varl\u0131\u011f\u0131n\u0131za ba\u011fl\u0131: \u00e7al\u0131\u015fma g\u00fcc\u00fcn\u00fcze. Peki ya bir hastal\u0131k veya kaza nedeniyle bir s\u00fcreli\u011fine bile olsa i\u015finizin ba\u015f\u0131na d\u00f6nemezseniz? Kira, faturalar, ailenizin ihtiya\u00e7lar\u0131&#8230; Hayat\u0131n finansal y\u00fck\u00fcml\u00fcl\u00fckleri siz durdu\u011funuz i\u00e7in durmaz. Bu d\u00fc\u015f\u00fcnce bile i\u00e7inizi bir korkuyla dolduruyor olmal\u0131.<\/span><\/p>\n<p class=\"ds-markdown-paragraph\" style=\"text-align: justify;\"><span style=\"color: #000000;\">Gelir Kayb\u0131 Sigortas\u0131, sizin i\u00e7in sadece bir poli\u00e7e de\u011fil, hayat\u0131n\u0131z\u0131n en zorlu d\u00f6nemlerinde size uzat\u0131lan bir dost elidir. Bu sigorta, \u00e7al\u0131\u015famad\u0131\u011f\u0131n\u0131z d\u00f6nemlerde d\u00fczenli bir gelir sa\u011flayarak, siz sadece sa\u011fl\u0131\u011f\u0131n\u0131za odaklan\u0131n diye var. \u0130yile\u015fme s\u00fcreciniz, maddi endi\u015felerle g\u00f6lgelenmesin.<\/span><\/p>\n<p class=\"ds-markdown-paragraph\" style=\"text-align: justify;\"><span style=\"color: #000000;\"><strong>Neden Gelir Kayb\u0131 Sigortas\u0131 Sizin \u0130\u00e7in Hayati \u00d6nem Ta\u015f\u0131r?<\/strong><\/span><\/p>\n<ul style=\"text-align: justify;\">\n<li>\n<p class=\"ds-markdown-paragraph\"><span style=\"color: #000000;\"><strong>Ailenizin Gelece\u011fini Garanti Alt\u0131na Al\u0131n:<\/strong>\u00a0Kira, kredi, market ve faturalar\u0131n\u0131z \u00f6denmeye devam etsin. Ailenizin ya\u015fam standard\u0131 d\u00fc\u015fmesin.<\/span><\/p>\n<\/li>\n<li>\n<p class=\"ds-markdown-paragraph\"><span style=\"color: #000000;\"><strong>\u0130yile\u015fme S\u00fcrecinize Odaklan\u0131n:<\/strong>\u00a0Maddi kayg\u0131lar duymadan, i\u00e7iniz rahat bir \u015fekilde tedavinize ve sa\u011fl\u0131\u011f\u0131n\u0131za odaklanabilin.<\/span><\/p>\n<\/li>\n<li>\n<p class=\"ds-markdown-paragraph\"><span style=\"color: #000000;\"><strong>Finansal Ba\u011f\u0131ms\u0131zl\u0131\u011f\u0131n\u0131z\u0131 Koruyun:<\/strong>\u00a0Kimseye muhta\u00e7 olmadan, kendi ayaklar\u0131n\u0131z\u0131n \u00fczerinde durmaya devam edin.<\/span><\/p>\n<\/li>\n<li>\n<p class=\"ds-markdown-paragraph\"><span style=\"color: #000000;\"><strong>Almanya&#8217;daki Y\u00fcksek Ya\u015fam Maliyetine Kar\u015f\u0131 Koyun:<\/strong>\u00a0\u00c7al\u0131\u015famad\u0131\u011f\u0131n\u0131zda bile, buradaki y\u00fcksek ya\u015fam maliyetlerini kar\u015f\u0131layacak d\u00fczenli bir geliriniz olsun.<\/span><\/p>\n<\/li>\n<\/ul>\n<p class=\"ds-markdown-paragraph\" style=\"text-align: justify;\"><span style=\"color: #000000;\"><strong>Sa\u011fl\u0131\u011f\u0131n\u0131z\u0131 Kaybetti\u011finizde, Gelece\u011finizi de Kaybetmek Zorunda De\u011filsiniz.<\/strong><\/span><\/p>\n<p class=\"ds-markdown-paragraph\" style=\"text-align: justify;\"><span style=\"color: #000000;\">En de\u011ferli yat\u0131r\u0131m, kendi gelece\u011finize ve huzurunuza yapaca\u011f\u0131n\u0131z yat\u0131r\u0131md\u0131r. Bu zorlu durumu ya\u015fayan onlarca ki\u015fi, &#8220;Ke\u015fke&#8230;&#8221; dememek i\u00e7in bug\u00fcn harekete ge\u00e7ti.<\/span><\/p>\n<p class=\"ds-markdown-paragraph\" style=\"text-align: justify;\"><span style=\"color: #000000;\"><strong>Uzman dan\u0131\u015fmanlar\u0131m\u0131z, sizin i\u00e7in en uygun gelir koruma plan\u0131n\u0131 olu\u015fturmak i\u00e7in haz\u0131r. Hemen teklif al\u0131n, yar\u0131nlar\u0131n\u0131z\u0131 bug\u00fcnden garanti alt\u0131na alman\u0131n huzurunu ya\u015fay\u0131n. Unutmay\u0131n, \u00e7al\u0131\u015fma g\u00fcc\u00fcn\u00fcz ge\u00e7ici olarak sizi terk etse bile, sizin i\u00e7in haz\u0131rlad\u0131\u011f\u0131m\u0131z g\u00fcvence asla terk etmez.<\/strong><\/span><\/p>\n","protected":false},"excerpt":{"rendered":"<p>Gelir Kayb\u0131 Sigortas\u0131 (Einkommensabsicherung): \u00c7al\u0131\u015fma G\u00fcc\u00fcn\u00fcz Sizi De\u011fil, Siz Onu Kaybetseniz Bile&#8230; Almanya&#8217;da eme\u011finizle, azminizle kurdu\u011funuz yeni hayat\u0131n\u0131z, en de\u011ferli varl\u0131\u011f\u0131n\u0131za ba\u011fl\u0131: \u00e7al\u0131\u015fma g\u00fcc\u00fcn\u00fcze. Peki ya bir hastal\u0131k veya kaza nedeniyle bir s\u00fcreli\u011fine bile olsa i\u015finizin ba\u015f\u0131na d\u00f6nemezseniz? Kira, faturalar, ailenizin ihtiya\u00e7lar\u0131&#8230; Hayat\u0131n finansal y\u00fck\u00fcml\u00fcl\u00fckleri siz durdu\u011funuz i\u00e7in durmaz. Bu d\u00fc\u015f\u00fcnce bile i\u00e7inizi bir korkuyla&nbsp;&hellip;<\/p>\n","protected":false},"author":1,"featured_media":489,"parent":0,"menu_order":0,"comment_status":"closed","ping_status":"closed","template":"","meta":{"footnotes":""},"class_list":["post-356","page","type-page","status-publish","has-post-thumbnail","hentry"],"_links":{"self":[{"href":"https:\/\/www.neustartfinanz.com\/index.php\/wp-json\/wp\/v2\/pages\/356","targetHints":{"allow":["GET"]}}],"collection":[{"href":"https:\/\/www.neustartfinanz.com\/index.php\/wp-json\/wp\/v2\/pages"}],"about":[{"href":"https:\/\/www.neustartfinanz.com\/index.php\/wp-json\/wp\/v2\/types\/page"}],"author":[{"embeddable":true,"href":"https:\/\/www.neustartfinanz.com\/index.php\/wp-json\/wp\/v2\/users\/1"}],"replies":[{"embeddable":true,"href":"https:\/\/www.neustartfinanz.com\/index.php\/wp-json\/wp\/v2\/comments?post=356"}],"version-history":[{"count":1,"href":"https:\/\/www.neustartfinanz.com\/index.php\/wp-json\/wp\/v2\/pages\/356\/revisions"}],"predecessor-version":[{"id":357,"href":"https:\/\/www.neustartfinanz.com\/index.php\/wp-json\/wp\/v2\/pages\/356\/revisions\/357"}],"wp:featuredmedia":[{"embeddable":true,"href":"https:\/\/www.neustartfinanz.com\/index.php\/wp-json\/wp\/v2\/media\/489"}],"wp:attachment":[{"href":"https:\/\/www.neustartfinanz.com\/index.php\/wp-json\/wp\/v2\/media?parent=356"}],"curies":[{"name":"wp","href":"https:\/\/api.w.org\/{rel}","templated":true}]}}