{"id":340,"date":"2025-09-09T07:46:41","date_gmt":"2025-09-09T07:46:41","guid":{"rendered":"https:\/\/www.neustartfinanz.com\/?page_id=340"},"modified":"2025-09-09T07:46:41","modified_gmt":"2025-09-09T07:46:41","slug":"mesleki-ozel-sigortalar","status":"publish","type":"page","link":"https:\/\/www.neustartfinanz.com\/index.php\/mesleki-ozel-sigortalar\/","title":{"rendered":"Mesleki \u00d6zel Sigortalar"},"content":{"rendered":"<p style=\"text-align: justify;\"><span style=\"color: #000000;\">Bu sigortalar, belirli meslek gruplar\u0131 i\u00e7in \u00f6zelle\u015ftirilmi\u015f koruma sa\u011flar ve bu ki\u015filerin kar\u015f\u0131la\u015fabilece\u011fi benzersiz risklere y\u00f6neliktir.<\/span><\/p>\n","protected":false},"excerpt":{"rendered":"<p>Bu sigortalar, belirli meslek gruplar\u0131 i\u00e7in \u00f6zelle\u015ftirilmi\u015f koruma sa\u011flar ve bu ki\u015filerin kar\u015f\u0131la\u015fabilece\u011fi benzersiz risklere y\u00f6neliktir.<\/p>\n","protected":false},"author":1,"featured_media":0,"parent":0,"menu_order":0,"comment_status":"closed","ping_status":"closed","template":"","meta":{"footnotes":""},"class_list":["post-340","page","type-page","status-publish","hentry"],"_links":{"self":[{"href":"https:\/\/www.neustartfinanz.com\/index.php\/wp-json\/wp\/v2\/pages\/340","targetHints":{"allow":["GET"]}}],"collection":[{"href":"https:\/\/www.neustartfinanz.com\/index.php\/wp-json\/wp\/v2\/pages"}],"about":[{"href":"https:\/\/www.neustartfinanz.com\/index.php\/wp-json\/wp\/v2\/types\/page"}],"author":[{"embeddable":true,"href":"https:\/\/www.neustartfinanz.com\/index.php\/wp-json\/wp\/v2\/users\/1"}],"replies":[{"embeddable":true,"href":"https:\/\/www.neustartfinanz.com\/index.php\/wp-json\/wp\/v2\/comments?post=340"}],"version-history":[{"count":1,"href":"https:\/\/www.neustartfinanz.com\/index.php\/wp-json\/wp\/v2\/pages\/340\/revisions"}],"predecessor-version":[{"id":341,"href":"https:\/\/www.neustartfinanz.com\/index.php\/wp-json\/wp\/v2\/pages\/340\/revisions\/341"}],"wp:attachment":[{"href":"https:\/\/www.neustartfinanz.com\/index.php\/wp-json\/wp\/v2\/media?parent=340"}],"curies":[{"name":"wp","href":"https:\/\/api.w.org\/{rel}","templated":true}]}}