{"id":333,"date":"2025-09-09T07:38:33","date_gmt":"2025-09-09T07:38:33","guid":{"rendered":"https:\/\/www.neustartfinanz.com\/?page_id=333"},"modified":"2025-09-09T07:38:33","modified_gmt":"2025-09-09T07:38:33","slug":"yaptirilmasi-yararli-sigortalar","status":"publish","type":"page","link":"https:\/\/www.neustartfinanz.com\/index.php\/yaptirilmasi-yararli-sigortalar\/","title":{"rendered":"Yapt\u0131r\u0131lmas\u0131 Yararl\u0131 Sigortalar"},"content":{"rendered":"<ol>\n<li>Mesleki Maluliyet Sigortas\u0131 (Berufsunf\u00e4higkeitsversicherung)<\/li>\n<li><a href=\"https:\/\/www.neustartfinanz.com\/index.php\/ek-saglik-sigortasi-krankenzusatzversicherung\/\">Ek Sa\u011fl\u0131k Sigortas\u0131 (Krankenzusatzversicherungen)<\/a><\/li>\n<\/ol>\n\n\n<p><\/p>\n","protected":false},"excerpt":{"rendered":"<p>Mesleki Maluliyet Sigortas\u0131 (Berufsunf\u00e4higkeitsversicherung) Ek Sa\u011fl\u0131k Sigortas\u0131 (Krankenzusatzversicherungen)<\/p>\n","protected":false},"author":1,"featured_media":0,"parent":0,"menu_order":0,"comment_status":"closed","ping_status":"closed","template":"","meta":{"footnotes":""},"class_list":["post-333","page","type-page","status-publish","hentry"],"_links":{"self":[{"href":"https:\/\/www.neustartfinanz.com\/index.php\/wp-json\/wp\/v2\/pages\/333","targetHints":{"allow":["GET"]}}],"collection":[{"href":"https:\/\/www.neustartfinanz.com\/index.php\/wp-json\/wp\/v2\/pages"}],"about":[{"href":"https:\/\/www.neustartfinanz.com\/index.php\/wp-json\/wp\/v2\/types\/page"}],"author":[{"embeddable":true,"href":"https:\/\/www.neustartfinanz.com\/index.php\/wp-json\/wp\/v2\/users\/1"}],"replies":[{"embeddable":true,"href":"https:\/\/www.neustartfinanz.com\/index.php\/wp-json\/wp\/v2\/comments?post=333"}],"version-history":[{"count":1,"href":"https:\/\/www.neustartfinanz.com\/index.php\/wp-json\/wp\/v2\/pages\/333\/revisions"}],"predecessor-version":[{"id":334,"href":"https:\/\/www.neustartfinanz.com\/index.php\/wp-json\/wp\/v2\/pages\/333\/revisions\/334"}],"wp:attachment":[{"href":"https:\/\/www.neustartfinanz.com\/index.php\/wp-json\/wp\/v2\/media?parent=333"}],"curies":[{"name":"wp","href":"https:\/\/api.w.org\/{rel}","templated":true}]}}