{"id":326,"date":"2025-09-09T07:29:11","date_gmt":"2025-09-09T07:29:11","guid":{"rendered":"https:\/\/www.neustartfinanz.com\/?page_id=326"},"modified":"2025-09-09T07:29:11","modified_gmt":"2025-09-09T07:29:11","slug":"saglik-sigortalari","status":"publish","type":"page","link":"https:\/\/www.neustartfinanz.com\/index.php\/saglik-sigortalari\/","title":{"rendered":"Sa\u011fl\u0131k Sigortalar\u0131"},"content":{"rendered":"<ul>\n<li><a href=\"https:\/\/www.neustartfinanz.com\/index.php\/ozel-saglik-sigortasi-krankenvollversicherung\/\">\u00d6zel Sa\u011fl\u0131k Sigortas\u0131 &#8211; Krankenvollversicherung<\/a><\/li>\n<li><a href=\"https:\/\/www.neustartfinanz.com\/index.php\/ek-saglik-sigortasi-krankenzusatzversicherung\/\">Ek Sa\u011fl\u0131k Sigortas\u0131 &#8211; Krankenzusatzversicherung<\/a><\/li>\n<\/ul>\n\n\n<p><\/p>\n","protected":false},"excerpt":{"rendered":"<p>\u00d6zel Sa\u011fl\u0131k Sigortas\u0131 &#8211; Krankenvollversicherung Ek Sa\u011fl\u0131k Sigortas\u0131 &#8211; Krankenzusatzversicherung<\/p>\n","protected":false},"author":1,"featured_media":0,"parent":0,"menu_order":0,"comment_status":"closed","ping_status":"closed","template":"","meta":{"footnotes":""},"class_list":["post-326","page","type-page","status-publish","hentry"],"_links":{"self":[{"href":"https:\/\/www.neustartfinanz.com\/index.php\/wp-json\/wp\/v2\/pages\/326","targetHints":{"allow":["GET"]}}],"collection":[{"href":"https:\/\/www.neustartfinanz.com\/index.php\/wp-json\/wp\/v2\/pages"}],"about":[{"href":"https:\/\/www.neustartfinanz.com\/index.php\/wp-json\/wp\/v2\/types\/page"}],"author":[{"embeddable":true,"href":"https:\/\/www.neustartfinanz.com\/index.php\/wp-json\/wp\/v2\/users\/1"}],"replies":[{"embeddable":true,"href":"https:\/\/www.neustartfinanz.com\/index.php\/wp-json\/wp\/v2\/comments?post=326"}],"version-history":[{"count":1,"href":"https:\/\/www.neustartfinanz.com\/index.php\/wp-json\/wp\/v2\/pages\/326\/revisions"}],"predecessor-version":[{"id":327,"href":"https:\/\/www.neustartfinanz.com\/index.php\/wp-json\/wp\/v2\/pages\/326\/revisions\/327"}],"wp:attachment":[{"href":"https:\/\/www.neustartfinanz.com\/index.php\/wp-json\/wp\/v2\/media?parent=326"}],"curies":[{"name":"wp","href":"https:\/\/api.w.org\/{rel}","templated":true}]}}