{"id":302,"date":"2025-09-08T12:02:50","date_gmt":"2025-09-08T12:02:50","guid":{"rendered":"https:\/\/www.neustartfinanz.com\/?page_id=302"},"modified":"2025-09-08T12:02:50","modified_gmt":"2025-09-08T12:02:50","slug":"ratenkredit-sipsak-kredi","status":"publish","type":"page","link":"https:\/\/www.neustartfinanz.com\/index.php\/ratenkredit-sipsak-kredi\/","title":{"rendered":"Ratenkredit (\u015eip\u015fak Kredi)"},"content":{"rendered":"<h3 style=\"text-align: justify;\"><span style=\"color: #000000;\"><strong>Ratenkredit: Hayat\u0131n\u0131z\u0131 Taksitle \u015eekillendirin, Bug\u00fcn\u00fcn\u00fcz\u00fc Ertelemeyin<\/strong><\/span><\/h3>\n<p class=\"ds-markdown-paragraph\" style=\"text-align: justify;\"><span style=\"color: #000000;\">Almanya\u2019da yeni bir hayat kurmak, b\u00fcy\u00fck umutlar ve ayn\u0131 zamanda beklenmedik ihtiya\u00e7lar getirebilir. Belki aniden bozulan bir laptop, \u00e7ocu\u011funuzun okul i\u00e7in ihtiya\u00e7 duydu\u011fu pahal\u0131 bir kurs ya da T\u00fcrkiye\u2019deki ailenize beklenmedik bir ziyaret&#8230; Bu ihtiya\u00e7lar, b\u00fct\u00e7enizi zorlad\u0131\u011f\u0131nda kendinizi \u00e7aresiz hissetmenize gerek yok.<\/span><\/p>\n<p class=\"ds-markdown-paragraph\" style=\"text-align: justify;\"><span style=\"color: #000000;\">Siz buradaki hayat\u0131n\u0131z\u0131 in\u015fa etmek i\u00e7in \u00e7ok \u00e7al\u0131\u015f\u0131yorsunuz. K\u00fc\u00e7\u00fck hayallerinizi veya acil ihtiya\u00e7lar\u0131n\u0131z\u0131, s\u0131rf finansal engeller y\u00fcz\u00fcnden ertelemek zorunda de\u011filsiniz. Biz, bu m\u00fccadeleyi veren sizler i\u00e7in buraday\u0131z.<\/span><\/p>\n<p class=\"ds-markdown-paragraph\" style=\"text-align: justify;\"><span style=\"color: #000000;\"><strong>Esnek \u00d6deme G\u00fcc\u00fc, \u00d6zg\u00fcr Bir Nefes:<\/strong><\/span><\/p>\n<p class=\"ds-markdown-paragraph\" style=\"text-align: justify;\"><span style=\"color: #000000;\">Almanya\u2019daki kredi sisteminde Schufa, gelir durumu gibi detaylar kafa kar\u0131\u015ft\u0131r\u0131c\u0131 olabilir. Endi\u015felenmeyin. Expat olarak ya\u015fad\u0131\u011f\u0131n\u0131z bu zorluklar\u0131 anl\u0131yor ve size \u00f6zel \u00e7\u00f6z\u00fcmler sunuyoruz.<\/span><\/p>\n<ul style=\"text-align: justify;\">\n<li>\n<p class=\"ds-markdown-paragraph\"><span style=\"color: #000000;\"><strong>Expat Dostu Ba\u015fvuru:<\/strong>\u00a0Schufa skorunuz veya kredi ge\u00e7mi\u015finiz konusunda endi\u015feleriniz mi var? Sizin i\u00e7in en uygun se\u00e7ene\u011fi bulana kadar yan\u0131n\u0131zday\u0131z.<\/span><\/p>\n<\/li>\n<li>\n<p class=\"ds-markdown-paragraph\"><span style=\"color: #000000;\"><strong>\u015eeffaf ve Adil Ko\u015fullar:<\/strong>\u00a0Sabit, s\u00fcrprizsiz ayl\u0131k taksitlerle b\u00fct\u00e7enizi zorlamadan ihtiyac\u0131n\u0131z\u0131 kar\u015f\u0131lay\u0131n. Hi\u00e7bir gizli masraf yok.<\/span><\/p>\n<\/li>\n<li>\n<p class=\"ds-markdown-paragraph\"><span style=\"color: #000000;\"><strong>H\u0131zl\u0131 \u00c7\u00f6z\u00fcm:<\/strong>\u00a0Acil ihtiya\u00e7lar\u0131n\u0131z i\u00e7in h\u0131zl\u0131 ve kolay bir ba\u015fvuru s\u00fcreci. Paran\u0131n k\u0131sa s\u00fcrede hesab\u0131n\u0131zda olmas\u0131n\u0131 sa\u011fl\u0131yoruz.<\/span><\/p>\n<\/li>\n<li>\n<p class=\"ds-markdown-paragraph\"><span style=\"color: #000000;\"><strong>Ki\u015fiye \u00d6zel Plan:<\/strong>\u00a0\u0130htiyac\u0131n\u0131za ve b\u00fct\u00e7enize en uygun taksit plan\u0131n\u0131 birlikte olu\u015fturuyoruz.<\/span><\/p>\n<\/li>\n<\/ul>\n<p class=\"ds-markdown-paragraph\" style=\"text-align: justify;\"><span style=\"color: #000000;\"><strong>Hayat\u0131n\u0131z\u0131n Ak\u0131\u015f\u0131n\u0131 De\u011fi\u015ftirmek \u0130\u00e7in \u0130lk Ad\u0131m\u0131 At\u0131n!<\/strong><\/span><\/p>\n<p class=\"ds-markdown-paragraph\" style=\"text-align: justify;\"><span style=\"color: #000000;\">O ihtiyac\u0131n\u0131z\u0131 kar\u015f\u0131lamak, o hayali ger\u00e7ekle\u015ftirmek i\u00e7in \u201chen\u00fcz de\u011fil\u201d demek zorunda de\u011filsiniz. Dan\u0131\u015fmanlar\u0131m\u0131z, size en uygun taksitli kredi se\u00e7ene\u011fini bulman\u0131z i\u00e7in haz\u0131r.<\/span><\/p>\n<p class=\"ds-markdown-paragraph\" style=\"text-align: justify;\"><span style=\"color: #000000;\"><strong>\u00dccretsiz dan\u0131\u015fmanl\u0131\u011f\u0131m\u0131zdan hemen yararlan\u0131n. Bug\u00fcn\u00fcn ihtiyac\u0131n\u0131 kar\u015f\u0131lay\u0131n, yar\u0131n\u0131n hayalini birlikte kural\u0131m.<\/strong><\/span><\/p>\n","protected":false},"excerpt":{"rendered":"<p>Ratenkredit: Hayat\u0131n\u0131z\u0131 Taksitle \u015eekillendirin, Bug\u00fcn\u00fcn\u00fcz\u00fc Ertelemeyin Almanya\u2019da yeni bir hayat kurmak, b\u00fcy\u00fck umutlar ve ayn\u0131 zamanda beklenmedik ihtiya\u00e7lar getirebilir. Belki aniden bozulan bir laptop, \u00e7ocu\u011funuzun okul i\u00e7in ihtiya\u00e7 duydu\u011fu pahal\u0131 bir kurs ya da T\u00fcrkiye\u2019deki ailenize beklenmedik bir ziyaret&#8230; Bu ihtiya\u00e7lar, b\u00fct\u00e7enizi zorlad\u0131\u011f\u0131nda kendinizi \u00e7aresiz hissetmenize gerek yok. Siz buradaki hayat\u0131n\u0131z\u0131 in\u015fa etmek i\u00e7in \u00e7ok&nbsp;&hellip;<\/p>\n","protected":false},"author":1,"featured_media":0,"parent":0,"menu_order":0,"comment_status":"closed","ping_status":"closed","template":"","meta":{"footnotes":""},"class_list":["post-302","page","type-page","status-publish","hentry"],"_links":{"self":[{"href":"https:\/\/www.neustartfinanz.com\/index.php\/wp-json\/wp\/v2\/pages\/302","targetHints":{"allow":["GET"]}}],"collection":[{"href":"https:\/\/www.neustartfinanz.com\/index.php\/wp-json\/wp\/v2\/pages"}],"about":[{"href":"https:\/\/www.neustartfinanz.com\/index.php\/wp-json\/wp\/v2\/types\/page"}],"author":[{"embeddable":true,"href":"https:\/\/www.neustartfinanz.com\/index.php\/wp-json\/wp\/v2\/users\/1"}],"replies":[{"embeddable":true,"href":"https:\/\/www.neustartfinanz.com\/index.php\/wp-json\/wp\/v2\/comments?post=302"}],"version-history":[{"count":1,"href":"https:\/\/www.neustartfinanz.com\/index.php\/wp-json\/wp\/v2\/pages\/302\/revisions"}],"predecessor-version":[{"id":303,"href":"https:\/\/www.neustartfinanz.com\/index.php\/wp-json\/wp\/v2\/pages\/302\/revisions\/303"}],"wp:attachment":[{"href":"https:\/\/www.neustartfinanz.com\/index.php\/wp-json\/wp\/v2\/media?parent=302"}],"curies":[{"name":"wp","href":"https:\/\/api.w.org\/{rel}","templated":true}]}}