{"id":298,"date":"2025-09-08T11:57:29","date_gmt":"2025-09-08T11:57:29","guid":{"rendered":"https:\/\/www.neustartfinanz.com\/?page_id=298"},"modified":"2025-09-09T06:35:14","modified_gmt":"2025-09-09T06:35:14","slug":"betriebsmittelkredit-isletme-kredisi","status":"publish","type":"page","link":"https:\/\/www.neustartfinanz.com\/index.php\/betriebsmittelkredit-isletme-kredisi\/","title":{"rendered":"Betriebsmittelkredit (\u0130\u015fletme Kredisi)"},"content":{"rendered":"<p style=\"text-align: justify;\"><span style=\"color: #000000;\"><strong>Betriebsmittelkredit: \u0130\u015finizi B\u00fcy\u00fct\u00fcn, Almanya&#8217;daki Hayalinizi Besleyin<\/strong><\/span><\/p>\n<p style=\"text-align: justify;\"><span style=\"color: #000000;\">Buraya, Almanya&#8217;ya, s\u0131f\u0131rdan ba\u015flamak i\u00e7in geldiniz. Sadece bir i\u015f kurmak i\u00e7in de\u011fil, bir hayal kurmak i\u00e7in. Belki bir restoran, bir kuaf\u00f6r, bir nakliye firmas\u0131&#8230; Kendi ayaklar\u0131n\u0131z\u0131n \u00fczerinde durman\u0131n, bu topraklarda kendi izinizi b\u0131rakman\u0131n gururunu ya\u015f\u0131yorsunuz. Ancak b\u00fcy\u00fcmenin \u00f6n\u00fcndeki en b\u00fcy\u00fck engel bazen sermaye eksikli\u011fi olabiliyor. Yeni bir makine, daha geni\u015f bir depo, taze bir malzeme sipari\u015fi&#8230; \u0130\u015fte tam da bu noktada, hayalinize ortak olmak i\u00e7in yan\u0131n\u0131zday\u0131z.<\/span><\/p>\n<p style=\"text-align: justify;\"><span style=\"color: #000000;\"><strong>\u0130\u015finizin \u0130htiya\u00e7lar\u0131n\u0131 Anl\u0131yor, B\u00fcy\u00fcmenize Ortak Oluyoruz:<\/strong><\/span><\/p>\n<p style=\"text-align: justify;\"><span style=\"color: #000000;\">Almanya&#8217;da i\u015fletme kredisi alman\u0131n zorlu \u015fartlar\u0131 sizi y\u0131ld\u0131rmas\u0131n. Schufa, k\u00e2r zarar tablolar\u0131 ve teminat gibi konularda ya\u015fad\u0131\u011f\u0131n\u0131z endi\u015feleri \u00e7ok iyi anl\u0131yoruz. Expat olarak i\u015f d\u00fcnyas\u0131nda kar\u015f\u0131la\u015ft\u0131\u011f\u0131n\u0131z zorluklar\u0131 biliyor ve size \u00f6zel \u00e7\u00f6z\u00fcmler sunuyoruz.<\/span><\/p>\n<ul style=\"text-align: justify;\">\n<li><span style=\"color: #000000;\"><strong>Expat Giri\u015fimcilere \u00d6zel Dan\u0131\u015fmanl\u0131k:<\/strong>\u00a0\u0130\u015f plan\u0131n\u0131z\u0131 birlikte de\u011ferlendiriyor, Schufa ve gelir durumu gibi t\u00fcm detaylar i\u00e7in ki\u015fiye \u00f6zel rehberlik sunuyoruz.<\/span><\/li>\n<li><span style=\"color: #000000;\"><strong>H\u0131zl\u0131 ve Esnak \u00c7\u00f6z\u00fcmler:<\/strong>\u00a0Nakit ak\u0131\u015f\u0131n\u0131z\u0131 s\u0131k\u0131\u015ft\u0131rmayacak, i\u015finizin b\u00fcy\u00fcmesine katk\u0131 sa\u011flayacak esnek \u00f6deme planlar\u0131 ile yan\u0131n\u0131zday\u0131z.<\/span><\/li>\n<li><span style=\"color: #000000;\"><strong>Net ve \u015eeffaf Bir S\u00fcre\u00e7:<\/strong>\u00a0Karma\u015f\u0131k g\u00f6r\u00fcnen t\u00fcm i\u015flemleri sizin i\u00e7in anla\u015f\u0131l\u0131r k\u0131l\u0131yor, hi\u00e7bir s\u00fcrprizle kar\u015f\u0131la\u015fmaman\u0131z\u0131 sa\u011fl\u0131yoruz.<\/span><\/li>\n<li><span style=\"color: #000000;\"><strong>Sizin Dilinizde Destek:<\/strong>\u00a0Anadilinizde ileti\u015fim kurarak, her detay\u0131 eksiksiz anlaman\u0131z\u0131 ve kendinizi g\u00fcvende hissetmenizi sa\u011fl\u0131yoruz.<\/span><\/li>\n<\/ul>\n<p style=\"text-align: justify;\"><span style=\"color: #000000;\"><strong>Hayalinizdeki \u0130\u015fe Giden Yol Buradan Ba\u015fl\u0131yor.<\/strong><\/span><\/p>\n<p style=\"text-align: justify;\"><span style=\"color: #000000;\">Art\u0131k &#8220;ke\u015fke&#8221; demeyi b\u0131rak\u0131n. \u0130\u015finizi b\u00fcy\u00fctmek, yeni yat\u0131r\u0131mlar yapmak i\u00e7in ilk ad\u0131m\u0131 at\u0131n. Uzman dan\u0131\u015fmanlar\u0131m\u0131z, Almanya&#8217;da i\u015fletmenizi b\u00fcy\u00fctmeniz i\u00e7in gereken t\u00fcm s\u00fcre\u00e7te yan\u0131n\u0131zda.<\/span><\/p>\n<p style=\"text-align: justify;\"><span style=\"color: #000000;\"><strong>\u00dccretsiz ve size \u00f6zel dan\u0131\u015fmanl\u0131k randevunuzu olu\u015fturun ve i\u015fletmenizi b\u00fcy\u00fctme hayalini birlikte ger\u00e7e\u011fe d\u00f6n\u00fc\u015ft\u00fcrelim.<\/strong><\/span><\/p>\n<p><span style=\"color: #000000;\">\u0130\u015fleme Kredisi Ba\u015fvurusunda \u0130stenen Bilgiler:<\/span><\/p>\n<ul>\n<li><span style=\"color: #000000;\">Vade<\/span><\/li>\n<li><span style=\"color: #000000;\">Tutar<\/span><\/li>\n<li><span style=\"color: #000000;\">\u0130\u015fletmenin Kurulu\u015f Tarihi<\/span><\/li>\n<li><span style=\"color: #000000;\">\u0130leti\u015fim Bilgisi<\/span><\/li>\n<\/ul>\n","protected":false},"excerpt":{"rendered":"<p>Betriebsmittelkredit: \u0130\u015finizi B\u00fcy\u00fct\u00fcn, Almanya&#8217;daki Hayalinizi Besleyin Buraya, Almanya&#8217;ya, s\u0131f\u0131rdan ba\u015flamak i\u00e7in geldiniz. Sadece bir i\u015f kurmak i\u00e7in de\u011fil, bir hayal kurmak i\u00e7in. Belki bir restoran, bir kuaf\u00f6r, bir nakliye firmas\u0131&#8230; Kendi ayaklar\u0131n\u0131z\u0131n \u00fczerinde durman\u0131n, bu topraklarda kendi izinizi b\u0131rakman\u0131n gururunu ya\u015f\u0131yorsunuz. Ancak b\u00fcy\u00fcmenin \u00f6n\u00fcndeki en b\u00fcy\u00fck engel bazen sermaye eksikli\u011fi olabiliyor. Yeni bir makine, daha&nbsp;&hellip;<\/p>\n","protected":false},"author":1,"featured_media":0,"parent":0,"menu_order":0,"comment_status":"closed","ping_status":"closed","template":"","meta":{"footnotes":""},"class_list":["post-298","page","type-page","status-publish","hentry"],"_links":{"self":[{"href":"https:\/\/www.neustartfinanz.com\/index.php\/wp-json\/wp\/v2\/pages\/298","targetHints":{"allow":["GET"]}}],"collection":[{"href":"https:\/\/www.neustartfinanz.com\/index.php\/wp-json\/wp\/v2\/pages"}],"about":[{"href":"https:\/\/www.neustartfinanz.com\/index.php\/wp-json\/wp\/v2\/types\/page"}],"author":[{"embeddable":true,"href":"https:\/\/www.neustartfinanz.com\/index.php\/wp-json\/wp\/v2\/users\/1"}],"replies":[{"embeddable":true,"href":"https:\/\/www.neustartfinanz.com\/index.php\/wp-json\/wp\/v2\/comments?post=298"}],"version-history":[{"count":3,"href":"https:\/\/www.neustartfinanz.com\/index.php\/wp-json\/wp\/v2\/pages\/298\/revisions"}],"predecessor-version":[{"id":310,"href":"https:\/\/www.neustartfinanz.com\/index.php\/wp-json\/wp\/v2\/pages\/298\/revisions\/310"}],"wp:attachment":[{"href":"https:\/\/www.neustartfinanz.com\/index.php\/wp-json\/wp\/v2\/media?parent=298"}],"curies":[{"name":"wp","href":"https:\/\/api.w.org\/{rel}","templated":true}]}}