{"id":294,"date":"2025-09-08T11:50:42","date_gmt":"2025-09-08T11:50:42","guid":{"rendered":"https:\/\/www.neustartfinanz.com\/?page_id=294"},"modified":"2025-09-09T06:28:45","modified_gmt":"2025-09-09T06:28:45","slug":"baukredit-konut-kredisi","status":"publish","type":"page","link":"https:\/\/www.neustartfinanz.com\/index.php\/baukredit-konut-kredisi\/","title":{"rendered":"Baukredit (Konut Kredisi)"},"content":{"rendered":"<h3 style=\"text-align: justify;\"><span style=\"color: #000000;\"><strong>Baukredit: Almanya&#8217;da Kendi Evinizin Anahtar\u0131n\u0131 Teslim Al\u0131n<\/strong><\/span><\/h3>\n<p class=\"ds-markdown-paragraph\" style=\"text-align: justify;\"><span style=\"color: #000000;\">Hayat\u0131n\u0131z\u0131 buraya, Almanya&#8217;ya ta\u015f\u0131d\u0131n\u0131z. Emek verdiniz, uyum sa\u011flad\u0131n\u0131z ve kendinize yeni bir hayat kurdunuz. Peki ya bu hayat\u0131n en \u00f6nemli par\u00e7as\u0131 neden hala bir ba\u015fkas\u0131n\u0131n evinde ya\u015fas\u0131n? O kiral\u0131k daireler, sizin de\u011fil. Aidiyetin, g\u00fcvencen ve ger\u00e7ek anlamda &#8220;eve d\u00f6n\u00fc\u015f&#8221;\u00fcn anahtar\u0131, kendi kap\u0131n\u0131z\u0131 a\u00e7maktan ge\u00e7er.<\/span><\/p>\n<p class=\"ds-markdown-paragraph\" style=\"text-align: justify;\"><span style=\"color: #000000;\">Kendi duvarlar\u0131n\u0131z\u0131n aras\u0131nda \u00e7ocuklar\u0131n\u0131z\u0131n kahkahalar\u0131n\u0131n yank\u0131lanmas\u0131n\u0131, misafirlerinizi kendi sofran\u0131zda a\u011f\u0131rlaman\u0131n gururunu ve d\u00fcnyan\u0131n tela\u015f\u0131n\u0131n d\u0131\u015f\u0131nda, sadece size ait olan o huzur dolu s\u0131\u011f\u0131na\u011f\u0131 hayal edin. Bu hayal, sand\u0131\u011f\u0131n\u0131zdan \u00e7ok daha yak\u0131n\u0131n\u0131zda.<\/span><\/p>\n<p class=\"ds-markdown-paragraph\" style=\"text-align: justify;\"><span style=\"color: #000000;\"><strong>Almanya&#8217;da Bir Ev Sahibi Olmak Hayal De\u011fil:<\/strong><\/span><\/p>\n<p class=\"ds-markdown-paragraph\" style=\"text-align: justify;\"><span style=\"color: #000000;\">Almanya&#8217;da konut kredisi alman\u0131n zorlu kurallar\u0131, Schufa ve sabit gelir \u015fartlar\u0131 sizi \u00fcrk\u00fctmesin. Biz, buraya emek vermeye gelenlerin hikayesini biliyor ve anl\u0131yoruz. Amac\u0131m\u0131z, bu b\u00fcy\u00fck ad\u0131m\u0131 atman\u0131z\u0131n \u00f6n\u00fcndeki finansal engelleri birlikte kald\u0131rmak.<\/span><\/p>\n<ul style=\"text-align: justify;\">\n<li>\n<p class=\"ds-markdown-paragraph\"><span style=\"color: #000000;\"><strong>Expat&#8217;lara \u00d6zel Dan\u0131\u015fmanl\u0131k:<\/strong>\u00a0Schufa, daimi oturum izni ve gelir durumu gibi t\u00fcm karma\u015f\u0131k detaylar i\u00e7in ki\u015fiye \u00f6zel rehberlik sunuyoruz.<\/span><\/p>\n<\/li>\n<li>\n<p class=\"ds-markdown-paragraph\"><span style=\"color: #000000;\"><strong>Almanya \u00c7ap\u0131nda En Uygun Faiz Oranlar\u0131:<\/strong>\u00a0Sizin i\u00e7in en iyi ko\u015fullu krediyi bulana kadar geni\u015f bir banka a\u011f\u0131yla \u00e7al\u0131\u015f\u0131yoruz.<\/span><\/p>\n<\/li>\n<li>\n<p class=\"ds-markdown-paragraph\"><span style=\"color: #000000;\"><strong>Net ve \u015eeffaf Bir S\u00fcre\u00e7:<\/strong>\u00a0Karma\u015f\u0131k g\u00f6r\u00fcnen t\u00fcm i\u015flemleri sizin i\u00e7in anla\u015f\u0131l\u0131r k\u0131l\u0131yor, hi\u00e7bir s\u00fcrprizle kar\u015f\u0131la\u015fmaman\u0131z\u0131 sa\u011fl\u0131yoruz.<\/span><\/p>\n<\/li>\n<li>\n<p class=\"ds-markdown-paragraph\"><span style=\"color: #000000;\"><strong>Sizin Dilinizde Destek:<\/strong>\u00a0Anadilinizde ileti\u015fim kurarak, her detay\u0131 eksiksiz anlaman\u0131z\u0131 ve kendinizi g\u00fcvende hissetmenizi sa\u011fl\u0131yoruz.<\/span><\/p>\n<\/li>\n<\/ul>\n<p class=\"ds-markdown-paragraph\" style=\"text-align: justify;\"><span style=\"color: #000000;\"><strong>Hayalinizdeki Eve Giden Yol Buradan Ba\u015fl\u0131yor.<\/strong><\/span><\/p>\n<p class=\"ds-markdown-paragraph\" style=\"text-align: justify;\"><span style=\"color: #000000;\">Art\u0131k &#8220;ke\u015fke&#8221; demeyi b\u0131rak\u0131n. Kendi evinizdeki ilk kahvenizin keyfini \u00e7\u0131karmak, duvarlar\u0131n\u0131za istedi\u011finiz rengi vermek i\u00e7in ilk ad\u0131m\u0131 at\u0131n.<\/span><\/p>\n<p class=\"ds-markdown-paragraph\" style=\"text-align: justify;\"><span style=\"color: #000000;\"><strong>Uzman dan\u0131\u015fmanlar\u0131m\u0131z, Almanya&#8217;da kendi evinize kavu\u015fman\u0131z i\u00e7in gereken t\u00fcm s\u00fcre\u00e7te yan\u0131n\u0131zda. \u00dccretsiz ve size \u00f6zel dan\u0131\u015fmanl\u0131k randevunuzu olu\u015fturun ve yuvan\u0131z\u0131 kurma hayalini birlikte ger\u00e7e\u011fe d\u00f6n\u00fc\u015ft\u00fcrelim.<\/strong><\/span><\/p>\n<p><span style=\"color: #000000;\">Konut Kredisi ba\u015fvurusunda istenen bilgiler:<\/span><\/p>\n<ul>\n<li><span style=\"color: #000000;\">Vade<\/span><\/li>\n<li><span style=\"color: #000000;\">Ev Sat\u0131\u015f Tutar\u0131<\/span><\/li>\n<li><span style=\"color: #000000;\">Neben Kosten Tutar\u0131<\/span><\/li>\n<li><span style=\"color: #000000;\">Kullan\u0131lmak istenen kredi tutar\u0131 maksimum sat\u0131\u015f tutar\u0131 olmal\u0131d\u0131r <em>Neben Kosten<\/em> nakit verilmelidir.<\/span><\/li>\n<li><span style=\"color: #000000;\">Net Maa\u015f<\/span><\/li>\n<li><span style=\"color: #000000;\">Telefon<\/span><\/li>\n<li><span style=\"color: #000000;\">\u0130sim Soy \u0130sim<\/span><\/li>\n<li><span style=\"color: #000000;\">Meslek<\/span><\/li>\n<li><span style=\"color: #000000;\">Kalan Oturum \u0130zin S\u00fcresi<\/span><\/li>\n<\/ul>\n","protected":false},"excerpt":{"rendered":"<p>Baukredit: Almanya&#8217;da Kendi Evinizin Anahtar\u0131n\u0131 Teslim Al\u0131n Hayat\u0131n\u0131z\u0131 buraya, Almanya&#8217;ya ta\u015f\u0131d\u0131n\u0131z. Emek verdiniz, uyum sa\u011flad\u0131n\u0131z ve kendinize yeni bir hayat kurdunuz. Peki ya bu hayat\u0131n en \u00f6nemli par\u00e7as\u0131 neden hala bir ba\u015fkas\u0131n\u0131n evinde ya\u015fas\u0131n? O kiral\u0131k daireler, sizin de\u011fil. Aidiyetin, g\u00fcvencen ve ger\u00e7ek anlamda &#8220;eve d\u00f6n\u00fc\u015f&#8221;\u00fcn anahtar\u0131, kendi kap\u0131n\u0131z\u0131 a\u00e7maktan ge\u00e7er. Kendi duvarlar\u0131n\u0131z\u0131n aras\u0131nda \u00e7ocuklar\u0131n\u0131z\u0131n&nbsp;&hellip;<\/p>\n","protected":false},"author":1,"featured_media":0,"parent":0,"menu_order":0,"comment_status":"closed","ping_status":"closed","template":"","meta":{"footnotes":""},"class_list":["post-294","page","type-page","status-publish","hentry"],"_links":{"self":[{"href":"https:\/\/www.neustartfinanz.com\/index.php\/wp-json\/wp\/v2\/pages\/294","targetHints":{"allow":["GET"]}}],"collection":[{"href":"https:\/\/www.neustartfinanz.com\/index.php\/wp-json\/wp\/v2\/pages"}],"about":[{"href":"https:\/\/www.neustartfinanz.com\/index.php\/wp-json\/wp\/v2\/types\/page"}],"author":[{"embeddable":true,"href":"https:\/\/www.neustartfinanz.com\/index.php\/wp-json\/wp\/v2\/users\/1"}],"replies":[{"embeddable":true,"href":"https:\/\/www.neustartfinanz.com\/index.php\/wp-json\/wp\/v2\/comments?post=294"}],"version-history":[{"count":4,"href":"https:\/\/www.neustartfinanz.com\/index.php\/wp-json\/wp\/v2\/pages\/294\/revisions"}],"predecessor-version":[{"id":308,"href":"https:\/\/www.neustartfinanz.com\/index.php\/wp-json\/wp\/v2\/pages\/294\/revisions\/308"}],"wp:attachment":[{"href":"https:\/\/www.neustartfinanz.com\/index.php\/wp-json\/wp\/v2\/media?parent=294"}],"curies":[{"name":"wp","href":"https:\/\/api.w.org\/{rel}","templated":true}]}}