{"id":287,"date":"2025-09-08T11:42:03","date_gmt":"2025-09-08T11:42:03","guid":{"rendered":"https:\/\/www.neustartfinanz.com\/?page_id=287"},"modified":"2025-09-09T06:48:36","modified_gmt":"2025-09-09T06:48:36","slug":"modernisierungskredit-tadilat-kredisi","status":"publish","type":"page","link":"https:\/\/www.neustartfinanz.com\/index.php\/modernisierungskredit-tadilat-kredisi\/","title":{"rendered":"Modernisierungskredit (Tadilat Kredisi)"},"content":{"rendered":"<p style=\"text-align: justify;\"><span style=\"color: #000000;\"><strong>Modernisierungskredit: Evinizi Yenileyin, Yuvan\u0131z\u0131 G\u00fc\u00e7lendirin<\/strong><\/span><\/p>\n<p style=\"text-align: justify;\"><span style=\"color: #000000;\">Almanya&#8217;da kiralad\u0131\u011f\u0131n\u0131z ya da sat\u0131n ald\u0131\u011f\u0131n\u0131z o ev, sadece d\u00f6rt duvardan ibaret de\u011fil. O, g\u00fcn\u00fcn yorgunlu\u011funu att\u0131\u011f\u0131n\u0131z, sevdiklerinizle kahkahalar\u0131n yank\u0131land\u0131\u011f\u0131, an\u0131lar biriktirdi\u011finiz yuvan\u0131z. Belki mutfa\u011f\u0131n\u0131z art\u0131k size \u00e7ok eski geliyor, belki banyoda dinlenmek istiyorsunuz veya \u00e7ocu\u011funuzun kendi odas\u0131nda hayal kurmas\u0131n\u0131&#8230;<\/span><\/p>\n<p style=\"text-align: justify;\"><span style=\"color: #000000;\">Ancak &#8220;bir g\u00fcn&#8221; demek, o hayali hep ileri atmak zorunda de\u011filsiniz. O mutfa\u011f\u0131 yenilemenin, banyoyu geni\u015fletmenin veya balkonda ak\u015fam yemeklerinin keyfini \u00e7\u0131karman\u0131n zaman\u0131 geldi. Yuvan\u0131z, sizin tarz\u0131n\u0131z\u0131 ve s\u0131cakl\u0131\u011f\u0131n\u0131z\u0131 yans\u0131ts\u0131n.<\/span><\/p>\n<p style=\"text-align: justify;\"><span style=\"color: #000000;\"><strong>Hayalinizdeki Yuva \u0130\u00e7in Birlikte \u00c7al\u0131\u015fal\u0131m:<\/strong><\/span><\/p>\n<p style=\"text-align: justify;\"><span style=\"color: #000000;\">Tadilat\u0131n maliyeti sizi endi\u015felendirmesin. Almanya&#8217;daki finansal sistemde Schufa, gelir durumu gibi konularda zorlanabilece\u011finizi \u00e7ok iyi anl\u0131yoruz. Amac\u0131m\u0131z, hayallerinizi ertelemenize engel olan finansal zorluklar\u0131 birlikte a\u015fmak.<\/span><\/p>\n<ul style=\"text-align: justify;\">\n<li><span style=\"color: #000000;\"><strong>Tadilata \u00d6zel \u00c7\u00f6z\u00fcmler:<\/strong>\u00a0\u0130ster k\u00fc\u00e7\u00fck bir yenileme, ister kapsaml\u0131 bir tadilat olsun, ihtiyac\u0131n\u0131za uygun esnek kredi se\u00e7enekleri sunuyoruz.<\/span><\/li>\n<li><span style=\"color: #000000;\"><strong>Sizin \u0130\u00e7in Kolayl\u0131k:<\/strong>\u00a0Schufa ve gelir ge\u00e7mi\u015finizle ilgili endi\u015felerinizi anl\u0131yoruz. Size \u00f6zel dan\u0131\u015fmanl\u0131kla en uygun se\u00e7ene\u011fi birlikte bulal\u0131m.<\/span><\/li>\n<li><span style=\"color: #000000;\"><strong>H\u0131zl\u0131 ve Stressiz Ba\u015fvuru:<\/strong>\u00a0Karma\u015f\u0131k i\u015flemleri sizin i\u00e7in sadele\u015ftiriyor, tadilat heyecan\u0131n\u0131z\u0131 finansal stresle g\u00f6lgelemiyoruz.<\/span><\/li>\n<li><span style=\"color: #000000;\"><strong>Uygun \u00d6deme Planlar\u0131:<\/strong>\u00a0B\u00fct\u00e7enize uygun, sizi zorlamayacak ayl\u0131k \u00f6deme planlar\u0131 ile hayalinizdeki yuvaya kavu\u015fman\u0131z\u0131 sa\u011fl\u0131yoruz.<\/span><\/li>\n<\/ul>\n<p style=\"text-align: justify;\"><span style=\"color: #000000;\"><strong>Yuvan\u0131z\u0131 G\u00fczelle\u015ftirmek \u0130\u00e7in \u0130lk Ad\u0131m\u0131 At\u0131n!<\/strong><\/span><\/p>\n<p style=\"text-align: justify;\"><span style=\"color: #000000;\">O mutfakta ailenizle birlikte yemek yapman\u0131n, yenilenmi\u015f banyoda rahatlaman\u0131n veya misafirlerinizi gururla a\u011f\u0131rlaman\u0131n hayalini kurun. Art\u0131k bunlar hayal olmaktan \u00e7\u0131ks\u0131n.<\/span><\/p>\n<p style=\"text-align: justify;\"><span style=\"color: #000000;\"><strong>Dan\u0131\u015fmanlar\u0131m\u0131z, yuvan\u0131z\u0131 g\u00fczelle\u015ftirmeniz i\u00e7in size en uygun kredi se\u00e7ene\u011fini bulmak i\u00e7in haz\u0131r. \u00dccretsiz dan\u0131\u015fmanl\u0131\u011f\u0131m\u0131zdan hemen yararlan\u0131n ve yuvan\u0131za hak etti\u011fi de\u011feri katman\u0131n ilk ad\u0131m\u0131n\u0131 at\u0131n.<\/strong><\/span><\/p>\n<p><span style=\"color: #000000;\">Tadilat Kredisi Ba\u015fvurusunda \u0130stenen Bilgiler:<\/span><\/p>\n<ul>\n<li><span style=\"color: #000000;\">Tadilat kredisi i\u00e7in en fazla 100.000 Euro kredi sa\u011flanmaktad\u0131r.<\/span><\/li>\n<li><span style=\"color: #000000;\">Vade<\/span><\/li>\n<li><span style=\"color: #000000;\">Tutar<\/span><\/li>\n<li><span style=\"color: #000000;\">Net maa\u015f<\/span><\/li>\n<li><span style=\"color: #000000;\">Telefon<\/span><\/li>\n<li><span style=\"color: #000000;\">Kredi talep edenin ad\u0131 soyad\u0131<\/span><\/li>\n<li><span style=\"color: #000000;\">Meslek<\/span><\/li>\n<\/ul>\n\n\n<p><\/p>\n","protected":false},"excerpt":{"rendered":"<p>Modernisierungskredit: Evinizi Yenileyin, Yuvan\u0131z\u0131 G\u00fc\u00e7lendirin Almanya&#8217;da kiralad\u0131\u011f\u0131n\u0131z ya da sat\u0131n ald\u0131\u011f\u0131n\u0131z o ev, sadece d\u00f6rt duvardan ibaret de\u011fil. O, g\u00fcn\u00fcn yorgunlu\u011funu att\u0131\u011f\u0131n\u0131z, sevdiklerinizle kahkahalar\u0131n yank\u0131land\u0131\u011f\u0131, an\u0131lar biriktirdi\u011finiz yuvan\u0131z. Belki mutfa\u011f\u0131n\u0131z art\u0131k size \u00e7ok eski geliyor, belki banyoda dinlenmek istiyorsunuz veya \u00e7ocu\u011funuzun kendi odas\u0131nda hayal kurmas\u0131n\u0131&#8230; Ancak &#8220;bir g\u00fcn&#8221; demek, o hayali hep ileri atmak zorunda&nbsp;&hellip;<\/p>\n","protected":false},"author":1,"featured_media":0,"parent":0,"menu_order":0,"comment_status":"closed","ping_status":"closed","template":"","meta":{"footnotes":""},"class_list":["post-287","page","type-page","status-publish","hentry"],"_links":{"self":[{"href":"https:\/\/www.neustartfinanz.com\/index.php\/wp-json\/wp\/v2\/pages\/287","targetHints":{"allow":["GET"]}}],"collection":[{"href":"https:\/\/www.neustartfinanz.com\/index.php\/wp-json\/wp\/v2\/pages"}],"about":[{"href":"https:\/\/www.neustartfinanz.com\/index.php\/wp-json\/wp\/v2\/types\/page"}],"author":[{"embeddable":true,"href":"https:\/\/www.neustartfinanz.com\/index.php\/wp-json\/wp\/v2\/users\/1"}],"replies":[{"embeddable":true,"href":"https:\/\/www.neustartfinanz.com\/index.php\/wp-json\/wp\/v2\/comments?post=287"}],"version-history":[{"count":7,"href":"https:\/\/www.neustartfinanz.com\/index.php\/wp-json\/wp\/v2\/pages\/287\/revisions"}],"predecessor-version":[{"id":317,"href":"https:\/\/www.neustartfinanz.com\/index.php\/wp-json\/wp\/v2\/pages\/287\/revisions\/317"}],"wp:attachment":[{"href":"https:\/\/www.neustartfinanz.com\/index.php\/wp-json\/wp\/v2\/media?parent=287"}],"curies":[{"name":"wp","href":"https:\/\/api.w.org\/{rel}","templated":true}]}}