{"id":280,"date":"2025-09-08T08:49:24","date_gmt":"2025-09-08T08:49:24","guid":{"rendered":"https:\/\/www.neustartfinanz.com\/?page_id=280"},"modified":"2025-09-09T07:06:53","modified_gmt":"2025-09-09T07:06:53","slug":"arac-kredisi-autokredit","status":"publish","type":"page","link":"https:\/\/www.neustartfinanz.com\/index.php\/arac-kredisi-autokredit\/","title":{"rendered":"Ara\u00e7 Kredisi (Autokredit)"},"content":{"rendered":"<h3 style=\"text-align: justify;\"><span style=\"color: #000000;\"><strong>Autokredit: \u00d6zg\u00fcrl\u00fc\u011f\u00fcn\u00fcz\u00fcn Anahtar\u0131, Hayallerinizdeki Ara\u00e7 Burada<\/strong><\/span><\/h3>\n<p class=\"ds-markdown-paragraph\" style=\"text-align: justify;\"><span style=\"color: #000000;\">Almanya&#8217;n\u0131n sonsuz otobanlar\u0131nda r\u00fczgar\u0131 hissetmeyi, \u015fehrin ke\u015fmeke\u015finden ka\u00e7\u0131p do\u011fan\u0131n ye\u015filine dalmay\u0131, ailenizle pazar gezintilerinin keyfini \u00e7\u0131karmay\u0131 hayal edin&#8230; Buradaki hayat\u0131n\u0131z, sizi bir yerden bir yere g\u00f6t\u00fcren o g\u00fcvenilir arkada\u015f\u0131n\u0131z olmadan eksik kal\u0131yor, de\u011fil mi?<\/span><\/p>\n<p class=\"ds-markdown-paragraph\" style=\"text-align: justify;\"><span style=\"color: #000000;\">Biz bunu \u00e7ok iyi biliyoruz. Bir evden \u00f6te bir yuva, bir metal y\u0131\u011f\u0131n\u0131ndan fazla bir \u00f6zg\u00fcrl\u00fck arac\u0131d\u0131r araba. Size sadece A noktas\u0131ndan B noktas\u0131na gitmenin de\u011fil; bu topraklarda kendi hikayenizi yazman\u0131n, an\u0131lar biriktirmenin ve aidiyet duygusunu tekerlekler \u00fczerinde hissetmenin konforunu sunar.<\/span><\/p>\n<p class=\"ds-markdown-paragraph\" style=\"text-align: justify;\"><span style=\"color: #000000;\">Ancak bu hayali kurarken finansal detaylar sizi endi\u015felendirmesin. \u0130\u015fte tam da bu y\u00fczden yan\u0131n\u0131zday\u0131z.<\/span><\/p>\n<p class=\"ds-markdown-paragraph\" style=\"text-align: justify;\"><span style=\"color: #000000;\"><strong>Size \u00d6zel Bir Yol \u00c7iziyoruz:<\/strong><\/span><\/p>\n<p class=\"ds-markdown-paragraph\" style=\"text-align: justify;\"><span style=\"color: #000000;\">Almanya&#8217;da kredi notunuz (Schufa) veya gelir ge\u00e7mi\u015finiz konusunda endi\u015feleriniz mi var? Endi\u015felenmeyin. Expat olarak ya\u015fad\u0131\u011f\u0131n\u0131z zorluklar\u0131 anl\u0131yoruz. Size \u00f6zel haz\u0131rlad\u0131\u011f\u0131m\u0131z\u00a0<strong>Autokredit<\/strong>\u00a0\u00e7\u00f6z\u00fcmlerimizle, karma\u015f\u0131k prosed\u00fcrleri sizin i\u00e7in sadele\u015ftiriyoruz.<\/span><\/p>\n<ul style=\"text-align: justify;\">\n<li>\n<p class=\"ds-markdown-paragraph\"><span style=\"color: #000000;\"><strong>Expat Dostu Dan\u0131\u015fmanl\u0131k:<\/strong>\u00a0Schufa, gelir beyan\u0131 ve gerekli belgeler konusunda sizi ad\u0131m ad\u0131m y\u00f6nlendiriyor, ba\u015fvuru s\u00fcrecinizi stressiz hale getiriyoruz.<\/span><\/p>\n<\/li>\n<li>\n<p class=\"ds-markdown-paragraph\"><span style=\"color: #000000;\"><strong>Esnek \u00d6deme Planlar\u0131:<\/strong>\u00a0B\u00fct\u00e7enize uygun, sizi s\u0131kmayacak ayl\u0131k \u00f6deme se\u00e7enekleri sunuyoruz. \u00d6zg\u00fcrl\u00fc\u011f\u00fcn\u00fcz maddi bir y\u00fcke d\u00f6n\u00fc\u015fmesin.<\/span><\/p>\n<\/li>\n<li>\n<p class=\"ds-markdown-paragraph\"><span style=\"color: #000000;\"><strong>En Uygun Faiz Oranlar\u0131:<\/strong>\u00a0Sizin i\u00e7in en uygun ko\u015fullar\u0131 sa\u011flamak i\u00e7in Almanya \u00e7ap\u0131nda onlarca banka ve finans kurumuyla anla\u015fmal\u0131 \u00e7al\u0131\u015f\u0131yoruz.<\/span><\/p>\n<\/li>\n<\/ul>\n<p class=\"ds-markdown-paragraph\" style=\"text-align: justify;\"><span style=\"color: #000000;\"><strong>S\u0131radaki Maceran\u0131z \u0130\u00e7in \u0130lk Ad\u0131m\u0131 At\u0131n!<\/strong><\/span><\/p>\n<p class=\"ds-markdown-paragraph\" style=\"text-align: justify;\"><span style=\"color: #000000;\">O hayalini kurdu\u011funuz aile minib\u00fcs\u00fc, \u015fehir i\u00e7inde kullanaca\u011f\u0131n\u0131z \u015f\u0131k bir hatchback ya da o \u00e7ok sevdi\u011finiz do\u011fa kamplar\u0131 i\u00e7in g\u00fcvenilir bir SUV&#8230; Hayalinizdeki araba art\u0131k \u00e7ok uzakta de\u011fil.<\/span><\/p>\n<p class=\"ds-markdown-paragraph\" style=\"text-align: justify;\"><span style=\"color: #000000;\"><strong>Hayallerinize giden yolda, finansal engelleri birlikte a\u015fal\u0131m.<\/strong>\u00a0Dan\u0131\u015fmanlar\u0131m\u0131z, sizin i\u00e7in en do\u011fru kredi se\u00e7ene\u011fini bulman\u0131z i\u00e7in sizi bekliyor. \u00dccretsiz dan\u0131\u015fmanl\u0131\u011f\u0131m\u0131zdan hemen yararlan\u0131n ve yollara \u00e7\u0131kman\u0131n keyfini \u00e7\u0131karman\u0131n ilk ad\u0131m\u0131n\u0131 at\u0131n.<\/span><\/p>\n<p><span style=\"color: #000000;\">Ara\u00e7 Kredisi Ba\u015fvurusunda \u0130stenen Bilgiler:<\/span><\/p>\n<ul>\n<li><span style=\"color: #000000;\">Arac\u0131n marka ve modeli<\/span><\/li>\n<li><span style=\"color: #000000;\">Vade<\/span><\/li>\n<li><span style=\"color: #000000;\">Tutar<\/span><\/li>\n<li><span style=\"color: #000000;\">Net maa\u015f<\/span><\/li>\n<li><span style=\"color: #000000;\">Telefon<\/span><\/li>\n<li><span style=\"color: #000000;\">Kredi talep edenin ad\u0131 soyad\u0131<\/span><\/li>\n<li><span style=\"color: #000000;\">Meslek<\/span><\/li>\n<\/ul>\n\n\n<p><\/p>\n","protected":false},"excerpt":{"rendered":"<p>Autokredit: \u00d6zg\u00fcrl\u00fc\u011f\u00fcn\u00fcz\u00fcn Anahtar\u0131, Hayallerinizdeki Ara\u00e7 Burada Almanya&#8217;n\u0131n sonsuz otobanlar\u0131nda r\u00fczgar\u0131 hissetmeyi, \u015fehrin ke\u015fmeke\u015finden ka\u00e7\u0131p do\u011fan\u0131n ye\u015filine dalmay\u0131, ailenizle pazar gezintilerinin keyfini \u00e7\u0131karmay\u0131 hayal edin&#8230; Buradaki hayat\u0131n\u0131z, sizi bir yerden bir yere g\u00f6t\u00fcren o g\u00fcvenilir arkada\u015f\u0131n\u0131z olmadan eksik kal\u0131yor, de\u011fil mi? Biz bunu \u00e7ok iyi biliyoruz. Bir evden \u00f6te bir yuva, bir metal y\u0131\u011f\u0131n\u0131ndan fazla bir&nbsp;&hellip;<\/p>\n","protected":false},"author":1,"featured_media":0,"parent":0,"menu_order":0,"comment_status":"closed","ping_status":"closed","template":"","meta":{"footnotes":""},"class_list":["post-280","page","type-page","status-publish","hentry"],"_links":{"self":[{"href":"https:\/\/www.neustartfinanz.com\/index.php\/wp-json\/wp\/v2\/pages\/280","targetHints":{"allow":["GET"]}}],"collection":[{"href":"https:\/\/www.neustartfinanz.com\/index.php\/wp-json\/wp\/v2\/pages"}],"about":[{"href":"https:\/\/www.neustartfinanz.com\/index.php\/wp-json\/wp\/v2\/types\/page"}],"author":[{"embeddable":true,"href":"https:\/\/www.neustartfinanz.com\/index.php\/wp-json\/wp\/v2\/users\/1"}],"replies":[{"embeddable":true,"href":"https:\/\/www.neustartfinanz.com\/index.php\/wp-json\/wp\/v2\/comments?post=280"}],"version-history":[{"count":5,"href":"https:\/\/www.neustartfinanz.com\/index.php\/wp-json\/wp\/v2\/pages\/280\/revisions"}],"predecessor-version":[{"id":322,"href":"https:\/\/www.neustartfinanz.com\/index.php\/wp-json\/wp\/v2\/pages\/280\/revisions\/322"}],"wp:attachment":[{"href":"https:\/\/www.neustartfinanz.com\/index.php\/wp-json\/wp\/v2\/media?parent=280"}],"curies":[{"name":"wp","href":"https:\/\/api.w.org\/{rel}","templated":true}]}}