{"id":272,"date":"2025-09-06T20:09:23","date_gmt":"2025-09-06T20:09:23","guid":{"rendered":"https:\/\/www.neustartfinanz.com\/?page_id=272"},"modified":"2025-09-09T06:51:05","modified_gmt":"2025-09-09T06:51:05","slug":"privatkredit","status":"publish","type":"page","link":"https:\/\/www.neustartfinanz.com\/index.php\/privatkredit\/","title":{"rendered":"Privatkredit"},"content":{"rendered":"<h3 style=\"text-align: justify;\"><span style=\"color: #000000;\"><strong>Hayat\u0131n\u0131zdaki Beklenmedik F\u0131rsatlar\u0131 Ka\u00e7\u0131rmay\u0131n<\/strong><\/span><\/h3>\n<p class=\"ds-markdown-paragraph\" style=\"text-align: justify;\"><span style=\"color: #000000;\">Almanya&#8217;da yeni bir hayat kurmak, heyecan verici oldu\u011fu kadar bazen de beklenmedik mali durumlar\u0131 beraberinde getirebilir. Belki \u00e7ocu\u011funuzun en sevdi\u011fi \u00fcniversiteye kayd\u0131 i\u00e7in, belki en yak\u0131n arkada\u015f\u0131n\u0131z\u0131n T\u00fcrkiye&#8217;deki d\u00fc\u011f\u00fcn\u00fcne kat\u0131lmak i\u00e7in, ya da sizi uzun s\u00fcredir mutsuz eden eski buzdolab\u0131n\u0131z\u0131 nihayet de\u011fi\u015ftirmek i\u00e7in&#8230; Hayat, bize bazen haz\u0131rl\u0131ks\u0131z yakalar.<\/span><\/p>\n<p class=\"ds-markdown-paragraph\" style=\"text-align: justify;\"><span style=\"color: #000000;\">Ancak unutmay\u0131n, beklenmeyen bir f\u0131rsat ya da ihtiya\u00e7, hayallerinizi ertelemek zorunda oldu\u011funuz anlam\u0131na gelmez. Biz, buradaki hayat\u0131n\u0131z\u0131n bir par\u00e7as\u0131 olman\u0131n ne demek oldu\u011funu biliyoruz. Sizin i\u00e7in sadece bir kredi de\u011fil, bir \u00e7\u00f6z\u00fcm orta\u011f\u0131y\u0131z.<\/span><\/p>\n<p class=\"ds-markdown-paragraph\" style=\"text-align: justify;\"><span style=\"color: #000000;\"><strong>Yeni Bir Ba\u015flang\u0131\u00e7 \u0130\u00e7in Yan\u0131n\u0131zday\u0131z:<\/strong><\/span><\/p>\n<p class=\"ds-markdown-paragraph\" style=\"text-align: justify;\"><span style=\"color: #000000;\">Almanya&#8217;daki finansal sistem bazen karma\u015f\u0131k gelebilir. Schufa, sabit gelir ve di\u011fer kriterler konusunda endi\u015feleriniz varsa, yaln\u0131z de\u011filsiniz. Expat olarak ya\u015fad\u0131\u011f\u0131n\u0131z bu zorluklar\u0131 anl\u0131yor ve size \u00f6zel \u00e7\u00f6z\u00fcmler sunuyoruz.<\/span><\/p>\n<ul style=\"text-align: justify;\">\n<li>\n<p class=\"ds-markdown-paragraph\"><span style=\"color: #000000;\"><strong>Expat Dostu Yakla\u015f\u0131m:<\/strong>\u00a0Schufa skorunuz veya kredi ge\u00e7mi\u015finiz konusunda endi\u015felenmeyin. Sizin i\u00e7in en uygun se\u00e7enekleri bulmak i\u00e7in buraday\u0131z.<\/span><\/p>\n<\/li>\n<li>\n<p class=\"ds-markdown-paragraph\"><span style=\"color: #000000;\"><strong>H\u0131zl\u0131 ve \u015eeffaf S\u00fcre\u00e7:<\/strong>\u00a0Karma\u015f\u0131k bankac\u0131l\u0131k i\u015flemlerini sizin i\u00e7in sadele\u015ftiriyor, ba\u015fvuru s\u00fcrecinizi en h\u0131zl\u0131 ve \u015feffaf \u015fekilde y\u00f6netiyoruz.<\/span><\/p>\n<\/li>\n<li>\n<p class=\"ds-markdown-paragraph\"><span style=\"color: #000000;\"><strong>Esnek Geri \u00d6deme Planlar\u0131:<\/strong>\u00a0B\u00fct\u00e7enize uygun, sizi zorlamayacak \u00f6deme se\u00e7enekleriyle hayat\u0131n\u0131za devam etmenizi sa\u011fl\u0131yoruz.<\/span><\/p>\n<\/li>\n<\/ul>\n<p class=\"ds-markdown-paragraph\" style=\"text-align: justify;\"><span style=\"color: #000000;\"><strong>Hayat\u0131n\u0131z\u0131 Ertelemeyin, \u015eimdi Harekete Ge\u00e7in!<\/strong><\/span><\/p>\n<p class=\"ds-markdown-paragraph\" style=\"text-align: justify;\"><span style=\"color: #000000;\">O beklenmedik f\u0131rsat\u0131 ka\u00e7\u0131rmak ya da acil bir ihtiyac\u0131n\u0131z\u0131 ertelemek zorunda de\u011filsiniz. Almanya&#8217;daki hayat\u0131n\u0131zda kar\u015f\u0131n\u0131za \u00e7\u0131kan engelleri birlikte a\u015fal\u0131m.<\/span><\/p>\n<p class=\"ds-markdown-paragraph\" style=\"text-align: justify;\"><span style=\"color: #000000;\"><strong>Dan\u0131\u015fmanlar\u0131m\u0131z, size en uygun kredi se\u00e7ene\u011fini bulman\u0131z i\u00e7in haz\u0131r bekliyor. \u00dccretsiz dan\u0131\u015fmanl\u0131\u011f\u0131m\u0131zdan hemen yararlan\u0131n ve hayat\u0131n\u0131zdaki o \u00f6nemli an\u0131 ka\u00e7\u0131rmay\u0131n.<\/strong><\/span><\/p>\n<p><span style=\"color: #000000;\">Ki\u015fisel (Privatkredit) Kredi Ba\u015fvurusunda \u0130stenen Bilgiler:<\/span><\/p>\n<ul>\n<li><span style=\"color: #000000;\">Vade<\/span><\/li>\n<li><span style=\"color: #000000;\">Tutar<\/span><\/li>\n<li><span style=\"color: #000000;\">Net maa\u015f<\/span><\/li>\n<li><span style=\"color: #000000;\">Telefon<\/span><\/li>\n<li><span style=\"color: #000000;\">Kredi talep edenin ad\u0131 soyad\u0131<\/span><\/li>\n<li><span style=\"color: #000000;\">Meslek<\/span><\/li>\n<li><span style=\"color: #000000;\">Kullan\u0131m amac\u0131<\/span><\/li>\n<\/ul>\n","protected":false},"excerpt":{"rendered":"<p>Hayat\u0131n\u0131zdaki Beklenmedik F\u0131rsatlar\u0131 Ka\u00e7\u0131rmay\u0131n Almanya&#8217;da yeni bir hayat kurmak, heyecan verici oldu\u011fu kadar bazen de beklenmedik mali durumlar\u0131 beraberinde getirebilir. Belki \u00e7ocu\u011funuzun en sevdi\u011fi \u00fcniversiteye kayd\u0131 i\u00e7in, belki en yak\u0131n arkada\u015f\u0131n\u0131z\u0131n T\u00fcrkiye&#8217;deki d\u00fc\u011f\u00fcn\u00fcne kat\u0131lmak i\u00e7in, ya da sizi uzun s\u00fcredir mutsuz eden eski buzdolab\u0131n\u0131z\u0131 nihayet de\u011fi\u015ftirmek i\u00e7in&#8230; Hayat, bize bazen haz\u0131rl\u0131ks\u0131z yakalar. Ancak unutmay\u0131n, beklenmeyen&nbsp;&hellip;<\/p>\n","protected":false},"author":1,"featured_media":0,"parent":0,"menu_order":0,"comment_status":"closed","ping_status":"closed","template":"","meta":{"footnotes":""},"class_list":["post-272","page","type-page","status-publish","hentry"],"_links":{"self":[{"href":"https:\/\/www.neustartfinanz.com\/index.php\/wp-json\/wp\/v2\/pages\/272","targetHints":{"allow":["GET"]}}],"collection":[{"href":"https:\/\/www.neustartfinanz.com\/index.php\/wp-json\/wp\/v2\/pages"}],"about":[{"href":"https:\/\/www.neustartfinanz.com\/index.php\/wp-json\/wp\/v2\/types\/page"}],"author":[{"embeddable":true,"href":"https:\/\/www.neustartfinanz.com\/index.php\/wp-json\/wp\/v2\/users\/1"}],"replies":[{"embeddable":true,"href":"https:\/\/www.neustartfinanz.com\/index.php\/wp-json\/wp\/v2\/comments?post=272"}],"version-history":[{"count":8,"href":"https:\/\/www.neustartfinanz.com\/index.php\/wp-json\/wp\/v2\/pages\/272\/revisions"}],"predecessor-version":[{"id":319,"href":"https:\/\/www.neustartfinanz.com\/index.php\/wp-json\/wp\/v2\/pages\/272\/revisions\/319"}],"wp:attachment":[{"href":"https:\/\/www.neustartfinanz.com\/index.php\/wp-json\/wp\/v2\/media?parent=272"}],"curies":[{"name":"wp","href":"https:\/\/api.w.org\/{rel}","templated":true}]}}