{"id":165,"date":"2025-09-05T19:37:42","date_gmt":"2025-09-05T19:37:42","guid":{"rendered":"https:\/\/www.neustartfinanz.com\/?page_id=165"},"modified":"2025-09-13T13:46:02","modified_gmt":"2025-09-13T13:46:02","slug":"ev-esyasi-ve-cam-sigortasi-hausratversicherung-glasversicherung","status":"publish","type":"page","link":"https:\/\/www.neustartfinanz.com\/index.php\/ev-esyasi-ve-cam-sigortasi-hausratversicherung-glasversicherung\/","title":{"rendered":"Ev E\u015fyas\u0131 ve Cam Sigortas\u0131 (Hausratversicherung &amp; Glasversicherung)"},"content":{"rendered":"<p class=\"ds-markdown-paragraph\" style=\"text-align: justify;\"><span style=\"color: #000000;\">Almanya&#8217;da konutunuzu ve i\u00e7indeki de\u011ferli e\u015fyalar\u0131 beklenmedik risklere kar\u015f\u0131 koruman\u0131n en etkili yolu, Ev E\u015fyas\u0131 Sigortas\u0131 (Hausratversicherung) ve buna ek olarak genellikle sunulan Cam Sigortas\u0131&#8217;d\u0131r (Glasversicherung). Bu sigorta kombinasyonu, evinizdeki mobilya, elektronik e\u015fya, giysi, hal\u0131 ve di\u011fer t\u00fcm ta\u015f\u0131nabilir de\u011ferli e\u015fyalar\u0131n\u0131z\u0131 yang\u0131n, su bask\u0131n\u0131, f\u0131rt\u0131na, h\u0131rs\u0131zl\u0131k ve vandalizm gibi durumlara kar\u015f\u0131 g\u00fcvence alt\u0131na al\u0131r. Cam Sigortas\u0131 ise pencereler, vitrinler, aynalar, seramik ocaklar ve du\u015f kabinleri gibi sabit cam elemanlar\u0131n k\u0131r\u0131lmas\u0131 durumunda ortaya \u00e7\u0131kacak masraflar\u0131 kar\u015f\u0131lar.<\/span><\/p>\n<p class=\"ds-markdown-paragraph\" style=\"text-align: justify;\"><span style=\"color: #000000;\"><strong>\u00d6nemi:<\/strong>\u00a0\u00d6zellikle de\u011ferli e\u015fyalara sahip olan veya yeni ta\u015f\u0131nan expatlar i\u00e7in bu sigorta b\u00fcy\u00fck bir finansal g\u00fcvence sa\u011flar. Bir h\u0131rs\u0131zl\u0131k veya yang\u0131n durumunda t\u00fcm e\u015fyalar\u0131n yeniden al\u0131nmas\u0131 gerekti\u011finde, masraflar \u00e7ok y\u00fcksek olabilir. Benzer \u015fekilde, \u00f6zellikle \u00e7ocuklu ailelerde veya kiral\u0131k dairelerde cam k\u0131r\u0131lmas\u0131 s\u0131k kar\u015f\u0131la\u015f\u0131lan ve an\u0131nda y\u00fcksek maliyet getiren bir durumdur. Bu sigorta, bu beklenmedik olaylar kar\u015f\u0131s\u0131nda olu\u015fabilecek ciddi maddi y\u00fckten sizi koruyarak hem maddi hem de manevi anlamda bir rahatl\u0131k sunar.<\/span><\/p>\n<p class=\"ds-markdown-paragraph\" style=\"text-align: justify;\"><span style=\"color: #000000;\"><strong>Kimler Bu Sigortay\u0131 Yapt\u0131rmal\u0131d\u0131r?<\/strong><\/span><br \/>\n<span style=\"color: #000000;\">Bu sigorta \u00f6zellikle a\u015fa\u011f\u0131daki ki\u015filer i\u00e7in olduk\u00e7a \u00f6nemlidir:<\/span><\/p>\n<ul style=\"text-align: justify;\">\n<li>\n<p class=\"ds-markdown-paragraph\"><span style=\"color: #000000;\"><strong>Kiral\u0131k veya kendi m\u00fclk\u00fc bir evde ya\u015fayan herkes,<\/strong><\/span><\/p>\n<\/li>\n<li>\n<p class=\"ds-markdown-paragraph\"><span style=\"color: #000000;\"><strong>De\u011ferli elektronik e\u015fya, mobilya veya sanat eseri gibi e\u015fyalara sahip olan bireyler ve aileler,<\/strong><\/span><\/p>\n<\/li>\n<li>\n<p class=\"ds-markdown-paragraph\"><span style=\"color: #000000;\"><strong>S\u0131k seyahat eden ve evini uzun s\u00fcre bo\u015f b\u0131rakan ki\u015filer,<\/strong><\/span><\/p>\n<\/li>\n<li>\n<p class=\"ds-markdown-paragraph\"><span style=\"color: #000000;\"><strong>\u00d6\u011frenciler<\/strong>\u00a0(e\u011fer de\u011ferli e\u015fyalar\u0131 varsa ve payla\u015f\u0131lan evlerde ya\u015f\u0131yorsa).<\/span><\/p>\n<\/li>\n<\/ul>\n<p class=\"ds-markdown-paragraph\" style=\"text-align: justify;\"><span style=\"color: #000000;\">Sigorta primi, genellikle konutun b\u00fcy\u00fckl\u00fc\u011f\u00fc, bulundu\u011fu yer ve sigortalanmak istenen e\u015fyalar\u0131n toplam de\u011feri gibi fakt\u00f6rlere g\u00f6re belirlenir. Ev E\u015fyas\u0131 Sigortas\u0131 yapt\u0131r\u0131rken, \u00f6zellikle\u00a0<strong>h\u0131rs\u0131zl\u0131\u011fa kar\u015f\u0131 koruma<\/strong>\u00a0(Einbruchdiebstahl) gibi maddelerin poli\u00e7ede a\u00e7\u0131k\u00e7a yer almas\u0131na dikkat etmek ve Cam Sigortas\u0131&#8217;n\u0131 da eklemek, expatlar i\u00e7in Almanya&#8217;ya adapte olma s\u00fcrecinde \u00f6nemli bir g\u00fcvenlik ad\u0131m\u0131 olacakt<\/span><\/p>\n","protected":false},"excerpt":{"rendered":"<p>Almanya&#8217;da konutunuzu ve i\u00e7indeki de\u011ferli e\u015fyalar\u0131 beklenmedik risklere kar\u015f\u0131 koruman\u0131n en etkili yolu, Ev E\u015fyas\u0131 Sigortas\u0131 (Hausratversicherung) ve buna ek olarak genellikle sunulan Cam Sigortas\u0131&#8217;d\u0131r (Glasversicherung). Bu sigorta kombinasyonu, evinizdeki mobilya, elektronik e\u015fya, giysi, hal\u0131 ve di\u011fer t\u00fcm ta\u015f\u0131nabilir de\u011ferli e\u015fyalar\u0131n\u0131z\u0131 yang\u0131n, su bask\u0131n\u0131, f\u0131rt\u0131na, h\u0131rs\u0131zl\u0131k ve vandalizm gibi durumlara kar\u015f\u0131 g\u00fcvence alt\u0131na al\u0131r. Cam&nbsp;&hellip;<\/p>\n","protected":false},"author":1,"featured_media":0,"parent":0,"menu_order":0,"comment_status":"closed","ping_status":"closed","template":"","meta":{"footnotes":""},"class_list":["post-165","page","type-page","status-publish","hentry"],"_links":{"self":[{"href":"https:\/\/www.neustartfinanz.com\/index.php\/wp-json\/wp\/v2\/pages\/165","targetHints":{"allow":["GET"]}}],"collection":[{"href":"https:\/\/www.neustartfinanz.com\/index.php\/wp-json\/wp\/v2\/pages"}],"about":[{"href":"https:\/\/www.neustartfinanz.com\/index.php\/wp-json\/wp\/v2\/types\/page"}],"author":[{"embeddable":true,"href":"https:\/\/www.neustartfinanz.com\/index.php\/wp-json\/wp\/v2\/users\/1"}],"replies":[{"embeddable":true,"href":"https:\/\/www.neustartfinanz.com\/index.php\/wp-json\/wp\/v2\/comments?post=165"}],"version-history":[{"count":2,"href":"https:\/\/www.neustartfinanz.com\/index.php\/wp-json\/wp\/v2\/pages\/165\/revisions"}],"predecessor-version":[{"id":404,"href":"https:\/\/www.neustartfinanz.com\/index.php\/wp-json\/wp\/v2\/pages\/165\/revisions\/404"}],"wp:attachment":[{"href":"https:\/\/www.neustartfinanz.com\/index.php\/wp-json\/wp\/v2\/media?parent=165"}],"curies":[{"name":"wp","href":"https:\/\/api.w.org\/{rel}","templated":true}]}}