{"id":149,"date":"2025-09-05T18:40:02","date_gmt":"2025-09-05T18:40:02","guid":{"rendered":"https:\/\/www.neustartfinanz.com\/?page_id=149"},"modified":"2025-09-15T12:22:07","modified_gmt":"2025-09-15T12:22:07","slug":"ozel-sorumluluk-sigortasi-privathaftpflichtverscherung","status":"publish","type":"page","link":"https:\/\/www.neustartfinanz.com\/index.php\/ozel-sorumluluk-sigortasi-privathaftpflichtverscherung\/","title":{"rendered":"\u00d6zel Sorumluluk Sigortas\u0131 (Privathaftpflichtverscherung)"},"content":{"rendered":"<p class=\"ds-markdown-paragraph\" style=\"text-align: justify;\"><span style=\"color: #000000;\">Almanya&#8217;da ya\u015fayan herkes i\u00e7in en temel ve vazge\u00e7ilmez sigortalardan biri \u00d6zel Sorumluluk Sigortas\u0131&#8217;d\u0131r. Bu sigorta, g\u00fcnl\u00fck hayatta istemeden de olsa ba\u015fka birine verebilece\u011finiz maddi ve manevi zararlar\u0131 (\u015fah\u0131s, m\u00fclk veya mali zararlar) g\u00fcvence alt\u0131na al\u0131r. \u00d6rne\u011fin, bir arkada\u015f\u0131n\u0131z\u0131n de\u011ferli elektronik e\u015fyas\u0131n\u0131 d\u00fc\u015f\u00fcr\u00fcp k\u0131rman\u0131z, markette bir \u00fcr\u00fcn\u00fc d\u00fc\u015f\u00fcrerek hasara yol a\u00e7man\u0131z veya bisikletinizle bir yayaya \u00e7arpman\u0131z durumunda ortaya \u00e7\u0131kabilecek ve maliyeti \u00e7ok y\u00fcksek olabilen tazminat taleplerine kar\u015f\u0131 sizi korur.<\/span><\/p>\n<p class=\"ds-markdown-paragraph\" style=\"text-align: justify;\"><span style=\"color: #000000;\"><strong>\u00d6nemi:<\/strong> Bu sigorta olmadan, basit ve masum bir dikkatsizlik hayat boyu \u00f6deyemeyece\u011finiz bor\u00e7lara neden olabilir. Almanya hukuk sisteminde, bir ba\u015fkas\u0131na verdi\u011finiz zarar\u0131 tazminat \u00f6demekle y\u00fck\u00fcml\u00fcs\u00fcn\u00fczd\u00fcr ve bu tazminatlar y\u00fczbinlerce Euro&#8217;yu bulabilir. Privathaftpflichtversicherung, bu finansal riski k\u00fc\u00e7\u00fck bir y\u0131ll\u0131k prim kar\u015f\u0131l\u0131\u011f\u0131nda sigorta \u015firketine devrederek sizi iflas riskinden korur. Bu nedenle, yasal zorunlulu\u011fu olmamas\u0131na ra\u011fmen, Almanya&#8217;da ya\u015faman\u0131n olmazsa olmaz\u0131 olarak kabul edilir.<\/span><\/p>\n<p class=\"ds-markdown-paragraph\" style=\"text-align: justify;\"><span style=\"color: #000000;\"><strong>Kimler Bu Sigortay\u0131 Yapt\u0131rmal\u0131d\u0131r?<\/strong><\/span><br \/>\n<span style=\"color: #000000;\">Almanya&#8217;da ikamet eden veya ge\u00e7ici olarak bulunan\u00a0<strong>neredeyse herkes<\/strong>\u00a0bu sigortay\u0131 yapt\u0131rmal\u0131d\u0131r. \u00d6zellikle:<\/span><\/p>\n<ul style=\"text-align: justify;\">\n<li>\n<p class=\"ds-markdown-paragraph\"><span style=\"color: #000000;\"><strong>T\u00fcm yeti\u015fkin bireyler,<\/strong><\/span><\/p>\n<\/li>\n<li>\n<p class=\"ds-markdown-paragraph\"><span style=\"color: #000000;\"><strong>\u00d6\u011frenciler<\/strong>\u00a0(aile poli\u00e7esine dahil de\u011fillerse),<\/span><\/p>\n<\/li>\n<li>\n<p class=\"ds-markdown-paragraph\"><span style=\"color: #000000;\"><strong>Ev sahipleri<\/strong>\u00a0(kirac\u0131lar\u0131n yan\u0131s\u0131ra),<\/span><\/p>\n<\/li>\n<li>\n<p class=\"ds-markdown-paragraph\"><span style=\"color: #000000;\"><strong>Stajyerler ve<\/strong><\/span><\/p>\n<\/li>\n<li>\n<p class=\"ds-markdown-paragraph\"><span style=\"color: #000000;\"><strong>Hane olarak ya\u015fayan \u00e7iftler ve aileler<\/strong>\u00a0i\u00e7in hayati \u00f6nem ta\u015f\u0131r.<\/span><\/p>\n<\/li>\n<\/ul>\n<p class=\"ds-markdown-paragraph\" style=\"text-align: justify;\"><span style=\"color: #000000;\">Genellikle aile poli\u00e7eleri, e\u015fleri ve \u00e7ocuklar\u0131 da kapsayacak \u015fekilde d\u00fczenlenir. Sigorta se\u00e7erken, y\u0131ll\u0131k primi d\u00fc\u015f\u00fck olan ancak kapsam\u0131 geni\u015f (en az 50 milyon Euro teminat limiti olan) bir poli\u00e7e se\u00e7mek ve \u00f6zellikle evcil hayvan sahipleri veya belirli hobileri olanlar i\u00e7in ek teminatlar\u0131 g\u00f6z \u00f6n\u00fcnde bulundurmak \u00f6nemlidir. Bu sigorta, Almanya&#8217;da sorumlu bir ya\u015fam s\u00fcren her bireyin ilk edinmesi gereken g\u00fcvencedir.<\/span><\/p>\n","protected":false},"excerpt":{"rendered":"<p>Almanya&#8217;da ya\u015fayan herkes i\u00e7in en temel ve vazge\u00e7ilmez sigortalardan biri \u00d6zel Sorumluluk Sigortas\u0131&#8217;d\u0131r. Bu sigorta, g\u00fcnl\u00fck hayatta istemeden de olsa ba\u015fka birine verebilece\u011finiz maddi ve manevi zararlar\u0131 (\u015fah\u0131s, m\u00fclk veya mali zararlar) g\u00fcvence alt\u0131na al\u0131r. \u00d6rne\u011fin, bir arkada\u015f\u0131n\u0131z\u0131n de\u011ferli elektronik e\u015fyas\u0131n\u0131 d\u00fc\u015f\u00fcr\u00fcp k\u0131rman\u0131z, markette bir \u00fcr\u00fcn\u00fc d\u00fc\u015f\u00fcrerek hasara yol a\u00e7man\u0131z veya bisikletinizle bir yayaya \u00e7arpman\u0131z&nbsp;&hellip;<\/p>\n","protected":false},"author":1,"featured_media":0,"parent":0,"menu_order":0,"comment_status":"closed","ping_status":"closed","template":"","meta":{"footnotes":""},"class_list":["post-149","page","type-page","status-publish","hentry"],"_links":{"self":[{"href":"https:\/\/www.neustartfinanz.com\/index.php\/wp-json\/wp\/v2\/pages\/149","targetHints":{"allow":["GET"]}}],"collection":[{"href":"https:\/\/www.neustartfinanz.com\/index.php\/wp-json\/wp\/v2\/pages"}],"about":[{"href":"https:\/\/www.neustartfinanz.com\/index.php\/wp-json\/wp\/v2\/types\/page"}],"author":[{"embeddable":true,"href":"https:\/\/www.neustartfinanz.com\/index.php\/wp-json\/wp\/v2\/users\/1"}],"replies":[{"embeddable":true,"href":"https:\/\/www.neustartfinanz.com\/index.php\/wp-json\/wp\/v2\/comments?post=149"}],"version-history":[{"count":4,"href":"https:\/\/www.neustartfinanz.com\/index.php\/wp-json\/wp\/v2\/pages\/149\/revisions"}],"predecessor-version":[{"id":465,"href":"https:\/\/www.neustartfinanz.com\/index.php\/wp-json\/wp\/v2\/pages\/149\/revisions\/465"}],"wp:attachment":[{"href":"https:\/\/www.neustartfinanz.com\/index.php\/wp-json\/wp\/v2\/media?parent=149"}],"curies":[{"name":"wp","href":"https:\/\/api.w.org\/{rel}","templated":true}]}}