{"id":135,"date":"2025-09-05T18:21:05","date_gmt":"2025-09-05T18:21:05","guid":{"rendered":"https:\/\/www.neustartfinanz.com\/?page_id=135"},"modified":"2025-09-26T18:42:03","modified_gmt":"2025-09-26T18:42:03","slug":"ek-saglik-sigortasi-krankenzusatzversicherung","status":"publish","type":"page","link":"https:\/\/www.neustartfinanz.com\/index.php\/ek-saglik-sigortasi-krankenzusatzversicherung\/","title":{"rendered":"Ek Sa\u011fl\u0131k Sigortas\u0131 (Krankenzusatzversicherung)"},"content":{"rendered":"<p class=\"ds-markdown-paragraph\"><span style=\"color: #000000;\"><strong>Krankenzusatzversicherung (Ek Sa\u011fl\u0131k Sigortas\u0131): Mevcut G\u00fcvencenizi M\u00fckemmele Tamamlay\u0131n<\/strong><\/span><\/p>\n<p class=\"ds-markdown-paragraph\"><span style=\"color: #000000;\">Almanya&#8217;da yasal sa\u011fl\u0131k sigortan\u0131z sizi temelde g\u00fcvence alt\u0131na al\u0131r, ancak hayat beklenmedik s\u00fcrprizlerle doludur. Kendinizi ve ailenizi, standart\u0131n \u00f6tesinde bir konfor, h\u0131z ve se\u00e7im \u00f6zg\u00fcrl\u00fc\u011f\u00fc ile korumaya ne dersiniz? Ek Sa\u011fl\u0131k Sigortas\u0131, size \u00f6zel bir sigorta yapt\u0131rmadan, sahip oldu\u011funuz g\u00fcvenceyi en \u00fcst seviyeye ta\u015f\u0131man\u0131n anahtar\u0131d\u0131r.<\/span><\/p>\n<p class=\"ds-markdown-paragraph\"><span style=\"color: #000000;\">Yasal sigortan\u0131z\u0131n size sundu\u011fu temel hizmetlerin yan\u0131 s\u0131ra, \u00f6zel doktor se\u00e7imi, bekleme s\u00fcresi olmadan ameliyat, birinci s\u0131n\u0131f hastane konforu, di\u015f tedavileri ve g\u00f6zl\u00fck gibi ekstralar art\u0131k \u00e7ok daha yak\u0131n\u0131n\u0131zda. Bu sigorta, sa\u011fl\u0131\u011f\u0131n\u0131zda ikinci s\u0131n\u0131f vatanda\u015f olmad\u0131\u011f\u0131n\u0131z\u0131 hissettirmek i\u00e7in var.<\/span><\/p>\n<p class=\"ds-markdown-paragraph\"><span style=\"color: #000000;\"><strong>Neden Ek Sa\u011fl\u0131k Sigortas\u0131 Sizin \u0130\u00e7in En Ak\u0131ll\u0131ca Yat\u0131r\u0131m?<\/strong><\/span><\/p>\n<ul>\n<li>\n<p class=\"ds-markdown-paragraph\"><span style=\"color: #000000;\"><strong>Ekstra Konfor, Minimum Maliyet:<\/strong>\u00a0\u00d6zel sa\u011fl\u0131k sigortas\u0131n\u0131n t\u00fcm ayr\u0131cal\u0131klar\u0131na, \u00e7ok daha uygun maliyetlerle ula\u015f\u0131n.<\/span><\/p>\n<\/li>\n<li>\n<p class=\"ds-markdown-paragraph\"><span style=\"color: #000000;\"><strong>H\u0131z ve \u00d6ncelik:<\/strong>\u00a0Randevu kuyruklar\u0131nda beklemeden, h\u0131zl\u0131 te\u015fhis ve tedavi imkan\u0131.<\/span><\/p>\n<\/li>\n<li>\n<p class=\"ds-markdown-paragraph\"><span style=\"color: #000000;\"><strong>Esnek Paketler:<\/strong>\u00a0\u0130htiyac\u0131n\u0131za g\u00f6re se\u00e7ebilece\u011finiz mod\u00fcler paketler (di\u015f, hastane, g\u00f6zl\u00fck vb.).<\/span><\/p>\n<\/li>\n<\/ul>\n<p class=\"ds-markdown-paragraph\"><span style=\"color: #000000;\"><strong>Sa\u011fl\u0131\u011f\u0131n\u0131z \u0130\u00e7in En Do\u011fru Ekstra&#8217;y\u0131 Se\u00e7in, Yar\u0131n\u0131 Bug\u00fcnden Garanti Alt\u0131na Al\u0131n!<\/strong><\/span><\/p>\n<p class=\"ds-markdown-paragraph\"><span style=\"color: #000000;\">Sa\u011fl\u0131k, hayat\u0131n\u0131z\u0131n en de\u011ferli par\u00e7as\u0131. Onu en iyi \u015fekilde korumak i\u00e7in ataca\u011f\u0131n\u0131z bu ak\u0131ll\u0131 ad\u0131m, gelecekte size konfor ve huzur olarak geri d\u00f6necek. Ek sa\u011fl\u0131k sigortas\u0131 ile ilgili detayl\u0131 bilgi almak ve size \u00f6zel teklifimizi \u00f6\u011frenmek i\u00e7in hemen ileti\u015fime ge\u00e7in. Unutmay\u0131n, sa\u011fl\u0131\u011f\u0131n\u0131za yapaca\u011f\u0131n\u0131z bu k\u00fc\u00e7\u00fck ekstra yat\u0131r\u0131m, hayat kalitenizde dev bir fark yaratacak.<\/span><\/p>\n","protected":false},"excerpt":{"rendered":"<p>Krankenzusatzversicherung (Ek Sa\u011fl\u0131k Sigortas\u0131): Mevcut G\u00fcvencenizi M\u00fckemmele Tamamlay\u0131n Almanya&#8217;da yasal sa\u011fl\u0131k sigortan\u0131z sizi temelde g\u00fcvence alt\u0131na al\u0131r, ancak hayat beklenmedik s\u00fcrprizlerle doludur. Kendinizi ve ailenizi, standart\u0131n \u00f6tesinde bir konfor, h\u0131z ve se\u00e7im \u00f6zg\u00fcrl\u00fc\u011f\u00fc ile korumaya ne dersiniz? Ek Sa\u011fl\u0131k Sigortas\u0131, size \u00f6zel bir sigorta yapt\u0131rmadan, sahip oldu\u011funuz g\u00fcvenceyi en \u00fcst seviyeye ta\u015f\u0131man\u0131n anahtar\u0131d\u0131r. Yasal sigortan\u0131z\u0131n&nbsp;&hellip;<\/p>\n","protected":false},"author":1,"featured_media":0,"parent":0,"menu_order":0,"comment_status":"closed","ping_status":"closed","template":"","meta":{"footnotes":""},"class_list":["post-135","page","type-page","status-publish","hentry"],"_links":{"self":[{"href":"https:\/\/www.neustartfinanz.com\/index.php\/wp-json\/wp\/v2\/pages\/135","targetHints":{"allow":["GET"]}}],"collection":[{"href":"https:\/\/www.neustartfinanz.com\/index.php\/wp-json\/wp\/v2\/pages"}],"about":[{"href":"https:\/\/www.neustartfinanz.com\/index.php\/wp-json\/wp\/v2\/types\/page"}],"author":[{"embeddable":true,"href":"https:\/\/www.neustartfinanz.com\/index.php\/wp-json\/wp\/v2\/users\/1"}],"replies":[{"embeddable":true,"href":"https:\/\/www.neustartfinanz.com\/index.php\/wp-json\/wp\/v2\/comments?post=135"}],"version-history":[{"count":5,"href":"https:\/\/www.neustartfinanz.com\/index.php\/wp-json\/wp\/v2\/pages\/135\/revisions"}],"predecessor-version":[{"id":512,"href":"https:\/\/www.neustartfinanz.com\/index.php\/wp-json\/wp\/v2\/pages\/135\/revisions\/512"}],"wp:attachment":[{"href":"https:\/\/www.neustartfinanz.com\/index.php\/wp-json\/wp\/v2\/media?parent=135"}],"curies":[{"name":"wp","href":"https:\/\/api.w.org\/{rel}","templated":true}]}}