{"id":130,"date":"2025-09-05T18:13:51","date_gmt":"2025-09-05T18:13:51","guid":{"rendered":"https:\/\/www.neustartfinanz.com\/?page_id=130"},"modified":"2025-09-09T07:08:34","modified_gmt":"2025-09-09T07:08:34","slug":"ozel-saglik-sigortasi-krankenvollversicherung","status":"publish","type":"page","link":"https:\/\/www.neustartfinanz.com\/index.php\/ozel-saglik-sigortasi-krankenvollversicherung\/","title":{"rendered":"\u00d6zel Sa\u011fl\u0131k Sigortas\u0131 (Krankenvollversicherung)"},"content":{"rendered":"<p style=\"text-align: justify;\"><span style=\"color: #000000;\"><strong>\u00d6zel Sa\u011fl\u0131k Sigortas\u0131 (Private Krankenvollversicherung): Ailenizin ve Gelece\u011finizin En De\u011ferli Yat\u0131r\u0131m\u0131<\/strong><\/span><\/p>\n<p style=\"text-align: justify;\"><span style=\"color: #000000;\">Almanya&#8217;da sa\u011fl\u0131kl\u0131 bir ya\u015fam kurmak i\u00e7in emek veriyorsunuz. Kariyerinizde y\u00fckselirken, ailenizin gelece\u011fini garanti alt\u0131na al\u0131rken, en de\u011ferli varl\u0131\u011f\u0131n\u0131z\u0131 -sa\u011fl\u0131\u011f\u0131n\u0131z\u0131- ikinci planda b\u0131rakmay\u0131n. \u00d6zel Sa\u011fl\u0131k Sigortas\u0131, sadece bir poli\u00e7e de\u011fil; size ve sevdiklerinize huzur, konfor ve kesintisiz en iyi sa\u011fl\u0131k hizmetine eri\u015fim vaadidir.<\/span><\/p>\n<p style=\"text-align: justify;\"><span style=\"color: #000000;\">Bu topraklarda kendi i\u015fini kuran serbest meslek sahipleri, devlet memurlar\u0131 veya y\u00fcksek gelirli profesyoneller olarak, stat\u00fcn\u00fcze yak\u0131\u015fan esnek, kapsaml\u0131 ve ki\u015fiselle\u015ftirilmi\u015f bir sa\u011fl\u0131k g\u00fcvencesi hayal edin. Bekleme s\u00fcresi olmadan uzman doktor randevular\u0131, \u00f6zel hastanelerde birinci s\u0131n\u0131f tedavi, size \u00f6zel tasarlanm\u0131\u015f prim se\u00e7enekleri\u2026 Art\u0131k sa\u011fl\u0131kla ilgili endi\u015feleri hayat\u0131n\u0131z\u0131n d\u0131\u015f\u0131nda b\u0131rakman\u0131n zaman\u0131 geldi.<\/span><\/p>\n<p style=\"text-align: justify;\"><span style=\"color: #000000;\"><strong>Neden \u00d6zel Sa\u011fl\u0131k Sigortas\u0131 Sizin \u0130\u00e7in En Do\u011fru Tercih?<\/strong><\/span><\/p>\n<ul style=\"text-align: justify;\">\n<li><span style=\"color: #000000;\"><strong>\u00d6zg\u00fcrl\u00fck ve Esneklik:<\/strong>\u00a0\u0130stedi\u011finiz doktoru ve hastaneyi se\u00e7me \u00f6zg\u00fcrl\u00fc\u011f\u00fc. Tedavinizde s\u00f6z sahibi olun.<\/span><\/li>\n<li><span style=\"color: #000000;\"><strong>Kapsaml\u0131 Koruma:<\/strong>\u00a0G\u00f6zl\u00fck, di\u015f tedavisi, alternatif t\u0131p gibi ek hizmetlerle eksiksiz bir g\u00fcvence.<\/span><\/li>\n<li><span style=\"color: #000000;\"><strong>Mali Kontrol:<\/strong>\u00a0Primlerinizi vergiden d\u00fc\u015ferek avantaj sa\u011flarken, beklenmedik sa\u011fl\u0131k masraflar\u0131n\u0131n \u00f6n\u00fcne ge\u00e7in.<\/span><\/li>\n<li><span style=\"color: #000000;\"><strong>H\u0131z ve Konfor:<\/strong>\u00a0Randevu beklemeden, kalabal\u0131k hastane kuyruklar\u0131 olmadan, h\u0131zl\u0131 ve nitelikli sa\u011fl\u0131k hizmeti.<\/span><\/li>\n<\/ul>\n<p style=\"text-align: justify;\"><span style=\"color: #000000;\"><strong>Gelece\u011finizi Garanti Alt\u0131na Al\u0131n, Bug\u00fcn Harekete Ge\u00e7in!<\/strong><\/span><\/p>\n<p style=\"text-align: justify;\"><span style=\"color: #000000;\">Sa\u011fl\u0131\u011f\u0131n\u0131z en de\u011ferli varl\u0131\u011f\u0131n\u0131z. Onu emanet edece\u011finiz do\u011fru sigorta orta\u011f\u0131n\u0131 se\u00e7mek ise kritik bir karar. Size \u00f6zel teklifimizi sunabilmemiz i\u00e7in ileti\u015fim formunu doldurun veya do\u011frudan bizimle ileti\u015fime ge\u00e7in. Ailenizin ve kendi huzurunuz i\u00e7in ilk ad\u0131m\u0131 \u015fimdi at\u0131n.<\/span><\/p>\n\n\n<p><\/p>\n","protected":false},"excerpt":{"rendered":"<p>\u00d6zel Sa\u011fl\u0131k Sigortas\u0131 (Private Krankenvollversicherung): Ailenizin ve Gelece\u011finizin En De\u011ferli Yat\u0131r\u0131m\u0131 Almanya&#8217;da sa\u011fl\u0131kl\u0131 bir ya\u015fam kurmak i\u00e7in emek veriyorsunuz. Kariyerinizde y\u00fckselirken, ailenizin gelece\u011fini garanti alt\u0131na al\u0131rken, en de\u011ferli varl\u0131\u011f\u0131n\u0131z\u0131 -sa\u011fl\u0131\u011f\u0131n\u0131z\u0131- ikinci planda b\u0131rakmay\u0131n. \u00d6zel Sa\u011fl\u0131k Sigortas\u0131, sadece bir poli\u00e7e de\u011fil; size ve sevdiklerinize huzur, konfor ve kesintisiz en iyi sa\u011fl\u0131k hizmetine eri\u015fim vaadidir. Bu topraklarda&nbsp;&hellip;<\/p>\n","protected":false},"author":1,"featured_media":0,"parent":0,"menu_order":0,"comment_status":"closed","ping_status":"closed","template":"","meta":{"footnotes":""},"class_list":["post-130","page","type-page","status-publish","hentry"],"_links":{"self":[{"href":"https:\/\/www.neustartfinanz.com\/index.php\/wp-json\/wp\/v2\/pages\/130","targetHints":{"allow":["GET"]}}],"collection":[{"href":"https:\/\/www.neustartfinanz.com\/index.php\/wp-json\/wp\/v2\/pages"}],"about":[{"href":"https:\/\/www.neustartfinanz.com\/index.php\/wp-json\/wp\/v2\/types\/page"}],"author":[{"embeddable":true,"href":"https:\/\/www.neustartfinanz.com\/index.php\/wp-json\/wp\/v2\/users\/1"}],"replies":[{"embeddable":true,"href":"https:\/\/www.neustartfinanz.com\/index.php\/wp-json\/wp\/v2\/comments?post=130"}],"version-history":[{"count":2,"href":"https:\/\/www.neustartfinanz.com\/index.php\/wp-json\/wp\/v2\/pages\/130\/revisions"}],"predecessor-version":[{"id":323,"href":"https:\/\/www.neustartfinanz.com\/index.php\/wp-json\/wp\/v2\/pages\/130\/revisions\/323"}],"wp:attachment":[{"href":"https:\/\/www.neustartfinanz.com\/index.php\/wp-json\/wp\/v2\/media?parent=130"}],"curies":[{"name":"wp","href":"https:\/\/api.w.org\/{rel}","templated":true}]}}